{"id":1020,"date":"2017-09-06T14:36:41","date_gmt":"2017-09-06T12:36:41","guid":{"rendered":"http:\/\/sistersfemale.com\/femalewarsaw\/?post_type=product&#038;p=1020"},"modified":"2022-05-19T10:59:15","modified_gmt":"2022-05-19T08:59:15","slug":"karta-upominkowa","status":"publish","type":"product","link":"https:\/\/femalestore.pl\/femalewarsaw\/en\/sklep\/karta-upominkowa\/","title":{"rendered":"Gift Card"},"content":{"rendered":"<p>Je\u015bli pragniesz\u00a0podarowa\u0107 bliskiej osobie co\u015b wyj\u0105tkowego, ale nie chcesz ryzykowa\u0107 z wyborem nietrafionego rozmiaru, proponujemy kart\u0119 podarunkow\u0105\u00a0o warto\u015bci od 100 do 500 z\u0142.<\/p>\n<p>Karta jest bonem towarowym na okaziciela. Mo\u017cna j\u0105 wymieni\u0107 na produkt r\u00f3wny lub mniejszy warto\u015bci\u0105 od\u00a0kwoty zapisanej na karcie. Karta jest jedno- b\u0105d\u017a wielorazowego u\u017cytku,\u00a0wa\u017cna przez okres 12 miesi\u0119cy\u00a0od daty jej zakupu w naszym sklepie stacjonarnym w Warszawie oraz w sklepie online. Zakupiona karta nie podlega zwrotowi.<\/p>\n<p>Podczas\u00a0procesu zakupu karty, bardzo prosimy o wpisanie imienia i nazwiska osoby obdarowywanej &#8211; wpisane dane b\u0119d\u0105 stanowi\u0142y unikalny kod umo\u017cliwiaj\u0105cy\u00a0wykorzystanie karty w naszym sklepie internetowym.<\/p>","protected":false},"excerpt":{"rendered":"<p>Je\u015bli pragniesz\u00a0podarowa\u0107 bliskiej osobie co\u015b wyj\u0105tkowego, ale nie chcesz ryzykowa\u0107 z wyborem nietrafionego rozmiaru, proponujemy kart\u0119 podarunkow\u0105\u00a0o warto\u015bci od 100 do 500 z\u0142. Karta jest bonem towarowym na okaziciela. Mo\u017cna j\u0105 wymieni\u0107 na produkt r\u00f3wny lub mniejszy warto\u015bci\u0105 od\u00a0kwoty zapisanej na karcie. Karta jest jedno- b\u0105d\u017a wielorazowego u\u017cytku,\u00a0wa\u017cna przez okres 12 miesi\u0119cy\u00a0od daty jej zakupu [&hellip;]<\/p>\n","protected":false},"featured_media":4632,"comment_status":"open","ping_status":"closed","template":"","meta":[],"product_cat":[16],"product_tag":[],"_links":{"self":[{"href":"https:\/\/femalestore.pl\/femalewarsaw\/en\/wp-json\/wp\/v2\/product\/1020"}],"collection":[{"href":"https:\/\/femalestore.pl\/femalewarsaw\/en\/wp-json\/wp\/v2\/product"}],"about":[{"href":"https:\/\/femalestore.pl\/femalewarsaw\/en\/wp-json\/wp\/v2\/types\/product"}],"replies":[{"embeddable":true,"href":"https:\/\/femalestore.pl\/femalewarsaw\/en\/wp-json\/wp\/v2\/comments?post=1020"}],"wp:featuredmedia":[{"embeddable":true,"href":"https:\/\/femalestore.pl\/femalewarsaw\/en\/wp-json\/wp\/v2\/media\/4632"}],"wp:attachment":[{"href":"https:\/\/femalestore.pl\/femalewarsaw\/en\/wp-json\/wp\/v2\/media?parent=1020"}],"wp:term":[{"taxonomy":"product_cat","embeddable":true,"href":"https:\/\/femalestore.pl\/femalewarsaw\/en\/wp-json\/wp\/v2\/product_cat?post=1020"},{"taxonomy":"product_tag","embeddable":true,"href":"https:\/\/femalestore.pl\/femalewarsaw\/en\/wp-json\/wp\/v2\/product_tag?post=1020"}],"curies":[{"name":"wp","href":"https:\/\/api.w.org\/{rel}","templated":true}]}}