{"id":1492,"date":"2018-05-24T15:00:12","date_gmt":"2018-05-24T13:00:12","guid":{"rendered":"http:\/\/sistersfemale.com\/femalewarsaw\/sklep\/casablanca-maxi\/"},"modified":"2025-07-16T20:53:02","modified_gmt":"2025-07-16T18:53:02","slug":"casablanca-maxi","status":"publish","type":"product","link":"https:\/\/femalestore.pl\/femalewarsaw\/en\/sklep\/casablanca-maxi\/","title":{"rendered":"Casablanca Maxi"},"content":{"rendered":"<p><\/p>\n<ul>\n<li class=\"p1\">Idealny model na formalne przyj\u0119cia i nieformalne spotkania\u00a0z przyjaci\u00f3\u0142mi.<\/li>\n<li class=\"p1\">Sukienka charakteryzuje si\u0119 g\u0142\u0119bokim dekoltem zar\u00f3wno z przodu, jak i na plecach &#8211; tam z detalem w formie pask\u00f3w.<\/li>\n<li class=\"p1\">Prz\u00f3d sukienki oraz sp\u00f3dnica s\u0105\u00a0delikatnie marszczone.<\/li>\n<li class=\"p1\">Produkt nadaje si\u0119 do prania w pralce przy u\u017cyciu programu dla tkanin delikatnych i maksymalnej temperaturze 30 stopni. Rekomendowane pranie r\u0119czne. Prasowa\u0107 przy maksymalnej temperaturze 110 stopni. Nie suszy\u0107 mechanicznie.<\/li>\n<li class=\"p1\">Materia\u0142: \u017cor\u017ceta. Sk\u0142ad: poliester.<\/li>\n<li class=\"p1\">Produkt dost\u0119pny w rozmiarze XS-S-M-L. Na zam\u00f3wienie szyjemy tak\u017ce mniejsze i wi\u0119ksze sukienki.<\/li>\n<li class=\"p1\">Sukienka\u00a0jest wega\u0144ska, szyta r\u0119cznie w Polsce.<\/li>\n<li class=\"p1\">Dost\u0119pne kolory: czarny, granat, bordo, popiel, bia\u0142y, ecru (jasna brzoskwinia), landrynkowy r\u00f3\u017c. Sukienki w ja\u015bniejszych kolorach szyjemy z dw\u00f3ch warst materia\u0142u, przez co s\u0105 odrobin\u0119 ci\u0119\u017csze.<\/li>\n<\/ul>\n<p><\/p>","protected":false},"excerpt":{"rendered":"<p style=\"text-align: left;\">Chcesz zam\u00f3wi\u0107 t\u0119 sukienk\u0119 na wymiar?<br \/>\n<a href=\"https:\/\/femalestore.pl\/femalewarsaw\/kontakt\/\">Napisz do nas!<\/a><\/p>\n","protected":false},"featured_media":5502,"comment_status":"open","ping_status":"closed","template":"","meta":[],"product_cat":[82],"product_tag":[],"_links":{"self":[{"href":"https:\/\/femalestore.pl\/femalewarsaw\/en\/wp-json\/wp\/v2\/product\/1492"}],"collection":[{"href":"https:\/\/femalestore.pl\/femalewarsaw\/en\/wp-json\/wp\/v2\/product"}],"about":[{"href":"https:\/\/femalestore.pl\/femalewarsaw\/en\/wp-json\/wp\/v2\/types\/product"}],"replies":[{"embeddable":true,"href":"https:\/\/femalestore.pl\/femalewarsaw\/en\/wp-json\/wp\/v2\/comments?post=1492"}],"wp:featuredmedia":[{"embeddable":true,"href":"https:\/\/femalestore.pl\/femalewarsaw\/en\/wp-json\/wp\/v2\/media\/5502"}],"wp:attachment":[{"href":"https:\/\/femalestore.pl\/femalewarsaw\/en\/wp-json\/wp\/v2\/media?parent=1492"}],"wp:term":[{"taxonomy":"product_cat","embeddable":true,"href":"https:\/\/femalestore.pl\/femalewarsaw\/en\/wp-json\/wp\/v2\/product_cat?post=1492"},{"taxonomy":"product_tag","embeddable":true,"href":"https:\/\/femalestore.pl\/femalewarsaw\/en\/wp-json\/wp\/v2\/product_tag?post=1492"}],"curies":[{"name":"wp","href":"https:\/\/api.w.org\/{rel}","templated":true}]}}