{"id":4633,"date":"2022-05-19T11:19:20","date_gmt":"2022-05-19T09:19:20","guid":{"rendered":"https:\/\/femalestore.pl\/femalewarsaw\/?post_type=product&#038;p=4633"},"modified":"2024-07-31T23:51:15","modified_gmt":"2024-07-31T21:51:15","slug":"casablanca-mini-viscose","status":"publish","type":"product","link":"https:\/\/femalestore.pl\/femalewarsaw\/en\/sklep\/casablanca-mini-viscose\/","title":{"rendered":"Casablanca Mini"},"content":{"rendered":"<p class=\"qtranxs-available-languages-message qtranxs-available-languages-message-en\">Sorry, this entry is only available in <a href=\"https:\/\/femalestore.pl\/femalewarsaw\/pl\/wp-json\/wp\/v2\/product\/4633\" class=\"qtranxs-available-language-link qtranxs-available-language-link-pl\" title=\"Polski\">Polish<\/a>.<\/p>","protected":false},"excerpt":{"rendered":"<p style=\"text-align: left;\">Chcesz zam\u00f3wi\u0107 t\u0119 sukienk\u0119 na wymiar?<br \/>\n<a href=\"https:\/\/femalestore.pl\/femalewarsaw\/kontakt\/\">Napisz do nas!<\/a><\/p>\n","protected":false},"featured_media":5394,"comment_status":"open","ping_status":"closed","template":"","meta":[],"product_cat":[82],"product_tag":[],"_links":{"self":[{"href":"https:\/\/femalestore.pl\/femalewarsaw\/en\/wp-json\/wp\/v2\/product\/4633"}],"collection":[{"href":"https:\/\/femalestore.pl\/femalewarsaw\/en\/wp-json\/wp\/v2\/product"}],"about":[{"href":"https:\/\/femalestore.pl\/femalewarsaw\/en\/wp-json\/wp\/v2\/types\/product"}],"replies":[{"embeddable":true,"href":"https:\/\/femalestore.pl\/femalewarsaw\/en\/wp-json\/wp\/v2\/comments?post=4633"}],"wp:featuredmedia":[{"embeddable":true,"href":"https:\/\/femalestore.pl\/femalewarsaw\/en\/wp-json\/wp\/v2\/media\/5394"}],"wp:attachment":[{"href":"https:\/\/femalestore.pl\/femalewarsaw\/en\/wp-json\/wp\/v2\/media?parent=4633"}],"wp:term":[{"taxonomy":"product_cat","embeddable":true,"href":"https:\/\/femalestore.pl\/femalewarsaw\/en\/wp-json\/wp\/v2\/product_cat?post=4633"},{"taxonomy":"product_tag","embeddable":true,"href":"https:\/\/femalestore.pl\/femalewarsaw\/en\/wp-json\/wp\/v2\/product_tag?post=4633"}],"curies":[{"name":"wp","href":"https:\/\/api.w.org\/{rel}","templated":true}]}}