{"id":91,"date":"2016-09-21T12:16:40","date_gmt":"2016-09-21T10:16:40","guid":{"rendered":"http:\/\/sistersfemale.com\/femalewarsaw\/?page_id=91"},"modified":"2021-02-03T12:20:22","modified_gmt":"2021-02-03T11:20:22","slug":"regulamin","status":"publish","type":"page","link":"https:\/\/femalestore.pl\/femalewarsaw\/regulamin\/","title":{"rendered":"Regulamin"},"content":{"rendered":"<h3><\/h3>\n<p><strong>Wprowadzenie<\/strong><\/p>\n<ol>\n<li>FEMALE STORE\u00a0prowadzone\u00a0w ramach dzia\u0142alno\u015bci Andrzej Szafranowski, zarejestrowanej na\u00a0ul. Gieysztora 4 lok. U8 w Warszawie, 02-999, REGON: 141310040, NIP: 5251031696, umo\u017cliwia zakup towar\u00f3w pod adresem www.femalestore.pl<\/li>\n<li>Regulamin okre\u015bla zasady zamawiania produkt\u00f3w w sklepie.<\/li>\n<\/ol>\n<p><strong>Zasady korzystania ze sklepu\u00a0<\/strong><\/p>\n<ol>\n<li>Warunkiem rozpocz\u0119cia korzystania ze sklepu jest zapoznanie si\u0119 z niniejszym Regulaminem i jego akceptacja.<\/li>\n<li>Umowa sprzeda\u017cy zawierana jest mi\u0119dzy u\u017cytkownikiem korzystaj\u0105cym ze sklepu internetowego \u2013 Klientem a FEMALE STORE \u2013 Sklepem.<\/li>\n<li>Utrwalenie, zabezpieczenie i udost\u0119pnienie istotnych postanowie\u0144 um\u00f3w zawieranych za pomoc\u0105 \u015brodk\u00f3w porozumiewania si\u0119 na odleg\u0142o\u015b\u0107 nast\u0119puje przez przekazanie Klientowi dowodu zakupu (paragon lub faktura VAT) wraz z dostarczonymi produktami.<\/li>\n<li>Aby dokona\u0107 zakupu w sklepie internetowym www.sistersfemale.com i jednocze\u015bnie zawrze\u0107 umow\u0119 sprzeda\u017cy, nale\u017cy z\u0142o\u017cy\u0107 zam\u00f3wienie na stronie sklepu, b\u0105d\u017a z\u0142o\u017cy\u0107 zam\u00f3wienie za pomoc\u0105 poczty elektronicznej na adres contact@femalewarsaw.com.<\/li>\n<li>Zam\u00f3wienia mo\u017cna sk\u0142ada\u0107 24h na dob\u0119.\u2028 Realizowanie zam\u00f3wie\u0144 odbywa si\u0119 od poniedzia\u0142ku do pi\u0105tku w godzinach od 10:00 do 18:00. Zam\u00f3wienia z\u0142o\u017cone w dni wolne od pracy b\u0119d\u0105 realizowane w pierwszym dniu roboczym nast\u0119puj\u0105cym po dniu, w kt\u00f3rym zam\u00f3wienie zosta\u0142o z\u0142o\u017cone.<\/li>\n<li>Klient sk\u0142ada zam\u00f3wienie bez konieczno\u015bci rejestrowania swoich danych na stronie internetowej (bez konieczno\u015bci logowania si\u0119).<\/li>\n<li>W celu z\u0142o\u017cenia zam\u00f3wienia nale\u017cy dokona\u0107 wyboru produkt\u00f3w z dost\u0119pnej oferty sklepu, wyboru ich rozmiar\u00f3w, koloru oraz ilo\u015bci, a nast\u0119pnie doda\u0107 je do koszyka.\u2028 Warunkiem z\u0142o\u017cenia zam\u00f3wienia jest wype\u0142nienie w \u201eFormularzu Zam\u00f3wienia\u201d wymaganych danych teleadresowych koniecznych do realizacji zam\u00f3wienia.<\/li>\n<li>Do momentu zatwierdzenia zam\u00f3wienia przyciskiem \u201eZamawiam\u201d, u\u017cytkownik ma mo\u017cliwo\u015b\u0107 dokonywania modyfikacji w zam\u00f3wieniu oraz w danych do wysy\u0142ki.<\/li>\n<li>Zatwierdzenie przyciskiem \u201eZamawiam\u201d jest r\u00f3wnowa\u017cne ze z\u0142o\u017ceniem zam\u00f3wienia.<\/li>\n<li>Po op\u0142aceniu zam\u00f3wienia przy pomocy wybranej metody p\u0142atno\u015bci i zaksi\u0119gowaniu wp\u0142aty na koncie, Klient otrzyma potwierdzenie przyj\u0119cia zam\u00f3wienia do realizacji drog\u0105 mailow\u0105 na wskazany przez niego adres mailowy. B\u0119dzie ono zawiera\u0142o informacje dotycz\u0105ce szczeg\u00f3\u0142\u00f3w zam\u00f3wienia,\u00a0wybranego rodzaju dostawy oraz danych wysy\u0142kowych.\u2028 W przypadku op\u0142acenia nale\u017cno\u015bci i braku potwierdzenia prosimy o kontakt ze sklepem: contact@femalewarsaw.com. Po otrzymaniu potwierdzenia dochodzi do zawarcia umowy sprzeda\u017cy zam\u00f3wionych przez Klienta towar\u00f3w.<\/li>\n<\/ol>\n<p><strong>Dostawa i odbi\u00f3r<\/strong><\/p>\n<ol>\n<li>Produkty s\u0105 dostarczone pod wskazany adres na terenie Polski firm\u0105 spedycyjn\u0105 DPD<b>. <\/b>Poza terytorium Polski, na terenie Unii Europejskiej, produkty\u00a0 s\u0105 dostarczone pod wskazany adres\u00a0Poczt\u0105 Polsk\u0105.<b>\u00a0<\/b>Op\u0142aty za dostaw\u0119 produkt\u00f3w s\u0105 podawane w procesie sk\u0142adania zam\u00f3wienia i s\u0105 uzale\u017cnione od wagi przesy\u0142ki i koszt\u00f3w opakowania. Przewidywany czas dostawy przesy\u0142ki kurierskiej jest indywidualny dla ka\u017cdego produktu i podany przy danym towarze w sklepie. Przesy\u0142ki kurierskie nadawane s\u0105 codziennie do godziny 12:00.<\/li>\n<li>Koszty przesy\u0142ki zakupionych Towar\u00f3w ponosi Klient. Do ka\u017cdego przesy\u0142anego towaru za\u0142\u0105czany jest dow\u00f3d zakupu (paragon lub faktura VAT).<\/li>\n<\/ol>\n<p><strong>P\u0142atno\u015bci<\/strong><\/p>\n<ol>\n<li>Ceny produkt\u00f3w w sklepie podawane s\u0105 w polskich z\u0142otych i zawieraj\u0105 wszystkie jej sk\u0142adniki, w tym VAT, c\u0142a i podatki.<\/li>\n<li>P\u0142atno\u015b\u0107 za zam\u00f3wiony towar mo\u017ce nast\u0105pi\u0107 za po\u015brednictwem systemu p\u0142atno\u015bci elektronicznych przelewy24.pl lub przelewem na konto bankowe sklepu.\u00a0Realizacja zam\u00f3wienia p\u0142atnego przelewem rozpoczyna si\u0119 po otrzymaniu nale\u017cno\u015bci za towar i zaksi\u0119gowaniu wp\u0142aty na koncie sklepu.<\/li>\n<li>W przypadku niekt\u00f3rych rodzaj\u00f3w asortymentu Us\u0142ugodawca zastrzega sobie prawo do ograniczenia sposobu p\u0142atno\u015bci poprzez wy\u0142\u0105czenie wybranych opcji p\u0142atno\u015bci na stronie.<\/li>\n<\/ol>\n<p><strong>Reklamacje i zwroty<\/strong><\/p>\n<ol>\n<li>Produkty oferowane w sklepie s\u0105 fabrycznie nowe\u2028.<\/li>\n<li>W przypadku posiadania przez produkty wad\u00a0o charakterze niezgodno\u015bci towaru z umow\u0105 reklamacj\u0119 mo\u017cna z\u0142o\u017cy\u0107 drog\u0105 pocztow\u0105 poprzez odes\u0142anie towaru wraz z paragonem oraz wype\u0142nionym formularzem reklamacji (do\u0142\u0105czonym do wysy\u0142anego towaru, a tak\u017ce\u00a0dost\u0119pnym do pobrania tutaj:\u00a0https:\/\/femalestore.pl\/femalewarsaw\/wp-content\/uploads\/sites\/2\/2016\/09\/FE-MALE_formularz_zwrotu.pdf), zawieraj\u0105cym\u00a0opis wad, listem poleconym na adres: \u201eSzafranowska, ul.\u00a0Gieysztora 4 lok. U8, \u00a002-999 Warszawa\u201d, z dopiskiem: \u201eReklamacja\u201d. Klient otrzyma informacj\u0119 o sposobie rozpatrzenia reklamacji w terminie 14 dni od dnia otrzymania przez sklep przesy\u0142ki listowej zawieraj\u0105cej reklamowany towar. W przypadku pozytywnego rozpatrzenia reklamacji z\u0142o\u017conej drog\u0105 pocztow\u0105\u00a0Sklep wy\u015ble do Klienta produkt pe\u0142nowarto\u015bciowy (naprawiony lub nowy) w ci\u0105gu 14 dni, a gdy oka\u017ce si\u0119 to niemo\u017cliwe, zwr\u00f3ci pe\u0142n\u0105 kwot\u0119 zap\u0142acon\u0105 za towar wraz z kosztami wysy\u0142ki.<\/li>\n<li>W przypadku negatywnego rozpatrzenia reklamacji, towar zostanie odes\u0142any wraz z opini\u0105 na temat odmowy reklamacji. Koszty wysy\u0142ki towaru w takim przypadku s\u0105 bezzwrotne.<\/li>\n<li>Klient przy dostawie produkt\u00f3w zobowi\u0105zany jest sprawdzi\u0107 ich stan, a ewentualne uszkodzenia mechaniczne produkt\u00f3w i\/lub przesy\u0142ki powsta\u0142e podczas transportu powinny by\u0107 zg\u0142oszone pisemnie w obecno\u015bci osoby dostarczaj\u0105cej produkt.<\/li>\n<li>Klient ma prawo odst\u0105pi\u0107 od umowy sprzeda\u017cy bez podania przyczyny<b>\u00a0<\/b>w ci\u0105gu 14\u00a0dni od daty otrzymania towaru i zwr\u00f3ci\u0107 towar do sklepu na adres \u201eSzafranowska, ul.\u00a0Gieysztora 4 lok. U8, \u00a002-999 Warszawa\u201d, z dopiskiem: \u201eZwrot\u201d\u00a0. Produkt musi by\u0107 zwr\u00f3cony w stanie niezmienionym \u2013 nienosz\u0105cym \u015blad\u00f3w u\u017cytkowania i w opakowaniu firmowym \u2013 wraz z dowodem zakupu (paragonem lub faktur\u0105 VAT).\u00a0Koszty odes\u0142ania towaru nie podlegaj\u0105 zwrotowi.\u2028 Zwrot pieni\u0119dzy za odes\u0142any towar zostanie nadany na podany przez Klienta numer konta w ci\u0105gu 3 dni od dostarczenia zwrotu towaru. Zwrotowi podlega kwota obejmuj\u0105ca cen\u0119 za towary obj\u0119te umow\u0105, co do kt\u00f3rej Klient skorzysta\u0142 z prawa odst\u0105pienia bez koszt\u00f3w dostawy towar\u00f3w do Klienta. <strong>Produkty szyte na miar\u0119 Klienta, nie podlegaj\u0105 zwrotowi. Produkty zakupione w sklepie stacjonarnym r\u00f3wnie\u017c nie podlegaj\u0105 zwrotowi<\/strong>.<\/li>\n<li>Klient ma prawo do wymiany towaru na inny. Odes\u0142anie towaru odbywa si\u0119 na koszt klienta. Sklep wysy\u0142a produkt na wymian\u0119 na sw\u00f3j koszt. Produkt odes\u0142any na wymian\u0119 musi by\u0107 zwr\u00f3cony w stanie niezmienionym \u2013 nienosz\u0105cym \u015blad\u00f3w u\u017cytkowania i w opakowaniu firmowym na adres \u201eSzafranowska, ul.\u00a0Gieysztora 4 lok. U8, \u00a002-999 Warszawa\u201d, z dopiskiem: \u201eWymiana\u201d. Szczeg\u00f3\u0142y wymiany powinny by\u0107 uzgodnione w korespondencji mailowej z obs\u0142ug\u0105 sklepu: contact@femalewarsaw.com\u2028.<\/li>\n<li>Sklep ma prawo odm\u00f3wi\u0107 przyj\u0119cia zwrotu towaru w przypadkach zwrotu uszkodzonego towaru lub dostarczenia do sklepu towaru niepe\u0142nowarto\u015bciowego \u2013 nosz\u0105cego \u015blady u\u017cytkowania.<\/li>\n<li>Sklep nie przyjmuje \u017cadnych przesy\u0142ek odsy\u0142anych za pobraniem.<\/li>\n<\/ol>\n<p><strong>Pozosta\u0142e<\/strong><\/p>\n<ol>\n<li>Dane osobowe przetwarzane b\u0119d\u0105 wy\u0142\u0105cznie przez Andrzej Szafranowski, ul.\u00a0Gieysztora 4 lok. U8, \u00a002-999 Warszawa w celu realizacji zam\u00f3wie\u0144 w sklepie internetowym www.femalestore.pl i dzia\u0142a\u0144 marketingowych FEMALE STORE\u00a0(zgodnie z Ustaw\u0105 z dnia 29 sierpnia 1997 roku o Ochronie Danych Osobowych Dz. Ust. nr 133 poz. 883).<\/li>\n<li>Do umowy sprzeda\u017cy produkt\u00f3w w sklepie stosuje si\u0119 prawo polskie. Umowa zawierana jest w j\u0119zyku polskim.<\/li>\n<li>W sprawach nieuregulowanych niniejszym regulaminem stosuje si\u0119 odpowiednio przepisy kodeksu cywilnego lub innych ustaw maj\u0105cych zastosowanie do dzia\u0142alno\u015bci i funkcjonowania sklepu.<\/li>\n<li>Sklep zastrzega sobie prawo do dokonywania zmian regulaminu. Zmiany regulaminu obowi\u0105zuj\u0105 od momentu opublikowania ich na stronie sklepu. Zmiany te nie mog\u0105 narusza\u0107 praw nabytych Klient\u00f3w korzystaj\u0105cych ze sklepu.<\/li>\n<\/ol>\n<p><strong>Obowi\u0105zek informacyjny z art. 13 RODO<\/strong><\/p>\n<p>W zwi\u0105zku z tym, \u017ce 25 maja 2018 r. wesz\u0142y\u00a0w \u017cycie nowe przepisy dotycz\u0105ce ochrony danych osobowych (tzw.\u00a0og\u00f3lne rozporz\u0105dzenie o ochronie danych osobowych; Rozporz\u0105dzenie) chcieliby\u015bmy Ci\u0119 poinformowa\u0107, \u017ce je\u015bli Twoje\u00a0dane osobowe znajduj\u0105 si\u0119 w naszej bazie, to dochowali\u015bmy wszelkich stara\u0144, aby zadba\u0107 o ich bezpiecze\u0144stwo.\u00a0Jako administrator przetwarzamy Twoje dane w celu realizacji Twojego zam\u00f3wienia lub przesy\u0142ania Ci newslettera z ofertami handlowymi.\u00a0Przypominamy, \u017ce w ka\u017cdym momencie mo\u017cesz zrezygnowa\u0107 z otrzymywania od nas newslettera.<\/p>\n<p>Chcemy Ci\u0119 tak\u017ce poinformowa\u0107, \u017ce:<\/p>\n<ol>\n<li>Administratorem jest FEMALE STORE prowadzone w ramach dzia\u0142alno\u015bci Andrzej Szafranowski, zarejestrowanej na ul. Gieysztora 4 lok. U8 w Warszawie, 02-999, REGON: 141310040, NIP: 5251031696.<\/li>\n<li>Podstaw\u0105 prawn\u0105 przetwarzania Twoich danych osobowych jest niezb\u0119dno\u015b\u0107 tego przetwarzania do wykonania\u00a0umowy o \u015bwiadczenie us\u0142ugi zakupu lub us\u0142ugi newsletter, a tak\u017ce nasz uzasadniony interes, polegaj\u0105cy na promowaniu towar\u00f3w i\u00a0us\u0142ug.<\/li>\n<li>Twoje dane przetwarzane s\u0105 na zasadzie dobrowolno\u015bci i b\u0119d\u0105 przechowywane &#8211; w przypadku us\u0142ugi zakupu &#8211; tylko do momentu zako\u0144czenia procesu zakupu, a &#8211; w przypadku us\u0142ugi newsletter &#8211; tylko do momentu rezygnacji z\u00a0us\u0142ugi newslettera lub z\u0142o\u017cenia przez Ciebie sprzeciwu wobec przetwarzania Twoich danych. Okres przetwarzania\u00a0danych osobowych mo\u017ce zosta\u0107 ka\u017cdorazowo przed\u0142u\u017cony o okres przedawnienia roszcze\u0144, je\u017celi przetwarzanie<br \/>\ndanych osobowych b\u0119dzie niezb\u0119dne dla dochodzenia ewentualnych roszcze\u0144 lub obrony przed takimi roszczeniami.<\/li>\n<li>Twoje dane osobowe mog\u0105 by\u0107 przekazywane naszym podwykonawcom, w szczeg\u00f3lno\u015bci dostawcom rozwi\u0105za\u0144\u00a0informatycznych lub firmom kurierskim &#8211; wy\u0142\u0105cznie w zwi\u0105zku z realizacj\u0105 us\u0142ugi zakupu lub newslettera.<\/li>\n<li>Przys\u0142uguje Ci prawo \u017c\u0105dania dost\u0119pu do tre\u015bci danych oraz ich sprostowania, usuni\u0119cia, ograniczenia,\u00a0przetwarzania, jak r\u00f3wnie\u017c prawo do przenoszenia danych osobowych. Przys\u0142uguje Ci ponadto prawo wniesienia\u00a0sprzeciwu wzgl\u0119dem przetwarzania danych w celach marketingowych.<\/li>\n<li>Przys\u0142uguje Ci tak\u017ce prawo wniesienia skargi do organu nadzorczego zajmuj\u0105cego si\u0119 ochron\u0105 danych osobowych,\u00a0gdy uznasz, \u017ce przetwarzanie Twoich danych osobowych narusza przepisy Rozporz\u0105dzenia.<\/li>\n<\/ol>\n","protected":false},"excerpt":{"rendered":"<p>Wprowadzenie FEMALE STORE\u00a0prowadzone\u00a0w ramach dzia\u0142alno\u015bci Andrzej Szafranowski, zarejestrowanej na\u00a0ul. Gieysztora 4 lok. U8 w Warszawie, 02-999, REGON: 141310040, NIP: 5251031696, umo\u017cliwia zakup towar\u00f3w pod adresem www.femalestore.pl Regulamin okre\u015bla zasady zamawiania produkt\u00f3w w sklepie. Zasady korzystania ze sklepu\u00a0 Warunkiem rozpocz\u0119cia korzystania ze sklepu jest zapoznanie si\u0119 z niniejszym Regulaminem i jego akceptacja. Umowa sprzeda\u017cy zawierana jest [&hellip;]<\/p>\n","protected":false},"author":1,"featured_media":0,"parent":0,"menu_order":0,"comment_status":"closed","ping_status":"closed","template":"","meta":[],"_links":{"self":[{"href":"https:\/\/femalestore.pl\/femalewarsaw\/wp-json\/wp\/v2\/pages\/91"}],"collection":[{"href":"https:\/\/femalestore.pl\/femalewarsaw\/wp-json\/wp\/v2\/pages"}],"about":[{"href":"https:\/\/femalestore.pl\/femalewarsaw\/wp-json\/wp\/v2\/types\/page"}],"author":[{"embeddable":true,"href":"https:\/\/femalestore.pl\/femalewarsaw\/wp-json\/wp\/v2\/users\/1"}],"replies":[{"embeddable":true,"href":"https:\/\/femalestore.pl\/femalewarsaw\/wp-json\/wp\/v2\/comments?post=91"}],"version-history":[{"count":8,"href":"https:\/\/femalestore.pl\/femalewarsaw\/wp-json\/wp\/v2\/pages\/91\/revisions"}],"predecessor-version":[{"id":3548,"href":"https:\/\/femalestore.pl\/femalewarsaw\/wp-json\/wp\/v2\/pages\/91\/revisions\/3548"}],"wp:attachment":[{"href":"https:\/\/femalestore.pl\/femalewarsaw\/wp-json\/wp\/v2\/media?parent=91"}],"curies":[{"name":"wp","href":"https:\/\/api.w.org\/{rel}","templated":true}]}}