{"id":2544,"date":"2020-05-14T10:21:19","date_gmt":"2020-05-14T08:21:19","guid":{"rendered":"https:\/\/femalestore.pl\/femalewarsaw\/?post_type=product&#038;p=2544"},"modified":"2024-08-28T14:00:55","modified_gmt":"2024-08-28T12:00:55","slug":"mermaid","status":"publish","type":"product","link":"https:\/\/femalestore.pl\/femalewarsaw\/sklep\/mermaid\/","title":{"rendered":"Mermaid"},"content":{"rendered":"<p>&nbsp;<\/p>\n<ul>\n<li class=\"p1\">Idealny model zar\u00f3wno na eleganckie wyj\u015bcia, wakacje jak i \u015blub\/wesele\/poprawiny.<\/li>\n<li class=\"p1\">Sukienka dopasowuje si\u0119 do sylwetki za pomoc\u0105 regulowanych rami\u0105czek na plecach. Charakteryzuje si\u0119 g\u0142\u0119bokim dekoltem na plecach.<\/li>\n<li class=\"p1\">Produkt nadaje pranie r\u0119cznego w zimnej wodzie. Prasowa\u0107 par\u0105.\u00a0Nie suszy\u0107 mechanicznie.<\/li>\n<li>Produkt szyjemy w dw\u00f3ch materia\u0142ach: grafitowym cupro lub w czarnej dzianinie bambusowej.<\/li>\n<li class=\"p1\">Materia\u0142: Cupro\/Bambus<\/li>\n<\/ul>\n<ul>\n<li class=\"p1\">Produkt dost\u0119pny w rozmiarze Onesize<\/li>\n<li class=\"p1\">Sukienka\u00a0jest szyta r\u0119cznie w Polsce.<\/li>\n<\/ul>\n<p><\/p>","protected":false},"excerpt":{"rendered":"<p>&nbsp; Idealny model zar\u00f3wno na eleganckie wyj\u015bcia, wakacje jak i \u015blub\/wesele\/poprawiny. Sukienka dopasowuje si\u0119 do sylwetki za pomoc\u0105 regulowanych rami\u0105czek na plecach. Charakteryzuje si\u0119 g\u0142\u0119bokim dekoltem na plecach. Produkt nadaje pranie r\u0119cznego w zimnej wodzie. Prasowa\u0107 par\u0105.\u00a0Nie suszy\u0107 mechanicznie. Produkt szyjemy w dw\u00f3ch materia\u0142ach: grafitowym cupro lub w czarnej dzianinie bambusowej. Materia\u0142: Cupro\/Bambus Produkt dost\u0119pny [&hellip;]<\/p>\n","protected":false},"featured_media":5374,"comment_status":"open","ping_status":"closed","template":"","meta":[],"product_cat":[81],"product_tag":[],"_links":{"self":[{"href":"https:\/\/femalestore.pl\/femalewarsaw\/wp-json\/wp\/v2\/product\/2544"}],"collection":[{"href":"https:\/\/femalestore.pl\/femalewarsaw\/wp-json\/wp\/v2\/product"}],"about":[{"href":"https:\/\/femalestore.pl\/femalewarsaw\/wp-json\/wp\/v2\/types\/product"}],"replies":[{"embeddable":true,"href":"https:\/\/femalestore.pl\/femalewarsaw\/wp-json\/wp\/v2\/comments?post=2544"}],"wp:featuredmedia":[{"embeddable":true,"href":"https:\/\/femalestore.pl\/femalewarsaw\/wp-json\/wp\/v2\/media\/5374"}],"wp:attachment":[{"href":"https:\/\/femalestore.pl\/femalewarsaw\/wp-json\/wp\/v2\/media?parent=2544"}],"wp:term":[{"taxonomy":"product_cat","embeddable":true,"href":"https:\/\/femalestore.pl\/femalewarsaw\/wp-json\/wp\/v2\/product_cat?post=2544"},{"taxonomy":"product_tag","embeddable":true,"href":"https:\/\/femalestore.pl\/femalewarsaw\/wp-json\/wp\/v2\/product_tag?post=2544"}],"curies":[{"name":"wp","href":"https:\/\/api.w.org\/{rel}","templated":true}]}}