{"id":3285,"date":"2020-11-11T17:32:12","date_gmt":"2020-11-11T16:32:12","guid":{"rendered":"https:\/\/femalestore.pl\/femalewarsaw\/?post_type=product&#038;p=3285"},"modified":"2024-08-28T16:06:53","modified_gmt":"2024-08-28T14:06:53","slug":"crossed-casablanca-maxi","status":"publish","type":"product","link":"https:\/\/femalestore.pl\/femalewarsaw\/sklep\/crossed-casablanca-maxi\/","title":{"rendered":"Crossed Casablanca Maxi"},"content":{"rendered":"<p>&nbsp;<\/p>\n<ul>\n<li>Idealny model na\u00a0lato.<\/li>\n<li>Sukienka charakteryzuje si\u0119 g\u0142\u0119bokim dekoltem na plecach i rami\u0105czkami na krzy\u017c.<\/li>\n<li>Produkt nadaje si\u0119 do prania r\u0119cznego. Prasowa\u0107 par\u0105.\u00a0Nie suszy\u0107 mechanicznie.<\/li>\n<li>Materia\u0142: Modal lub Cupro lub Bambus lub Jedwab<\/li>\n<li class=\"p1\">Sukienk\u0119 szyjemy z kilku rodzaj\u00f3w materia\u0142\u00f3w. Bambus w kolorze czarnym. Modal, czyli dzianina wiskozowa w kolorze przygaszonej czerni (grafitowym) oraz bordowym, mi\u0119kka, przyjemna w dotyku, lej\u0105ca si\u0119. Jedwab, mi\u0119sisty, lej\u0105cy w po\u0142ysku.\u00a0Cupro, szlachetniejszy materia\u0142 ze struktur\u0105 delikatnego w\u0142oska w kolorze przygaszonej czerni.<\/li>\n<li class=\"p1\">Produkt dost\u0119pny w rozmiarze: XS, S, M, L.<\/li>\n<li class=\"p1\">Sukienka\u00a0jest wega\u0144ska, szyta r\u0119cznie w Polsce.<\/li>\n<\/ul>\n<p><\/p>","protected":false},"excerpt":{"rendered":"<p>&nbsp; Idealny model na\u00a0lato. Sukienka charakteryzuje si\u0119 g\u0142\u0119bokim dekoltem na plecach i rami\u0105czkami na krzy\u017c. Produkt nadaje si\u0119 do prania r\u0119cznego. Prasowa\u0107 par\u0105.\u00a0Nie suszy\u0107 mechanicznie. Materia\u0142: Modal lub Cupro lub Bambus lub Jedwab Sukienk\u0119 szyjemy z kilku rodzaj\u00f3w materia\u0142\u00f3w. Bambus w kolorze czarnym. Modal, czyli dzianina wiskozowa w kolorze przygaszonej czerni (grafitowym) oraz bordowym, mi\u0119kka, [&hellip;]<\/p>\n","protected":false},"featured_media":5471,"comment_status":"open","ping_status":"closed","template":"","meta":[],"product_cat":[81,82],"product_tag":[],"_links":{"self":[{"href":"https:\/\/femalestore.pl\/femalewarsaw\/wp-json\/wp\/v2\/product\/3285"}],"collection":[{"href":"https:\/\/femalestore.pl\/femalewarsaw\/wp-json\/wp\/v2\/product"}],"about":[{"href":"https:\/\/femalestore.pl\/femalewarsaw\/wp-json\/wp\/v2\/types\/product"}],"replies":[{"embeddable":true,"href":"https:\/\/femalestore.pl\/femalewarsaw\/wp-json\/wp\/v2\/comments?post=3285"}],"wp:featuredmedia":[{"embeddable":true,"href":"https:\/\/femalestore.pl\/femalewarsaw\/wp-json\/wp\/v2\/media\/5471"}],"wp:attachment":[{"href":"https:\/\/femalestore.pl\/femalewarsaw\/wp-json\/wp\/v2\/media?parent=3285"}],"wp:term":[{"taxonomy":"product_cat","embeddable":true,"href":"https:\/\/femalestore.pl\/femalewarsaw\/wp-json\/wp\/v2\/product_cat?post=3285"},{"taxonomy":"product_tag","embeddable":true,"href":"https:\/\/femalestore.pl\/femalewarsaw\/wp-json\/wp\/v2\/product_tag?post=3285"}],"curies":[{"name":"wp","href":"https:\/\/api.w.org\/{rel}","templated":true}]}}