{"id":3691,"date":"2021-04-22T15:42:17","date_gmt":"2021-04-22T13:42:17","guid":{"rendered":"https:\/\/femalestore.pl\/femalewarsaw\/?post_type=product&#038;p=3691"},"modified":"2025-05-14T21:31:49","modified_gmt":"2025-05-14T19:31:49","slug":"casablanca-maxi-viscose","status":"publish","type":"product","link":"https:\/\/femalestore.pl\/femalewarsaw\/sklep\/casablanca-maxi-viscose\/","title":{"rendered":"Casablanca Maxi Viscose"},"content":{"rendered":"<p><\/p>\n<ul>\n<li>\n<blockquote><p>Idealny model na formalne przyj\u0119cia i nieformalne spotkania\u00a0z przyjaci\u00f3\u0142mi.<\/p><\/blockquote>\n<\/li>\n<li>Sukienka charakteryzuje si\u0119 g\u0142\u0119bokim dekoltem zar\u00f3wno z przodu, jak i na plecach &#8211; tam z detalem w formie pask\u00f3w.<\/li>\n<li>Prz\u00f3d sukienki oraz sp\u00f3dnica s\u0105\u00a0delikatnie marszczone.<\/li>\n<li>Produkt nadaje si\u0119 do prania w pralce przy u\u017cyciu programu dla tkanin delikatnych i maksymalnej temperaturze 30 stopni. Rekomendowane pranie r\u0119czne. Prasowa\u0107 przy maksymalnej temperaturze 110 stopni. Nie suszy\u0107 mechanicznie.<\/li>\n<li>Materia\u0142: wiskoza<\/li>\n<li>Produkt dost\u0119pny w rozmiarze XS-S-M-L. Na zam\u00f3wienie szyjemy tak\u017ce mniejsze i wi\u0119ksze sukienki.<\/li>\n<li>Sukienka\u00a0jest wega\u0144ska, szyta r\u0119cznie w Polsce.<\/li>\n<\/ul>\n<p><\/p>","protected":false},"excerpt":{"rendered":"<blockquote>\n<p style=\"text-align: left;\">Chcesz zam\u00f3wi\u0107 t\u0119 sukienk\u0119 na wymiar?<br \/>\n<a href=\"https:\/\/femalestore.pl\/femalewarsaw\/kontakt\/\">Napisz do nas!<\/a><\/p>\n<\/blockquote>\n","protected":false},"featured_media":5387,"comment_status":"open","ping_status":"closed","template":"","meta":[],"product_cat":[82],"product_tag":[],"_links":{"self":[{"href":"https:\/\/femalestore.pl\/femalewarsaw\/wp-json\/wp\/v2\/product\/3691"}],"collection":[{"href":"https:\/\/femalestore.pl\/femalewarsaw\/wp-json\/wp\/v2\/product"}],"about":[{"href":"https:\/\/femalestore.pl\/femalewarsaw\/wp-json\/wp\/v2\/types\/product"}],"replies":[{"embeddable":true,"href":"https:\/\/femalestore.pl\/femalewarsaw\/wp-json\/wp\/v2\/comments?post=3691"}],"wp:featuredmedia":[{"embeddable":true,"href":"https:\/\/femalestore.pl\/femalewarsaw\/wp-json\/wp\/v2\/media\/5387"}],"wp:attachment":[{"href":"https:\/\/femalestore.pl\/femalewarsaw\/wp-json\/wp\/v2\/media?parent=3691"}],"wp:term":[{"taxonomy":"product_cat","embeddable":true,"href":"https:\/\/femalestore.pl\/femalewarsaw\/wp-json\/wp\/v2\/product_cat?post=3691"},{"taxonomy":"product_tag","embeddable":true,"href":"https:\/\/femalestore.pl\/femalewarsaw\/wp-json\/wp\/v2\/product_tag?post=3691"}],"curies":[{"name":"wp","href":"https:\/\/api.w.org\/{rel}","templated":true}]}}