{"id":4128,"date":"2021-10-14T18:29:20","date_gmt":"2021-10-14T16:29:20","guid":{"rendered":"https:\/\/femalestore.pl\/femalewarsaw\/?post_type=product&#038;p=4128"},"modified":"2025-08-20T10:26:20","modified_gmt":"2025-08-20T08:26:20","slug":"oversized-sweatpants","status":"publish","type":"product","link":"https:\/\/femalestore.pl\/femalewarsaw\/sklep\/oversized-sweatpants\/","title":{"rendered":"Oversized Sweatpants"},"content":{"rendered":"<p><\/p>\n<ol>\n<li>Bawe\u0142niane spodnie o kroju oversize&#8217;owym,<\/li>\n<li>Uszyte z bardzo ciep\u0142ej dzianiny z mi\u0142\u0105 pluszow\u0105 warstw\u0105 od wewn\u0105trz,<\/li>\n<li class=\"p1\">Produkt nadaje si\u0119 do prania w pralce przy u\u017cyciu programu dla tkanin delikatnych i maksymalnej temperaturze 30 stopni. Rekomendowane pranie r\u0119cznie. Prasowa\u0107 przy maksymalnej temperaturze 110 stopni. Nie suszy\u0107 mechanicznie.<\/li>\n<li>Sk\u0142ad: 85% Bawe\u0142na, 10% Poliester, 5% Elastan<\/li>\n<li class=\"p1\">Produkt dost\u0119pny w rozmiarze XS, S, M, L,<\/li>\n<li class=\"p1\">Spodnie\u00a0s\u0105 szyte r\u0119cznie w Polsce.<\/li>\n<\/ol>\n<p>&nbsp;<\/p>","protected":false},"excerpt":{"rendered":"<p>Chcesz zam\u00f3wi\u0107 ten produkt\u00a0na wymiar?<br \/>\n<a href=\"https:\/\/femalestore.pl\/femalewarsaw\/kontakt\/\">Napisz do nas!<\/a><\/p>\n","protected":false},"featured_media":5571,"comment_status":"open","ping_status":"closed","template":"","meta":[],"product_cat":[101],"product_tag":[],"_links":{"self":[{"href":"https:\/\/femalestore.pl\/femalewarsaw\/wp-json\/wp\/v2\/product\/4128"}],"collection":[{"href":"https:\/\/femalestore.pl\/femalewarsaw\/wp-json\/wp\/v2\/product"}],"about":[{"href":"https:\/\/femalestore.pl\/femalewarsaw\/wp-json\/wp\/v2\/types\/product"}],"replies":[{"embeddable":true,"href":"https:\/\/femalestore.pl\/femalewarsaw\/wp-json\/wp\/v2\/comments?post=4128"}],"wp:featuredmedia":[{"embeddable":true,"href":"https:\/\/femalestore.pl\/femalewarsaw\/wp-json\/wp\/v2\/media\/5571"}],"wp:attachment":[{"href":"https:\/\/femalestore.pl\/femalewarsaw\/wp-json\/wp\/v2\/media?parent=4128"}],"wp:term":[{"taxonomy":"product_cat","embeddable":true,"href":"https:\/\/femalestore.pl\/femalewarsaw\/wp-json\/wp\/v2\/product_cat?post=4128"},{"taxonomy":"product_tag","embeddable":true,"href":"https:\/\/femalestore.pl\/femalewarsaw\/wp-json\/wp\/v2\/product_tag?post=4128"}],"curies":[{"name":"wp","href":"https:\/\/api.w.org\/{rel}","templated":true}]}}