{"id":4174,"date":"2021-10-14T21:03:07","date_gmt":"2021-10-14T19:03:07","guid":{"rendered":"https:\/\/femalestore.pl\/femalewarsaw\/?post_type=product&#038;p=4174"},"modified":"2022-12-01T19:58:51","modified_gmt":"2022-12-01T18:58:51","slug":"eco-bag","status":"publish","type":"product","link":"https:\/\/femalestore.pl\/femalewarsaw\/sklep\/eco-bag\/","title":{"rendered":"Eco Bag"},"content":{"rendered":"<p>Eko torba na zakupy.<\/p>\n<ul>\n<li>Logo FEMALE po jednej stronie, a po drugiej Magali Pascal &#8211; marka, kt\u00f3rej jeste\u015bmy wy\u0142\u0105cznym dystrybutorem na Polsk\u0119.<\/li>\n<\/ul>\n<p><\/p>","protected":false},"excerpt":{"rendered":"<p>Eko torba na zakupy. Logo FEMALE po jednej stronie, a po drugiej Magali Pascal &#8211; marka, kt\u00f3rej jeste\u015bmy wy\u0142\u0105cznym dystrybutorem na Polsk\u0119.<\/p>\n","protected":false},"featured_media":5558,"comment_status":"open","ping_status":"closed","template":"","meta":[],"product_cat":[16],"product_tag":[],"_links":{"self":[{"href":"https:\/\/femalestore.pl\/femalewarsaw\/wp-json\/wp\/v2\/product\/4174"}],"collection":[{"href":"https:\/\/femalestore.pl\/femalewarsaw\/wp-json\/wp\/v2\/product"}],"about":[{"href":"https:\/\/femalestore.pl\/femalewarsaw\/wp-json\/wp\/v2\/types\/product"}],"replies":[{"embeddable":true,"href":"https:\/\/femalestore.pl\/femalewarsaw\/wp-json\/wp\/v2\/comments?post=4174"}],"wp:featuredmedia":[{"embeddable":true,"href":"https:\/\/femalestore.pl\/femalewarsaw\/wp-json\/wp\/v2\/media\/5558"}],"wp:attachment":[{"href":"https:\/\/femalestore.pl\/femalewarsaw\/wp-json\/wp\/v2\/media?parent=4174"}],"wp:term":[{"taxonomy":"product_cat","embeddable":true,"href":"https:\/\/femalestore.pl\/femalewarsaw\/wp-json\/wp\/v2\/product_cat?post=4174"},{"taxonomy":"product_tag","embeddable":true,"href":"https:\/\/femalestore.pl\/femalewarsaw\/wp-json\/wp\/v2\/product_tag?post=4174"}],"curies":[{"name":"wp","href":"https:\/\/api.w.org\/{rel}","templated":true}]}}