{"id":4633,"date":"2022-05-19T11:19:20","date_gmt":"2022-05-19T09:19:20","guid":{"rendered":"https:\/\/femalestore.pl\/femalewarsaw\/?post_type=product&#038;p=4633"},"modified":"2024-07-31T23:51:15","modified_gmt":"2024-07-31T21:51:15","slug":"casablanca-mini-viscose","status":"publish","type":"product","link":"https:\/\/femalestore.pl\/femalewarsaw\/sklep\/casablanca-mini-viscose\/","title":{"rendered":"Casablanca Mini"},"content":{"rendered":"<p><\/p>\n<ul>\n<li class=\"p1\" style=\"text-align: left;\">Casablanca Maxi w kr\u00f3tszej wersji.<br \/>\nIdealny model na formalne przyj\u0119cia i nieformalne spotkania\u00a0z przyjaci\u00f3\u0142mi.<\/li>\n<li class=\"p1\">Sukienka charakteryzuje si\u0119 g\u0142\u0119bokim dekoltem zar\u00f3wno z przodu, jak i na plecach &#8211; tam z detalem w formie pask\u00f3w.<\/li>\n<li class=\"p1\">Prz\u00f3d sukienki oraz sp\u00f3dnica s\u0105\u00a0delikatnie marszczone.<\/li>\n<li class=\"p1\">Produkt nadaje si\u0119 do prania w pralce przy u\u017cyciu programu dla tkanin delikatnych i maksymalnej temperaturze 30 stopni. Rekomendowane pranie r\u0119czne. Prasowa\u0107 przy maksymalnej temperaturze 110 stopni. Nie suszy\u0107 mechanicznie.<\/li>\n<li class=\"p1\">Dost\u0119pne materia\u0142y: wiskoza oraz\u00a0\u017cor\u017ceta poliestrowa.<\/li>\n<li class=\"p1\">Produkt dost\u0119pny w rozmiarze XS-S-M-L. Na zam\u00f3wienie szyjemy tak\u017ce mniejsze i wi\u0119ksze sukienki.<\/li>\n<li class=\"p1\">Sukienka\u00a0jest wega\u0144ska, szyta r\u0119cznie w Polsce.<\/li>\n<\/ul>\n<p><\/p>","protected":false},"excerpt":{"rendered":"<p style=\"text-align: left;\">Chcesz zam\u00f3wi\u0107 t\u0119 sukienk\u0119 na wymiar?<br \/>\n<a href=\"https:\/\/femalestore.pl\/femalewarsaw\/kontakt\/\">Napisz do nas!<\/a><\/p>\n","protected":false},"featured_media":5394,"comment_status":"open","ping_status":"closed","template":"","meta":[],"product_cat":[82],"product_tag":[],"_links":{"self":[{"href":"https:\/\/femalestore.pl\/femalewarsaw\/wp-json\/wp\/v2\/product\/4633"}],"collection":[{"href":"https:\/\/femalestore.pl\/femalewarsaw\/wp-json\/wp\/v2\/product"}],"about":[{"href":"https:\/\/femalestore.pl\/femalewarsaw\/wp-json\/wp\/v2\/types\/product"}],"replies":[{"embeddable":true,"href":"https:\/\/femalestore.pl\/femalewarsaw\/wp-json\/wp\/v2\/comments?post=4633"}],"wp:featuredmedia":[{"embeddable":true,"href":"https:\/\/femalestore.pl\/femalewarsaw\/wp-json\/wp\/v2\/media\/5394"}],"wp:attachment":[{"href":"https:\/\/femalestore.pl\/femalewarsaw\/wp-json\/wp\/v2\/media?parent=4633"}],"wp:term":[{"taxonomy":"product_cat","embeddable":true,"href":"https:\/\/femalestore.pl\/femalewarsaw\/wp-json\/wp\/v2\/product_cat?post=4633"},{"taxonomy":"product_tag","embeddable":true,"href":"https:\/\/femalestore.pl\/femalewarsaw\/wp-json\/wp\/v2\/product_tag?post=4633"}],"curies":[{"name":"wp","href":"https:\/\/api.w.org\/{rel}","templated":true}]}}