{"id":5914,"date":"2023-07-18T10:30:11","date_gmt":"2023-07-18T08:30:11","guid":{"rendered":"https:\/\/femalestore.pl\/femalewarsaw\/?post_type=product&#038;p=5914"},"modified":"2025-02-19T16:24:44","modified_gmt":"2025-02-19T15:24:44","slug":"cotton-shorts","status":"publish","type":"product","link":"https:\/\/femalestore.pl\/femalewarsaw\/sklep\/cotton-shorts\/","title":{"rendered":"Cotton Shorts"},"content":{"rendered":"<p>Szorty uszyte ze 100% bawe\u0142ny (OekotexStandard100), w wygl\u0105dzie przypominaj\u0105cej po\u0142\u0105czenie lnu z mu\u015blinem.<\/p>\n<p>&nbsp;<\/p>\n<p>Dost\u0119pne r\u00f3wnie\u017c w komplecie z bluzk\u0105 lub koszul\u0105.<\/p>","protected":false},"excerpt":{"rendered":"<p>Szorty uszyte ze 100% bawe\u0142ny (OekotexStandard100), w wygl\u0105dzie przypominaj\u0105cej po\u0142\u0105czenie lnu z mu\u015blinem. &nbsp; Dost\u0119pne r\u00f3wnie\u017c w komplecie z bluzk\u0105 lub koszul\u0105.<\/p>\n","protected":false},"featured_media":6058,"comment_status":"open","ping_status":"closed","template":"","meta":[],"product_cat":[81],"product_tag":[],"_links":{"self":[{"href":"https:\/\/femalestore.pl\/femalewarsaw\/wp-json\/wp\/v2\/product\/5914"}],"collection":[{"href":"https:\/\/femalestore.pl\/femalewarsaw\/wp-json\/wp\/v2\/product"}],"about":[{"href":"https:\/\/femalestore.pl\/femalewarsaw\/wp-json\/wp\/v2\/types\/product"}],"replies":[{"embeddable":true,"href":"https:\/\/femalestore.pl\/femalewarsaw\/wp-json\/wp\/v2\/comments?post=5914"}],"wp:featuredmedia":[{"embeddable":true,"href":"https:\/\/femalestore.pl\/femalewarsaw\/wp-json\/wp\/v2\/media\/6058"}],"wp:attachment":[{"href":"https:\/\/femalestore.pl\/femalewarsaw\/wp-json\/wp\/v2\/media?parent=5914"}],"wp:term":[{"taxonomy":"product_cat","embeddable":true,"href":"https:\/\/femalestore.pl\/femalewarsaw\/wp-json\/wp\/v2\/product_cat?post=5914"},{"taxonomy":"product_tag","embeddable":true,"href":"https:\/\/femalestore.pl\/femalewarsaw\/wp-json\/wp\/v2\/product_tag?post=5914"}],"curies":[{"name":"wp","href":"https:\/\/api.w.org\/{rel}","templated":true}]}}