{"id":5918,"date":"2023-07-21T09:03:01","date_gmt":"2023-07-21T07:03:01","guid":{"rendered":"https:\/\/femalestore.pl\/femalewarsaw\/?post_type=product&#038;p=5918"},"modified":"2024-07-31T15:26:13","modified_gmt":"2024-07-31T13:26:13","slug":"cotton-shirt","status":"publish","type":"product","link":"https:\/\/femalestore.pl\/femalewarsaw\/sklep\/cotton-shirt\/","title":{"rendered":"Cotton Shirt"},"content":{"rendered":"<p><\/p>\n<p style=\"padding-left: 40px;\">Koszula uszyta ze 100% bawe\u0142ny (OekotexStandard100), w wygl\u0105dzie przypominaj\u0105cej po\u0142\u0105czenie lnu z mu\u015blinem. Koszula ma kieszenie oraz jest zapinana na napy.<\/p>\n<p>&nbsp;<\/p>\n<p>Dost\u0119pna r\u00f3wnie\u017c w komplecie z szortami lub d\u0142ugimi spodniami.<\/p>","protected":false},"excerpt":{"rendered":"<p>Koszula uszyta ze 100% bawe\u0142ny (OekotexStandard100), w wygl\u0105dzie przypominaj\u0105cej po\u0142\u0105czenie lnu z mu\u015blinem. Koszula ma kieszenie oraz jest zapinana na napy. &nbsp; Dost\u0119pna r\u00f3wnie\u017c w komplecie z szortami lub d\u0142ugimi spodniami.<\/p>\n","protected":false},"featured_media":6066,"comment_status":"open","ping_status":"closed","template":"","meta":[],"product_cat":[81],"product_tag":[],"_links":{"self":[{"href":"https:\/\/femalestore.pl\/femalewarsaw\/wp-json\/wp\/v2\/product\/5918"}],"collection":[{"href":"https:\/\/femalestore.pl\/femalewarsaw\/wp-json\/wp\/v2\/product"}],"about":[{"href":"https:\/\/femalestore.pl\/femalewarsaw\/wp-json\/wp\/v2\/types\/product"}],"replies":[{"embeddable":true,"href":"https:\/\/femalestore.pl\/femalewarsaw\/wp-json\/wp\/v2\/comments?post=5918"}],"wp:featuredmedia":[{"embeddable":true,"href":"https:\/\/femalestore.pl\/femalewarsaw\/wp-json\/wp\/v2\/media\/6066"}],"wp:attachment":[{"href":"https:\/\/femalestore.pl\/femalewarsaw\/wp-json\/wp\/v2\/media?parent=5918"}],"wp:term":[{"taxonomy":"product_cat","embeddable":true,"href":"https:\/\/femalestore.pl\/femalewarsaw\/wp-json\/wp\/v2\/product_cat?post=5918"},{"taxonomy":"product_tag","embeddable":true,"href":"https:\/\/femalestore.pl\/femalewarsaw\/wp-json\/wp\/v2\/product_tag?post=5918"}],"curies":[{"name":"wp","href":"https:\/\/api.w.org\/{rel}","templated":true}]}}