{"id":6088,"date":"2023-09-20T14:50:07","date_gmt":"2023-09-20T12:50:07","guid":{"rendered":"https:\/\/femalestore.pl\/femalewarsaw\/?post_type=product&#038;p=6088"},"modified":"2024-11-25T09:59:32","modified_gmt":"2024-11-25T08:59:32","slug":"boucle-pants","status":"publish","type":"product","link":"https:\/\/femalestore.pl\/femalewarsaw\/sklep\/boucle-pants\/","title":{"rendered":"Boucle Pants"},"content":{"rendered":"<p><\/p>\n<ul>\n<li>We\u0142niane spodnie o ponadczasowym\u00a0kroju.<\/li>\n<li>Pranie chemiczne. Prasowa\u0107 par\u0105.\u00a0Nie suszy\u0107 mechanicznie.<\/li>\n<li>Materia\u0142: \u00a0We\u0142na Boucle (sk\u0142ad: 80% we\u0142na, 20% poliamid)<\/li>\n<li class=\"p1\">Produkt dost\u0119pny w rozmiarze \u00a0Onesize. Na zam\u00f3wienie szyjemy tak\u017ce mniejsze i wi\u0119ksze kurtki.<\/li>\n<\/ul>\n<p>Do kompletu dost\u0119pna jest r\u00f3wnie\u017c kurtka &#8211; Boucle Jacket<\/p>","protected":false},"excerpt":{"rendered":"<p>Chcesz zam\u00f3wi\u0107 ten produkt na wymiar?<br \/>\n<a href=\"https:\/\/femalestore.pl\/femalewarsaw\/kontakt\/\">Napisz do nas!<\/a><\/p>\n","protected":false},"featured_media":6078,"comment_status":"open","ping_status":"closed","template":"","meta":[],"product_cat":[81],"product_tag":[],"_links":{"self":[{"href":"https:\/\/femalestore.pl\/femalewarsaw\/wp-json\/wp\/v2\/product\/6088"}],"collection":[{"href":"https:\/\/femalestore.pl\/femalewarsaw\/wp-json\/wp\/v2\/product"}],"about":[{"href":"https:\/\/femalestore.pl\/femalewarsaw\/wp-json\/wp\/v2\/types\/product"}],"replies":[{"embeddable":true,"href":"https:\/\/femalestore.pl\/femalewarsaw\/wp-json\/wp\/v2\/comments?post=6088"}],"wp:featuredmedia":[{"embeddable":true,"href":"https:\/\/femalestore.pl\/femalewarsaw\/wp-json\/wp\/v2\/media\/6078"}],"wp:attachment":[{"href":"https:\/\/femalestore.pl\/femalewarsaw\/wp-json\/wp\/v2\/media?parent=6088"}],"wp:term":[{"taxonomy":"product_cat","embeddable":true,"href":"https:\/\/femalestore.pl\/femalewarsaw\/wp-json\/wp\/v2\/product_cat?post=6088"},{"taxonomy":"product_tag","embeddable":true,"href":"https:\/\/femalestore.pl\/femalewarsaw\/wp-json\/wp\/v2\/product_tag?post=6088"}],"curies":[{"name":"wp","href":"https:\/\/api.w.org\/{rel}","templated":true}]}}