{"id":6091,"date":"2023-09-20T15:11:50","date_gmt":"2023-09-20T13:11:50","guid":{"rendered":"https:\/\/femalestore.pl\/femalewarsaw\/?post_type=product&#038;p=6091"},"modified":"2026-02-15T17:33:15","modified_gmt":"2026-02-15T16:33:15","slug":"mermaid-viscose","status":"publish","type":"product","link":"https:\/\/femalestore.pl\/femalewarsaw\/sklep\/mermaid-viscose\/","title":{"rendered":"Mermaid Viscose"},"content":{"rendered":"<p>&nbsp;<\/p>\n<ul>\n<li class=\"p1\">Idealny model zar\u00f3wno na eleganckie wyj\u015bcia jak i \u015blub\/wesele\/poprawiny.<\/li>\n<li class=\"p1\">Sukienka dopasowuje si\u0119 do sylwetki za pomoc\u0105 regulowanych rami\u0105czek na plecach. Charakteryzuje si\u0119 g\u0142\u0119bokim dekoltem na plecach.<\/li>\n<li class=\"p1\">Produkt nadaje si\u0119 delikatnego prania w pralce \u00a0max.30 stopni. Prasowa\u0107 par\u0105.\u00a0Nie suszy\u0107 mechanicznie.<\/li>\n<li class=\"p1\">Materia\u0142: \u00a0Wiskoza<\/li>\n<\/ul>\n<ul>\n<li class=\"p1\">Produkt dost\u0119pny w rozmiarze Onesize<\/li>\n<li class=\"p1\">Sukienka\u00a0jest szyta r\u0119cznie w Polsce.<\/li>\n<\/ul>\n<p><\/p>","protected":false},"excerpt":{"rendered":"<p>&nbsp; Idealny model zar\u00f3wno na eleganckie wyj\u015bcia jak i \u015blub\/wesele\/poprawiny. Sukienka dopasowuje si\u0119 do sylwetki za pomoc\u0105 regulowanych rami\u0105czek na plecach. Charakteryzuje si\u0119 g\u0142\u0119bokim dekoltem na plecach. Produkt nadaje si\u0119 delikatnego prania w pralce \u00a0max.30 stopni. Prasowa\u0107 par\u0105.\u00a0Nie suszy\u0107 mechanicznie. Materia\u0142: \u00a0Wiskoza Produkt dost\u0119pny w rozmiarze Onesize Sukienka\u00a0jest szyta r\u0119cznie w Polsce.<\/p>\n","protected":false},"featured_media":6030,"comment_status":"open","ping_status":"closed","template":"","meta":[],"product_cat":[82],"product_tag":[],"_links":{"self":[{"href":"https:\/\/femalestore.pl\/femalewarsaw\/wp-json\/wp\/v2\/product\/6091"}],"collection":[{"href":"https:\/\/femalestore.pl\/femalewarsaw\/wp-json\/wp\/v2\/product"}],"about":[{"href":"https:\/\/femalestore.pl\/femalewarsaw\/wp-json\/wp\/v2\/types\/product"}],"replies":[{"embeddable":true,"href":"https:\/\/femalestore.pl\/femalewarsaw\/wp-json\/wp\/v2\/comments?post=6091"}],"wp:featuredmedia":[{"embeddable":true,"href":"https:\/\/femalestore.pl\/femalewarsaw\/wp-json\/wp\/v2\/media\/6030"}],"wp:attachment":[{"href":"https:\/\/femalestore.pl\/femalewarsaw\/wp-json\/wp\/v2\/media?parent=6091"}],"wp:term":[{"taxonomy":"product_cat","embeddable":true,"href":"https:\/\/femalestore.pl\/femalewarsaw\/wp-json\/wp\/v2\/product_cat?post=6091"},{"taxonomy":"product_tag","embeddable":true,"href":"https:\/\/femalestore.pl\/femalewarsaw\/wp-json\/wp\/v2\/product_tag?post=6091"}],"curies":[{"name":"wp","href":"https:\/\/api.w.org\/{rel}","templated":true}]}}