{"id":6098,"date":"2023-09-21T13:32:53","date_gmt":"2023-09-21T11:32:53","guid":{"rendered":"https:\/\/femalestore.pl\/femalewarsaw\/?post_type=product&#038;p=6098"},"modified":"2025-11-25T11:01:25","modified_gmt":"2025-11-25T10:01:25","slug":"siena-dress","status":"publish","type":"product","link":"https:\/\/femalestore.pl\/femalewarsaw\/sklep\/siena-dress\/","title":{"rendered":"Siena Dress"},"content":{"rendered":"<p><\/p>\n<ul>\n<li class=\"p1\" style=\"text-align: left;\">Idealny model na\u00a0lato oraz eleganckie wyj\u015bcia.<\/li>\n<li class=\"p1\">Sukienka charakteryzuje si\u0119 g\u0142\u0119bokim dekoltem V\u00a0na plecach.<\/li>\n<li class=\"p1\">Produkt nadaje si\u0119 do prania r\u0119cznego. Prasowa\u0107 par\u0105.\u00a0Nie suszy\u0107 mechanicznie.<\/li>\n<li class=\"p1\">Materia\u0142: \u00a0Tencel<\/li>\n<li class=\"p1\">Produkt dost\u0119pny w rozmiarze Onesize.<\/li>\n<li class=\"p1\">Sukienka\u00a0jest wega\u0144ska, szyta r\u0119cznie w Polsce.<\/li>\n<\/ul>\n<p><\/p>","protected":false},"excerpt":{"rendered":"<p>Idealny model na\u00a0lato oraz eleganckie wyj\u015bcia. Sukienka charakteryzuje si\u0119 g\u0142\u0119bokim dekoltem V\u00a0na plecach. Produkt nadaje si\u0119 do prania r\u0119cznego. Prasowa\u0107 par\u0105.\u00a0Nie suszy\u0107 mechanicznie. Materia\u0142: \u00a0Tencel Produkt dost\u0119pny w rozmiarze Onesize. Sukienka\u00a0jest wega\u0144ska, szyta r\u0119cznie w Polsce.<\/p>\n","protected":false},"featured_media":5949,"comment_status":"open","ping_status":"closed","template":"","meta":[],"product_cat":[81,82],"product_tag":[],"_links":{"self":[{"href":"https:\/\/femalestore.pl\/femalewarsaw\/wp-json\/wp\/v2\/product\/6098"}],"collection":[{"href":"https:\/\/femalestore.pl\/femalewarsaw\/wp-json\/wp\/v2\/product"}],"about":[{"href":"https:\/\/femalestore.pl\/femalewarsaw\/wp-json\/wp\/v2\/types\/product"}],"replies":[{"embeddable":true,"href":"https:\/\/femalestore.pl\/femalewarsaw\/wp-json\/wp\/v2\/comments?post=6098"}],"wp:featuredmedia":[{"embeddable":true,"href":"https:\/\/femalestore.pl\/femalewarsaw\/wp-json\/wp\/v2\/media\/5949"}],"wp:attachment":[{"href":"https:\/\/femalestore.pl\/femalewarsaw\/wp-json\/wp\/v2\/media?parent=6098"}],"wp:term":[{"taxonomy":"product_cat","embeddable":true,"href":"https:\/\/femalestore.pl\/femalewarsaw\/wp-json\/wp\/v2\/product_cat?post=6098"},{"taxonomy":"product_tag","embeddable":true,"href":"https:\/\/femalestore.pl\/femalewarsaw\/wp-json\/wp\/v2\/product_tag?post=6098"}],"curies":[{"name":"wp","href":"https:\/\/api.w.org\/{rel}","templated":true}]}}