{"id":6119,"date":"2023-09-21T14:11:41","date_gmt":"2023-09-21T12:11:41","guid":{"rendered":"https:\/\/femalestore.pl\/femalewarsaw\/?post_type=product&#038;p=6119"},"modified":"2025-05-30T18:15:16","modified_gmt":"2025-05-30T16:15:16","slug":"tied-casablanca-maxi","status":"publish","type":"product","link":"https:\/\/femalestore.pl\/femalewarsaw\/sklep\/tied-casablanca-maxi\/","title":{"rendered":"Tied Casablanca Maxi"},"content":{"rendered":"<p>&nbsp;<\/p>\n<ul>\n<li>Idealny model na\u00a0szczeg\u00f3lne okazje.<\/li>\n<li>Sukienka charakteryzuje si\u0119 g\u0142\u0119bokim dekoltem na plecach i wi\u0105zanymi, regulowanymi rami\u0105czkami na krzy\u017c.<\/li>\n<li>Produkt nadaje si\u0119 do prania chemicznego. Prasowa\u0107 par\u0105.\u00a0Nie suszy\u0107 mechanicznie.<\/li>\n<li>Materia\u0142: Jedwab<\/li>\n<li class=\"p1\">Produkt dost\u0119pny w rozmiarze: XS, S, M, L.<\/li>\n<li class=\"p1\">Sukienka jest szyta r\u0119cznie w Polsce.<\/li>\n<\/ul>\n<p><\/p>","protected":false},"excerpt":{"rendered":"<p>&nbsp; Idealny model na\u00a0szczeg\u00f3lne okazje. Sukienka charakteryzuje si\u0119 g\u0142\u0119bokim dekoltem na plecach i wi\u0105zanymi, regulowanymi rami\u0105czkami na krzy\u017c. Produkt nadaje si\u0119 do prania chemicznego. Prasowa\u0107 par\u0105.\u00a0Nie suszy\u0107 mechanicznie. Materia\u0142: Jedwab Produkt dost\u0119pny w rozmiarze: XS, S, M, L. Sukienka jest szyta r\u0119cznie w Polsce.<\/p>\n","protected":false},"featured_media":5942,"comment_status":"open","ping_status":"closed","template":"","meta":[],"product_cat":[82],"product_tag":[],"_links":{"self":[{"href":"https:\/\/femalestore.pl\/femalewarsaw\/wp-json\/wp\/v2\/product\/6119"}],"collection":[{"href":"https:\/\/femalestore.pl\/femalewarsaw\/wp-json\/wp\/v2\/product"}],"about":[{"href":"https:\/\/femalestore.pl\/femalewarsaw\/wp-json\/wp\/v2\/types\/product"}],"replies":[{"embeddable":true,"href":"https:\/\/femalestore.pl\/femalewarsaw\/wp-json\/wp\/v2\/comments?post=6119"}],"wp:featuredmedia":[{"embeddable":true,"href":"https:\/\/femalestore.pl\/femalewarsaw\/wp-json\/wp\/v2\/media\/5942"}],"wp:attachment":[{"href":"https:\/\/femalestore.pl\/femalewarsaw\/wp-json\/wp\/v2\/media?parent=6119"}],"wp:term":[{"taxonomy":"product_cat","embeddable":true,"href":"https:\/\/femalestore.pl\/femalewarsaw\/wp-json\/wp\/v2\/product_cat?post=6119"},{"taxonomy":"product_tag","embeddable":true,"href":"https:\/\/femalestore.pl\/femalewarsaw\/wp-json\/wp\/v2\/product_tag?post=6119"}],"curies":[{"name":"wp","href":"https:\/\/api.w.org\/{rel}","templated":true}]}}