{"id":6125,"date":"2023-09-21T14:17:18","date_gmt":"2023-09-21T12:17:18","guid":{"rendered":"https:\/\/femalestore.pl\/femalewarsaw\/?post_type=product&#038;p=6125"},"modified":"2024-07-31T15:29:44","modified_gmt":"2024-07-31T13:29:44","slug":"nea-dress","status":"publish","type":"product","link":"https:\/\/femalestore.pl\/femalewarsaw\/sklep\/nea-dress\/","title":{"rendered":"Nea Dress"},"content":{"rendered":"<p>&nbsp;<\/p>\n<ul>\n<li>Idealny model na\u00a0szczeg\u00f3lne okazje.<\/li>\n<li>Sukienka z regulowanym wi\u0105zaniem nad biustem.<\/li>\n<li>Produkt nadaje si\u0119 do prania chemicznego. Prasowa\u0107 par\u0105.\u00a0Nie suszy\u0107 mechanicznie.<\/li>\n<li>Materia\u0142: Jedwab<\/li>\n<li class=\"p1\">Produkt dost\u0119pny w rozmiarze: Onesize<\/li>\n<li class=\"p1\">Sukienka jest szyta r\u0119cznie w Polsce.<\/li>\n<\/ul>\n<p><\/p>","protected":false},"excerpt":{"rendered":"<p>&nbsp; Idealny model na\u00a0szczeg\u00f3lne okazje. Sukienka z regulowanym wi\u0105zaniem nad biustem. Produkt nadaje si\u0119 do prania chemicznego. Prasowa\u0107 par\u0105.\u00a0Nie suszy\u0107 mechanicznie. Materia\u0142: Jedwab Produkt dost\u0119pny w rozmiarze: Onesize Sukienka jest szyta r\u0119cznie w Polsce.<\/p>\n","protected":false},"featured_media":6016,"comment_status":"open","ping_status":"closed","template":"","meta":[],"product_cat":[82],"product_tag":[],"_links":{"self":[{"href":"https:\/\/femalestore.pl\/femalewarsaw\/wp-json\/wp\/v2\/product\/6125"}],"collection":[{"href":"https:\/\/femalestore.pl\/femalewarsaw\/wp-json\/wp\/v2\/product"}],"about":[{"href":"https:\/\/femalestore.pl\/femalewarsaw\/wp-json\/wp\/v2\/types\/product"}],"replies":[{"embeddable":true,"href":"https:\/\/femalestore.pl\/femalewarsaw\/wp-json\/wp\/v2\/comments?post=6125"}],"wp:featuredmedia":[{"embeddable":true,"href":"https:\/\/femalestore.pl\/femalewarsaw\/wp-json\/wp\/v2\/media\/6016"}],"wp:attachment":[{"href":"https:\/\/femalestore.pl\/femalewarsaw\/wp-json\/wp\/v2\/media?parent=6125"}],"wp:term":[{"taxonomy":"product_cat","embeddable":true,"href":"https:\/\/femalestore.pl\/femalewarsaw\/wp-json\/wp\/v2\/product_cat?post=6125"},{"taxonomy":"product_tag","embeddable":true,"href":"https:\/\/femalestore.pl\/femalewarsaw\/wp-json\/wp\/v2\/product_tag?post=6125"}],"curies":[{"name":"wp","href":"https:\/\/api.w.org\/{rel}","templated":true}]}}