{"id":6327,"date":"2024-04-13T18:02:27","date_gmt":"2024-04-13T16:02:27","guid":{"rendered":"https:\/\/femalestore.pl\/femalewarsaw\/?post_type=product&#038;p=6327"},"modified":"2026-02-15T21:35:09","modified_gmt":"2026-02-15T20:35:09","slug":"linen-set","status":"publish","type":"product","link":"https:\/\/femalestore.pl\/femalewarsaw\/sklep\/linen-set\/","title":{"rendered":"Linen Set"},"content":{"rendered":"<p><\/p>\n<ul>\n<li>Oversize&#8217;owa koszula z kr\u00f3tkimi spodenkami<\/li>\n<li>Produkty nadaj\u0105 si\u0119 do prania r\u0119cznego. Prasowa\u0107 par\u0105.\u00a0Nie suszy\u0107 mechanicznie.<\/li>\n<li>Materia: 100% Len<\/li>\n<li class=\"p1\">Produkt dost\u0119pny w rozmiarze One size<\/li>\n<li>Zestaw jest szyty r\u0119cznie w Polsce.<\/li>\n<\/ul>\n<p><\/p>","protected":false},"excerpt":{"rendered":"<p>Oversize&#8217;owa koszula z kr\u00f3tkimi spodenkami Produkty nadaj\u0105 si\u0119 do prania r\u0119cznego. Prasowa\u0107 par\u0105.\u00a0Nie suszy\u0107 mechanicznie. Materia: 100% Len Produkt dost\u0119pny w rozmiarze One size Zestaw jest szyty r\u0119cznie w Polsce.<\/p>\n","protected":false},"featured_media":6378,"comment_status":"open","ping_status":"closed","template":"","meta":[],"product_cat":[81],"product_tag":[],"_links":{"self":[{"href":"https:\/\/femalestore.pl\/femalewarsaw\/wp-json\/wp\/v2\/product\/6327"}],"collection":[{"href":"https:\/\/femalestore.pl\/femalewarsaw\/wp-json\/wp\/v2\/product"}],"about":[{"href":"https:\/\/femalestore.pl\/femalewarsaw\/wp-json\/wp\/v2\/types\/product"}],"replies":[{"embeddable":true,"href":"https:\/\/femalestore.pl\/femalewarsaw\/wp-json\/wp\/v2\/comments?post=6327"}],"wp:featuredmedia":[{"embeddable":true,"href":"https:\/\/femalestore.pl\/femalewarsaw\/wp-json\/wp\/v2\/media\/6378"}],"wp:attachment":[{"href":"https:\/\/femalestore.pl\/femalewarsaw\/wp-json\/wp\/v2\/media?parent=6327"}],"wp:term":[{"taxonomy":"product_cat","embeddable":true,"href":"https:\/\/femalestore.pl\/femalewarsaw\/wp-json\/wp\/v2\/product_cat?post=6327"},{"taxonomy":"product_tag","embeddable":true,"href":"https:\/\/femalestore.pl\/femalewarsaw\/wp-json\/wp\/v2\/product_tag?post=6327"}],"curies":[{"name":"wp","href":"https:\/\/api.w.org\/{rel}","templated":true}]}}