{"id":6552,"date":"2024-07-31T15:09:09","date_gmt":"2024-07-31T13:09:09","guid":{"rendered":"https:\/\/femalestore.pl\/femalewarsaw\/?post_type=product&#038;p=6552"},"modified":"2025-03-07T14:15:02","modified_gmt":"2025-03-07T13:15:02","slug":"linen-3-4-set","status":"publish","type":"product","link":"https:\/\/femalestore.pl\/femalewarsaw\/sklep\/linen-3-4-set\/","title":{"rendered":"Linen 3\/4 Set"},"content":{"rendered":"<p><\/p>\n<ul>\n<li>Koszula z lu\u017anym r\u0119kawem 3\/4 i kr\u00f3tkimi spodenkami w zestawie.<\/li>\n<li>Produkty nadaj\u0105 si\u0119 do prania r\u0119cznego. Prasowa\u0107 par\u0105.\u00a0Nie suszy\u0107 mechanicznie.<\/li>\n<li>Materia: 100% Len<\/li>\n<li class=\"p1\">Produkt dost\u0119pny w rozmiarze One size<\/li>\n<li>Zestaw jest szyty r\u0119cznie w Polsce.<\/li>\n<\/ul>\n<p><\/p>","protected":false},"excerpt":{"rendered":"<p>Koszula z lu\u017anym r\u0119kawem 3\/4 i kr\u00f3tkimi spodenkami w zestawie. Produkty nadaj\u0105 si\u0119 do prania r\u0119cznego. Prasowa\u0107 par\u0105.\u00a0Nie suszy\u0107 mechanicznie. Materia: 100% Len Produkt dost\u0119pny w rozmiarze One size Zestaw jest szyty r\u0119cznie w Polsce.<\/p>\n","protected":false},"featured_media":6500,"comment_status":"open","ping_status":"closed","template":"","meta":[],"product_cat":[81],"product_tag":[],"_links":{"self":[{"href":"https:\/\/femalestore.pl\/femalewarsaw\/wp-json\/wp\/v2\/product\/6552"}],"collection":[{"href":"https:\/\/femalestore.pl\/femalewarsaw\/wp-json\/wp\/v2\/product"}],"about":[{"href":"https:\/\/femalestore.pl\/femalewarsaw\/wp-json\/wp\/v2\/types\/product"}],"replies":[{"embeddable":true,"href":"https:\/\/femalestore.pl\/femalewarsaw\/wp-json\/wp\/v2\/comments?post=6552"}],"wp:featuredmedia":[{"embeddable":true,"href":"https:\/\/femalestore.pl\/femalewarsaw\/wp-json\/wp\/v2\/media\/6500"}],"wp:attachment":[{"href":"https:\/\/femalestore.pl\/femalewarsaw\/wp-json\/wp\/v2\/media?parent=6552"}],"wp:term":[{"taxonomy":"product_cat","embeddable":true,"href":"https:\/\/femalestore.pl\/femalewarsaw\/wp-json\/wp\/v2\/product_cat?post=6552"},{"taxonomy":"product_tag","embeddable":true,"href":"https:\/\/femalestore.pl\/femalewarsaw\/wp-json\/wp\/v2\/product_tag?post=6552"}],"curies":[{"name":"wp","href":"https:\/\/api.w.org\/{rel}","templated":true}]}}