{"id":6554,"date":"2024-07-31T15:14:56","date_gmt":"2024-07-31T13:14:56","guid":{"rendered":"https:\/\/femalestore.pl\/femalewarsaw\/?post_type=product&#038;p=6554"},"modified":"2025-03-07T14:14:49","modified_gmt":"2025-03-07T13:14:49","slug":"linen-top","status":"publish","type":"product","link":"https:\/\/femalestore.pl\/femalewarsaw\/sklep\/linen-top\/","title":{"rendered":"Linen Top"},"content":{"rendered":"<p><\/p>\n<ul>\n<li>Marszczony top z gumk\u0105.<\/li>\n<li>Produkt nadaje si\u0119 do prania r\u0119cznego. Prasowa\u0107 par\u0105.\u00a0Nie suszy\u0107 mechanicznie.<\/li>\n<li>Materia: 100% Len<\/li>\n<li class=\"p1\">Produkt dost\u0119pny w rozmiarze One size<\/li>\n<li>Zestaw jest szyty r\u0119cznie w Polsce.<\/li>\n<\/ul>\n<p><\/p>","protected":false},"excerpt":{"rendered":"<p>Marszczony top z gumk\u0105. Produkt nadaje si\u0119 do prania r\u0119cznego. Prasowa\u0107 par\u0105.\u00a0Nie suszy\u0107 mechanicznie. Materia: 100% Len Produkt dost\u0119pny w rozmiarze One size Zestaw jest szyty r\u0119cznie w Polsce.<\/p>\n","protected":false},"featured_media":6514,"comment_status":"open","ping_status":"closed","template":"","meta":[],"product_cat":[81],"product_tag":[],"_links":{"self":[{"href":"https:\/\/femalestore.pl\/femalewarsaw\/wp-json\/wp\/v2\/product\/6554"}],"collection":[{"href":"https:\/\/femalestore.pl\/femalewarsaw\/wp-json\/wp\/v2\/product"}],"about":[{"href":"https:\/\/femalestore.pl\/femalewarsaw\/wp-json\/wp\/v2\/types\/product"}],"replies":[{"embeddable":true,"href":"https:\/\/femalestore.pl\/femalewarsaw\/wp-json\/wp\/v2\/comments?post=6554"}],"wp:featuredmedia":[{"embeddable":true,"href":"https:\/\/femalestore.pl\/femalewarsaw\/wp-json\/wp\/v2\/media\/6514"}],"wp:attachment":[{"href":"https:\/\/femalestore.pl\/femalewarsaw\/wp-json\/wp\/v2\/media?parent=6554"}],"wp:term":[{"taxonomy":"product_cat","embeddable":true,"href":"https:\/\/femalestore.pl\/femalewarsaw\/wp-json\/wp\/v2\/product_cat?post=6554"},{"taxonomy":"product_tag","embeddable":true,"href":"https:\/\/femalestore.pl\/femalewarsaw\/wp-json\/wp\/v2\/product_tag?post=6554"}],"curies":[{"name":"wp","href":"https:\/\/api.w.org\/{rel}","templated":true}]}}