{"id":6559,"date":"2024-07-31T15:38:45","date_gmt":"2024-07-31T13:38:45","guid":{"rendered":"https:\/\/femalestore.pl\/femalewarsaw\/?post_type=product&#038;p=6559"},"modified":"2025-03-07T14:14:30","modified_gmt":"2025-03-07T13:14:30","slug":"silk-pants","status":"publish","type":"product","link":"https:\/\/femalestore.pl\/femalewarsaw\/sklep\/silk-pants\/","title":{"rendered":"Silk Pants"},"content":{"rendered":"<p><\/p>\n<ul>\n<li>Lu\u017ane spodnie z gumk\u0105.<\/li>\n<li>Produkt nadaje si\u0119 do delikatnego prania r\u0119cznego w zimnej wodzie. Prasowa\u0107 par\u0105.\u00a0Nie suszy\u0107 mechanicznie.<\/li>\n<li>Materia\u0142: Jedwab<\/li>\n<li class=\"p1\">Produkt dost\u0119pny w rozmiarze: XS, S, M, L.<\/li>\n<li class=\"p1\">Spodnie s\u0105 wega\u0144skie, szyte r\u0119cznie w Polsce.<\/li>\n<\/ul>\n<p><\/p>","protected":false},"excerpt":{"rendered":"<p>Lu\u017ane spodnie z gumk\u0105. Produkt nadaje si\u0119 do delikatnego prania r\u0119cznego w zimnej wodzie. Prasowa\u0107 par\u0105.\u00a0Nie suszy\u0107 mechanicznie. Materia\u0142: Jedwab Produkt dost\u0119pny w rozmiarze: XS, S, M, L. Spodnie s\u0105 wega\u0144skie, szyte r\u0119cznie w Polsce.<\/p>\n","protected":false},"featured_media":6499,"comment_status":"open","ping_status":"closed","template":"","meta":[],"product_cat":[81],"product_tag":[],"_links":{"self":[{"href":"https:\/\/femalestore.pl\/femalewarsaw\/wp-json\/wp\/v2\/product\/6559"}],"collection":[{"href":"https:\/\/femalestore.pl\/femalewarsaw\/wp-json\/wp\/v2\/product"}],"about":[{"href":"https:\/\/femalestore.pl\/femalewarsaw\/wp-json\/wp\/v2\/types\/product"}],"replies":[{"embeddable":true,"href":"https:\/\/femalestore.pl\/femalewarsaw\/wp-json\/wp\/v2\/comments?post=6559"}],"wp:featuredmedia":[{"embeddable":true,"href":"https:\/\/femalestore.pl\/femalewarsaw\/wp-json\/wp\/v2\/media\/6499"}],"wp:attachment":[{"href":"https:\/\/femalestore.pl\/femalewarsaw\/wp-json\/wp\/v2\/media?parent=6559"}],"wp:term":[{"taxonomy":"product_cat","embeddable":true,"href":"https:\/\/femalestore.pl\/femalewarsaw\/wp-json\/wp\/v2\/product_cat?post=6559"},{"taxonomy":"product_tag","embeddable":true,"href":"https:\/\/femalestore.pl\/femalewarsaw\/wp-json\/wp\/v2\/product_tag?post=6559"}],"curies":[{"name":"wp","href":"https:\/\/api.w.org\/{rel}","templated":true}]}}