{"id":6623,"date":"2024-12-17T15:03:42","date_gmt":"2024-12-17T14:03:42","guid":{"rendered":"https:\/\/femalestore.pl\/femalewarsaw\/?post_type=product&#038;p=6623"},"modified":"2025-03-07T14:14:00","modified_gmt":"2025-03-07T13:14:00","slug":"modal-set","status":"publish","type":"product","link":"https:\/\/femalestore.pl\/femalewarsaw\/sklep\/modal-set\/","title":{"rendered":"Modal Set"},"content":{"rendered":"<p><\/p>\n<ol>\n<li>Najprzyjemniejsza w dotyku bluza o kroju oversize&#8217;owym z opuszczonym ramieniem w komplecie z prostymi spodniami.<\/li>\n<li>Uszyte z cudownej medalowej dzianiny z mi\u0142\u0105 pluszow\u0105 warstw\u0105 od wewn\u0105trz,<\/li>\n<li class=\"p1\">Produkt nadaje si\u0119 do prania w pralce przy u\u017cyciu programu dla tkanin delikatnych i maksymalnej temperaturze 30 stopni. Prasowa\u0107 przy maksymalnej temperaturze 110 stopni. Nie suszy\u0107 mechanicznie.<\/li>\n<li>Sk\u0142ad: 38% Modal, 55% Poliester, 7% Elastan<\/li>\n<li class=\"p1\">Komplet dost\u0119pny w rozmiarze S, M, L,<\/li>\n<li class=\"p1\">Komplet jest szyty r\u0119cznie w Polsce.<\/li>\n<\/ol>\n<p>&nbsp;<\/p>","protected":false},"excerpt":{"rendered":"<p>Chcesz zam\u00f3wi\u0107 ten produkt\u00a0na wymiar?<br \/>\n<a href=\"https:\/\/femalestore.pl\/femalewarsaw\/kontakt\/\">Napisz do nas!<\/a><\/p>\n","protected":false},"featured_media":6632,"comment_status":"open","ping_status":"closed","template":"","meta":[],"product_cat":[81,101],"product_tag":[],"_links":{"self":[{"href":"https:\/\/femalestore.pl\/femalewarsaw\/wp-json\/wp\/v2\/product\/6623"}],"collection":[{"href":"https:\/\/femalestore.pl\/femalewarsaw\/wp-json\/wp\/v2\/product"}],"about":[{"href":"https:\/\/femalestore.pl\/femalewarsaw\/wp-json\/wp\/v2\/types\/product"}],"replies":[{"embeddable":true,"href":"https:\/\/femalestore.pl\/femalewarsaw\/wp-json\/wp\/v2\/comments?post=6623"}],"wp:featuredmedia":[{"embeddable":true,"href":"https:\/\/femalestore.pl\/femalewarsaw\/wp-json\/wp\/v2\/media\/6632"}],"wp:attachment":[{"href":"https:\/\/femalestore.pl\/femalewarsaw\/wp-json\/wp\/v2\/media?parent=6623"}],"wp:term":[{"taxonomy":"product_cat","embeddable":true,"href":"https:\/\/femalestore.pl\/femalewarsaw\/wp-json\/wp\/v2\/product_cat?post=6623"},{"taxonomy":"product_tag","embeddable":true,"href":"https:\/\/femalestore.pl\/femalewarsaw\/wp-json\/wp\/v2\/product_tag?post=6623"}],"curies":[{"name":"wp","href":"https:\/\/api.w.org\/{rel}","templated":true}]}}