{"id":6657,"date":"2025-03-06T14:53:38","date_gmt":"2025-03-06T13:53:38","guid":{"rendered":"https:\/\/femalestore.pl\/femalewarsaw\/?post_type=product&#038;p=6657"},"modified":"2025-11-19T00:14:19","modified_gmt":"2025-11-18T23:14:19","slug":"silk-dress","status":"publish","type":"product","link":"https:\/\/femalestore.pl\/femalewarsaw\/sklep\/silk-dress\/","title":{"rendered":"Silk Dress"},"content":{"rendered":"<p><\/p>\n<ul>\n<li>Klasyczna sukienka z odkrytymi plecami<\/li>\n<li>Regulowane rami\u0105czka<\/li>\n<li>Produkt nadaje si\u0119 do delikatnego prania r\u0119cznego w zimnej wodzie. Prasowa\u0107 par\u0105.\u00a0Nie suszy\u0107 mechanicznie<\/li>\n<li>Materia\u0142: 100% jedwab<\/li>\n<li class=\"p1\">Produkt dost\u0119pny w rozmiarze S, M, L.<\/li>\n<li class=\"p1\">Sukienka szyta r\u0119cznie w Polsce<\/li>\n<\/ul>\n<p><\/p>","protected":false},"excerpt":{"rendered":"<p>Klasyczna sukienka z odkrytymi plecami Regulowane rami\u0105czka Produkt nadaje si\u0119 do delikatnego prania r\u0119cznego w zimnej wodzie. Prasowa\u0107 par\u0105.\u00a0Nie suszy\u0107 mechanicznie Materia\u0142: 100% jedwab Produkt dost\u0119pny w rozmiarze S, M, L. Sukienka szyta r\u0119cznie w Polsce<\/p>\n","protected":false},"featured_media":6686,"comment_status":"open","ping_status":"closed","template":"","meta":[],"product_cat":[81,82],"product_tag":[],"_links":{"self":[{"href":"https:\/\/femalestore.pl\/femalewarsaw\/wp-json\/wp\/v2\/product\/6657"}],"collection":[{"href":"https:\/\/femalestore.pl\/femalewarsaw\/wp-json\/wp\/v2\/product"}],"about":[{"href":"https:\/\/femalestore.pl\/femalewarsaw\/wp-json\/wp\/v2\/types\/product"}],"replies":[{"embeddable":true,"href":"https:\/\/femalestore.pl\/femalewarsaw\/wp-json\/wp\/v2\/comments?post=6657"}],"wp:featuredmedia":[{"embeddable":true,"href":"https:\/\/femalestore.pl\/femalewarsaw\/wp-json\/wp\/v2\/media\/6686"}],"wp:attachment":[{"href":"https:\/\/femalestore.pl\/femalewarsaw\/wp-json\/wp\/v2\/media?parent=6657"}],"wp:term":[{"taxonomy":"product_cat","embeddable":true,"href":"https:\/\/femalestore.pl\/femalewarsaw\/wp-json\/wp\/v2\/product_cat?post=6657"},{"taxonomy":"product_tag","embeddable":true,"href":"https:\/\/femalestore.pl\/femalewarsaw\/wp-json\/wp\/v2\/product_tag?post=6657"}],"curies":[{"name":"wp","href":"https:\/\/api.w.org\/{rel}","templated":true}]}}