{"id":6749,"date":"2025-03-07T14:01:37","date_gmt":"2025-03-07T13:01:37","guid":{"rendered":"https:\/\/femalestore.pl\/femalewarsaw\/?post_type=product&#038;p=6749"},"modified":"2025-11-19T00:13:24","modified_gmt":"2025-11-18T23:13:24","slug":"brown-cupro-dress","status":"publish","type":"product","link":"https:\/\/femalestore.pl\/femalewarsaw\/sklep\/brown-cupro-dress\/","title":{"rendered":"Cupro Dress"},"content":{"rendered":"<p><\/p>\n<ul>\n<li>Sukienka z odkrytymi plecami, wi\u0105zana na szyi<\/li>\n<li>Produkt nadaje si\u0119 do delikatnego prania r\u0119cznego w zimnej wodzie. Prasowa\u0107 par\u0105.\u00a0Nie suszy\u0107 mechanicznie<\/li>\n<li>Materia\u0142: 100% cupro. UWAGA! Miedziana wersja jest z satyny wiskozowej 100% wiskoza<\/li>\n<li class=\"p1\">Produkt dost\u0119pny w rozmiarze S, M, L.<\/li>\n<li class=\"p1\">Sukienka szyta r\u0119cznie w Polsce<\/li>\n<\/ul>\n<p><\/p>","protected":false},"excerpt":{"rendered":"<p>Sukienka z odkrytymi plecami, wi\u0105zana na szyi Produkt nadaje si\u0119 do delikatnego prania r\u0119cznego w zimnej wodzie. Prasowa\u0107 par\u0105.\u00a0Nie suszy\u0107 mechanicznie Materia\u0142: 100% cupro. UWAGA! Miedziana wersja jest z satyny wiskozowej 100% wiskoza Produkt dost\u0119pny w rozmiarze S, M, L. Sukienka szyta r\u0119cznie w Polsce<\/p>\n","protected":false},"featured_media":6694,"comment_status":"open","ping_status":"closed","template":"","meta":[],"product_cat":[81,82],"product_tag":[],"_links":{"self":[{"href":"https:\/\/femalestore.pl\/femalewarsaw\/wp-json\/wp\/v2\/product\/6749"}],"collection":[{"href":"https:\/\/femalestore.pl\/femalewarsaw\/wp-json\/wp\/v2\/product"}],"about":[{"href":"https:\/\/femalestore.pl\/femalewarsaw\/wp-json\/wp\/v2\/types\/product"}],"replies":[{"embeddable":true,"href":"https:\/\/femalestore.pl\/femalewarsaw\/wp-json\/wp\/v2\/comments?post=6749"}],"wp:featuredmedia":[{"embeddable":true,"href":"https:\/\/femalestore.pl\/femalewarsaw\/wp-json\/wp\/v2\/media\/6694"}],"wp:attachment":[{"href":"https:\/\/femalestore.pl\/femalewarsaw\/wp-json\/wp\/v2\/media?parent=6749"}],"wp:term":[{"taxonomy":"product_cat","embeddable":true,"href":"https:\/\/femalestore.pl\/femalewarsaw\/wp-json\/wp\/v2\/product_cat?post=6749"},{"taxonomy":"product_tag","embeddable":true,"href":"https:\/\/femalestore.pl\/femalewarsaw\/wp-json\/wp\/v2\/product_tag?post=6749"}],"curies":[{"name":"wp","href":"https:\/\/api.w.org\/{rel}","templated":true}]}}