{"id":6751,"date":"2025-03-07T14:03:28","date_gmt":"2025-03-07T13:03:28","guid":{"rendered":"https:\/\/femalestore.pl\/femalewarsaw\/?post_type=product&#038;p=6751"},"modified":"2026-03-06T17:19:20","modified_gmt":"2026-03-06T16:19:20","slug":"tencel-shirt-set","status":"publish","type":"product","link":"https:\/\/femalestore.pl\/femalewarsaw\/sklep\/tencel-shirt-set\/","title":{"rendered":"Cupro Shirt Set"},"content":{"rendered":"<p><\/p>\n<ul>\n<li style=\"list-style-type: none;\">\n<ul>\n<li style=\"text-align: left;\">Komplet koszula + spodnie<\/li>\n<\/ul>\n<\/li>\n<li>Koszula oversize, zapinana na napy<\/li>\n<li>Spodnie na gumk\u0105 z lu\u017an\u0105 nogawk\u0105<\/li>\n<li>Produkt nadaje si\u0119 do delikatnego prania r\u0119cznego w zimnej wodzie. Prasowa\u0107 par\u0105.\u00a0Nie suszy\u0107 mechanicznie<\/li>\n<li>Materia\u0142: 100% Cupro<\/li>\n<li class=\"p1\">Produkt dost\u0119pny w rozmiarze Onesize<\/li>\n<li class=\"p1\">Produkty szyte r\u0119cznie w Polsce<\/li>\n<\/ul>\n<p><\/p>","protected":false},"excerpt":{"rendered":"<p>Komplet koszula + spodnie Koszula oversize, zapinana na napy Spodnie na gumk\u0105 z lu\u017an\u0105 nogawk\u0105 Produkt nadaje si\u0119 do delikatnego prania r\u0119cznego w zimnej wodzie. Prasowa\u0107 par\u0105.\u00a0Nie suszy\u0107 mechanicznie Materia\u0142: 100% Cupro Produkt dost\u0119pny w rozmiarze Onesize Produkty szyte r\u0119cznie w Polsce<\/p>\n","protected":false},"featured_media":6661,"comment_status":"open","ping_status":"closed","template":"","meta":[],"product_cat":[81],"product_tag":[],"_links":{"self":[{"href":"https:\/\/femalestore.pl\/femalewarsaw\/wp-json\/wp\/v2\/product\/6751"}],"collection":[{"href":"https:\/\/femalestore.pl\/femalewarsaw\/wp-json\/wp\/v2\/product"}],"about":[{"href":"https:\/\/femalestore.pl\/femalewarsaw\/wp-json\/wp\/v2\/types\/product"}],"replies":[{"embeddable":true,"href":"https:\/\/femalestore.pl\/femalewarsaw\/wp-json\/wp\/v2\/comments?post=6751"}],"wp:featuredmedia":[{"embeddable":true,"href":"https:\/\/femalestore.pl\/femalewarsaw\/wp-json\/wp\/v2\/media\/6661"}],"wp:attachment":[{"href":"https:\/\/femalestore.pl\/femalewarsaw\/wp-json\/wp\/v2\/media?parent=6751"}],"wp:term":[{"taxonomy":"product_cat","embeddable":true,"href":"https:\/\/femalestore.pl\/femalewarsaw\/wp-json\/wp\/v2\/product_cat?post=6751"},{"taxonomy":"product_tag","embeddable":true,"href":"https:\/\/femalestore.pl\/femalewarsaw\/wp-json\/wp\/v2\/product_tag?post=6751"}],"curies":[{"name":"wp","href":"https:\/\/api.w.org\/{rel}","templated":true}]}}