{"id":6753,"date":"2025-03-07T14:10:21","date_gmt":"2025-03-07T13:10:21","guid":{"rendered":"https:\/\/femalestore.pl\/femalewarsaw\/?post_type=product&#038;p=6753"},"modified":"2026-01-21T15:38:54","modified_gmt":"2026-01-21T14:38:54","slug":"cupro-top","status":"publish","type":"product","link":"https:\/\/femalestore.pl\/femalewarsaw\/sklep\/cupro-top\/","title":{"rendered":"Cupro Top"},"content":{"rendered":"<p><\/p>\n<ul>\n<li>Top na grubsze rami\u0105czka<\/li>\n<li>Produkt nadaje si\u0119 do delikatnego prania r\u0119cznego w zimnej wodzie. Prasowa\u0107 par\u0105.\u00a0Nie suszy\u0107 mechanicznie<\/li>\n<li>Materia\u0142: 100% cupro<\/li>\n<li class=\"p1\">Produkt dost\u0119pny w rozmiarze S, M, L.<\/li>\n<li class=\"p1\">Produkt szyty r\u0119cznie w Polsce<\/li>\n<\/ul>\n<p><\/p>","protected":false},"excerpt":{"rendered":"<p>Top na grubsze rami\u0105czka Produkt nadaje si\u0119 do delikatnego prania r\u0119cznego w zimnej wodzie. Prasowa\u0107 par\u0105.\u00a0Nie suszy\u0107 mechanicznie Materia\u0142: 100% cupro Produkt dost\u0119pny w rozmiarze S, M, L. Produkt szyty r\u0119cznie w Polsce<\/p>\n","protected":false},"featured_media":6665,"comment_status":"open","ping_status":"closed","template":"","meta":[],"product_cat":[81],"product_tag":[],"_links":{"self":[{"href":"https:\/\/femalestore.pl\/femalewarsaw\/wp-json\/wp\/v2\/product\/6753"}],"collection":[{"href":"https:\/\/femalestore.pl\/femalewarsaw\/wp-json\/wp\/v2\/product"}],"about":[{"href":"https:\/\/femalestore.pl\/femalewarsaw\/wp-json\/wp\/v2\/types\/product"}],"replies":[{"embeddable":true,"href":"https:\/\/femalestore.pl\/femalewarsaw\/wp-json\/wp\/v2\/comments?post=6753"}],"wp:featuredmedia":[{"embeddable":true,"href":"https:\/\/femalestore.pl\/femalewarsaw\/wp-json\/wp\/v2\/media\/6665"}],"wp:attachment":[{"href":"https:\/\/femalestore.pl\/femalewarsaw\/wp-json\/wp\/v2\/media?parent=6753"}],"wp:term":[{"taxonomy":"product_cat","embeddable":true,"href":"https:\/\/femalestore.pl\/femalewarsaw\/wp-json\/wp\/v2\/product_cat?post=6753"},{"taxonomy":"product_tag","embeddable":true,"href":"https:\/\/femalestore.pl\/femalewarsaw\/wp-json\/wp\/v2\/product_tag?post=6753"}],"curies":[{"name":"wp","href":"https:\/\/api.w.org\/{rel}","templated":true}]}}