{"id":6759,"date":"2025-03-07T14:25:13","date_gmt":"2025-03-07T13:25:13","guid":{"rendered":"https:\/\/femalestore.pl\/femalewarsaw\/?post_type=product&#038;p=6759"},"modified":"2025-11-19T00:12:21","modified_gmt":"2025-11-18T23:12:21","slug":"cotton-dress-2","status":"publish","type":"product","link":"https:\/\/femalestore.pl\/femalewarsaw\/sklep\/cotton-dress-2\/","title":{"rendered":"Cotton Dress"},"content":{"rendered":"<p>&nbsp;<\/p>\n<ul>\n<li>Sukienka uszyta ze 100% bawe\u0142ny (OekotexStandard100), w wygl\u0105dzie przypominaj\u0105cej po\u0142\u0105czenie lnu z mu\u015blinem.<\/li>\n<li>Sukienka z odkrytymi plecami, wi\u0105zana na szyi<\/li>\n<li>Produkt nadaje si\u0119 do delikatnego prania w 30 stopniach. Prasowa\u0107 par\u0105.\u00a0Nie suszy\u0107 mechanicznie<\/li>\n<li>Materia\u0142: 100% bawe\u0142na<\/li>\n<li class=\"p1\">Produkt dost\u0119pny w rozmiarze S, M, L<\/li>\n<li class=\"p1\">Produkt szyty r\u0119cznie w Polsce<\/li>\n<\/ul>\n<p><\/p>","protected":false},"excerpt":{"rendered":"<p>&nbsp; Sukienka uszyta ze 100% bawe\u0142ny (OekotexStandard100), w wygl\u0105dzie przypominaj\u0105cej po\u0142\u0105czenie lnu z mu\u015blinem. Sukienka z odkrytymi plecami, wi\u0105zana na szyi Produkt nadaje si\u0119 do delikatnego prania w 30 stopniach. Prasowa\u0107 par\u0105.\u00a0Nie suszy\u0107 mechanicznie Materia\u0142: 100% bawe\u0142na Produkt dost\u0119pny w rozmiarze S, M, L Produkt szyty r\u0119cznie w Polsce<\/p>\n","protected":false},"featured_media":6738,"comment_status":"open","ping_status":"closed","template":"","meta":[],"product_cat":[81],"product_tag":[],"_links":{"self":[{"href":"https:\/\/femalestore.pl\/femalewarsaw\/wp-json\/wp\/v2\/product\/6759"}],"collection":[{"href":"https:\/\/femalestore.pl\/femalewarsaw\/wp-json\/wp\/v2\/product"}],"about":[{"href":"https:\/\/femalestore.pl\/femalewarsaw\/wp-json\/wp\/v2\/types\/product"}],"replies":[{"embeddable":true,"href":"https:\/\/femalestore.pl\/femalewarsaw\/wp-json\/wp\/v2\/comments?post=6759"}],"wp:featuredmedia":[{"embeddable":true,"href":"https:\/\/femalestore.pl\/femalewarsaw\/wp-json\/wp\/v2\/media\/6738"}],"wp:attachment":[{"href":"https:\/\/femalestore.pl\/femalewarsaw\/wp-json\/wp\/v2\/media?parent=6759"}],"wp:term":[{"taxonomy":"product_cat","embeddable":true,"href":"https:\/\/femalestore.pl\/femalewarsaw\/wp-json\/wp\/v2\/product_cat?post=6759"},{"taxonomy":"product_tag","embeddable":true,"href":"https:\/\/femalestore.pl\/femalewarsaw\/wp-json\/wp\/v2\/product_tag?post=6759"}],"curies":[{"name":"wp","href":"https:\/\/api.w.org\/{rel}","templated":true}]}}