{"id":1015,"date":"2021-09-02T09:29:25","date_gmt":"2021-09-02T07:29:25","guid":{"rendered":"https:\/\/femalestore.pl\/magalipascal\/?post_type=product&#038;p=1015"},"modified":"2025-09-30T12:55:12","modified_gmt":"2025-09-30T10:55:12","slug":"sacha-jeans-2","status":"publish","type":"product","link":"https:\/\/femalestore.pl\/magalipascal\/sklep\/sacha-jeans-2\/","title":{"rendered":"Sacha Jeans"},"content":{"rendered":"<p><\/p>\n<div class=\"J0lOec\">\n<div class=\"dePhmb\">\n<div class=\"eyKpYb\" data-language=\"pl\" data-original-language=\"en\" data-result-index=\"0\">\n<div class=\"J0lOec\">\n<p>D\u017cinsy o prostym kroju z wyrazistymi przeszyciami z przodu i z ty\u0142u, g\u0142\u0119bok\u0105 kieszeni\u0105 z boku i z ty\u0142u oraz szlufkami na guziki. D\u017cinsy mo\u017cna nosi\u0107 wysoko lub w talii, w zale\u017cno\u015bci od po\u017c\u0105danego kroju.<\/p>\n<ul>\n<li>D\u017cins<\/li>\n<li>Proste ci\u0119cie<\/li>\n<li>Szlufki na guziki<\/li>\n<\/ul>\n<p><strong>Sk\u0142ad i piel\u0119gnacja:<\/strong><\/p>\n<p>D\u017cins<\/p>\n<p>Delikatne pranie. Nie suszy\u0107 w suszarce.<\/p>\n<p>Pami\u0119taj, aby unika\u0107 ocierania si\u0119 o szorstkie powierzchnie i zachowa\u0107 ostro\u017cno\u015b\u0107 podczas noszenia bi\u017cuterii, aby unikn\u0105\u0107 szarpania lub rozdzierania si\u0119 tkaniny.<\/p>\n<\/div>\n<p>&nbsp;<\/p>\n<p>Polina ma 178cm wzrostu i nosi rozmiar S<\/p>\n<\/div>\n<\/div>\n<\/div>\n<p>Skorzystaj z naszego przewodnika, aby znale\u017a\u0107 najlepszy rozmiar.<\/p>\n<div class=\"rte__table-wrapper\">\n<table style=\"height: 296px;\" width=\"820\">\n<tbody>\n<tr>\n<td><\/td>\n<td>Biust<br \/>\n(cm)<\/td>\n<td>Talia<br \/>\n(cm)<\/td>\n<td>Biodra<br \/>\n(cm)<\/td>\n<td>Biust<br \/>\n(in)<\/td>\n<td>Talia<br \/>\n(in)<\/td>\n<td>Biodra<br \/>\n(in)<\/td>\n<\/tr>\n<tr>\n<td><\/td>\n<td><\/td>\n<td><\/td>\n<td><\/td>\n<td><\/td>\n<td><\/td>\n<td><\/td>\n<\/tr>\n<tr>\n<td>XS<\/td>\n<td>84<\/td>\n<td>64<\/td>\n<td>90<\/td>\n<td>33<\/td>\n<td>25<\/td>\n<td>35.5<\/td>\n<\/tr>\n<tr>\n<td><\/td>\n<td><\/td>\n<td><\/td>\n<td><\/td>\n<td><\/td>\n<td><\/td>\n<td><\/td>\n<\/tr>\n<tr>\n<td>S<\/td>\n<td>88<\/td>\n<td>68<\/td>\n<td>94<\/td>\n<td>34.5<\/td>\n<td>26.5<\/td>\n<td>37<\/td>\n<\/tr>\n<tr>\n<td><\/td>\n<td><\/td>\n<td><\/td>\n<td><\/td>\n<td><\/td>\n<td><\/td>\n<td><\/td>\n<\/tr>\n<tr>\n<td>M<\/td>\n<td>92<\/td>\n<td>72<\/td>\n<td>98<\/td>\n<td>36<\/td>\n<td>28.5<\/td>\n<td>38.5<\/td>\n<\/tr>\n<tr>\n<td><\/td>\n<td><\/td>\n<td><\/td>\n<td><\/td>\n<td><\/td>\n<td><\/td>\n<td><\/td>\n<\/tr>\n<tr>\n<td>L<\/td>\n<td>96<\/td>\n<td>76<\/td>\n<td>102<\/td>\n<td>38<\/td>\n<td>30<\/td>\n<td>40<\/td>\n<\/tr>\n<\/tbody>\n<\/table>\n<\/div>\n<p data-empty=\"true\">\n<p><\/p>","protected":false},"excerpt":{"rendered":"<p>D\u017cinsy o prostym kroju z wyrazistymi przeszyciami z przodu i z ty\u0142u, g\u0142\u0119bok\u0105 kieszeni\u0105 z boku i z ty\u0142u oraz szlufkami na guziki. D\u017cinsy mo\u017cna nosi\u0107 wysoko lub w talii, w zale\u017cno\u015bci od po\u017c\u0105danego kroju. D\u017cins Proste ci\u0119cie Szlufki na guziki Sk\u0142ad i piel\u0119gnacja: D\u017cins Delikatne pranie. Nie suszy\u0107 w suszarce. Pami\u0119taj, aby unika\u0107 ocierania [&hellip;]<\/p>\n","protected":false},"featured_media":1036,"comment_status":"open","ping_status":"closed","template":"","meta":[],"product_cat":[31,18],"product_tag":[],"_links":{"self":[{"href":"https:\/\/femalestore.pl\/magalipascal\/wp-json\/wp\/v2\/product\/1015"}],"collection":[{"href":"https:\/\/femalestore.pl\/magalipascal\/wp-json\/wp\/v2\/product"}],"about":[{"href":"https:\/\/femalestore.pl\/magalipascal\/wp-json\/wp\/v2\/types\/product"}],"replies":[{"embeddable":true,"href":"https:\/\/femalestore.pl\/magalipascal\/wp-json\/wp\/v2\/comments?post=1015"}],"wp:featuredmedia":[{"embeddable":true,"href":"https:\/\/femalestore.pl\/magalipascal\/wp-json\/wp\/v2\/media\/1036"}],"wp:attachment":[{"href":"https:\/\/femalestore.pl\/magalipascal\/wp-json\/wp\/v2\/media?parent=1015"}],"wp:term":[{"taxonomy":"product_cat","embeddable":true,"href":"https:\/\/femalestore.pl\/magalipascal\/wp-json\/wp\/v2\/product_cat?post=1015"},{"taxonomy":"product_tag","embeddable":true,"href":"https:\/\/femalestore.pl\/magalipascal\/wp-json\/wp\/v2\/product_tag?post=1015"}],"curies":[{"name":"wp","href":"https:\/\/api.w.org\/{rel}","templated":true}]}}