{"id":1042,"date":"2021-09-02T10:05:15","date_gmt":"2021-09-02T08:05:15","guid":{"rendered":"https:\/\/femalestore.pl\/magalipascal\/?post_type=product&#038;p=1042"},"modified":"2023-12-20T14:06:54","modified_gmt":"2023-12-20T13:06:54","slug":"alize-turtleneck","status":"publish","type":"product","link":"https:\/\/femalestore.pl\/magalipascal\/sklep\/alize-turtleneck\/","title":{"rendered":"Alize Turtleneck"},"content":{"rendered":"<p><\/p>\n<div class=\"J0lOec\">\n<div class=\"dePhmb\">\n<div class=\"eyKpYb\" data-language=\"pl\" data-original-language=\"en\" data-result-index=\"0\">\n<div class=\"J0lOec\">\n<p>Alize to golf z drugiej sk\u00f3ry, wykonany w 100% z jedwabnego \u015bci\u0105gacza. Prostota jest kluczowa w tym projekcie i mo\u017cna j\u0105 nosi\u0107 pod charakterystyczn\u0105 sukienk\u0105 Magali Pascal lub stylizowa\u0107 z d\u017cinsowymi spodniami, aby uzyska\u0107 elegancki, swobodny wygl\u0105d.<\/p>\n<ul>\n<li>100% Jedwabiu<\/li>\n<li>Szczelna konstrukcja<\/li>\n<li>Golf<\/li>\n<li>D\u0142ugie r\u0119kawy<\/li>\n<\/ul>\n<p><strong>Sk\u0142ad i piel\u0119gnacja:<\/strong><\/p>\n<p>Jedwab<\/p>\n<p>Pranie r\u0119czne. Nie prasowa\u0107. Nie czy\u015bci\u0107 chemicznie. Nie suszy\u0107 w suszarce. Suszy\u0107 na p\u0142asko.<\/p>\n<p>Pami\u0119taj, aby unika\u0107 ocierania o szorstkie powierzchnie i zachowa\u0107 ostro\u017cno\u015b\u0107 podczas noszenia bi\u017cuterii, aby unikn\u0105\u0107 szarpania lub rozdzierania si\u0119 tkaniny.<\/p>\n<\/div>\n<p>Polina ma 178cm wzrostu i nosi rozmiar S<\/p>\n<\/div>\n<\/div>\n<\/div>\n<p>Skorzystaj z naszego przewodnika, aby znale\u017a\u0107 najlepszy rozmiar.<\/p>\n<div class=\"rte__table-wrapper\">\n<table style=\"height: 296px;\" width=\"820\">\n<tbody>\n<tr>\n<td><\/td>\n<td>Biust<br \/>\n(cm)<\/td>\n<td>Talia<br \/>\n(cm)<\/td>\n<td>Biodra<br \/>\n(cm)<\/td>\n<td>Biust<br \/>\n(in)<\/td>\n<td>Talia<br \/>\n(in)<\/td>\n<td>Biodra<br \/>\n(in)<\/td>\n<\/tr>\n<tr>\n<td><\/td>\n<td><\/td>\n<td><\/td>\n<td><\/td>\n<td><\/td>\n<td><\/td>\n<td><\/td>\n<\/tr>\n<tr>\n<td>XS<\/td>\n<td>84<\/td>\n<td>64<\/td>\n<td>90<\/td>\n<td>33<\/td>\n<td>25<\/td>\n<td>35.5<\/td>\n<\/tr>\n<tr>\n<td><\/td>\n<td><\/td>\n<td><\/td>\n<td><\/td>\n<td><\/td>\n<td><\/td>\n<td><\/td>\n<\/tr>\n<tr>\n<td>S<\/td>\n<td>88<\/td>\n<td>68<\/td>\n<td>94<\/td>\n<td>34.5<\/td>\n<td>26.5<\/td>\n<td>37<\/td>\n<\/tr>\n<tr>\n<td><\/td>\n<td><\/td>\n<td><\/td>\n<td><\/td>\n<td><\/td>\n<td><\/td>\n<td><\/td>\n<\/tr>\n<tr>\n<td>M<\/td>\n<td>92<\/td>\n<td>72<\/td>\n<td>98<\/td>\n<td>36<\/td>\n<td>28.5<\/td>\n<td>38.5<\/td>\n<\/tr>\n<tr>\n<td><\/td>\n<td><\/td>\n<td><\/td>\n<td><\/td>\n<td><\/td>\n<td><\/td>\n<td><\/td>\n<\/tr>\n<tr>\n<td>L<\/td>\n<td>96<\/td>\n<td>76<\/td>\n<td>102<\/td>\n<td>38<\/td>\n<td>30<\/td>\n<td>40<\/td>\n<\/tr>\n<\/tbody>\n<\/table>\n<\/div>\n<p data-empty=\"true\">\n<p><\/p>","protected":false},"excerpt":{"rendered":"<p>Alize to golf z drugiej sk\u00f3ry, wykonany w 100% z jedwabnego \u015bci\u0105gacza. Prostota jest kluczowa w tym projekcie i mo\u017cna j\u0105 nosi\u0107 pod charakterystyczn\u0105 sukienk\u0105 Magali Pascal lub stylizowa\u0107 z d\u017cinsowymi spodniami, aby uzyska\u0107 elegancki, swobodny wygl\u0105d. 100% Jedwabiu Szczelna konstrukcja Golf D\u0142ugie r\u0119kawy Sk\u0142ad i piel\u0119gnacja: Jedwab Pranie r\u0119czne. Nie prasowa\u0107. Nie czy\u015bci\u0107 chemicznie. [&hellip;]<\/p>\n","protected":false},"featured_media":1021,"comment_status":"open","ping_status":"closed","template":"","meta":[],"product_cat":[31,18],"product_tag":[],"_links":{"self":[{"href":"https:\/\/femalestore.pl\/magalipascal\/wp-json\/wp\/v2\/product\/1042"}],"collection":[{"href":"https:\/\/femalestore.pl\/magalipascal\/wp-json\/wp\/v2\/product"}],"about":[{"href":"https:\/\/femalestore.pl\/magalipascal\/wp-json\/wp\/v2\/types\/product"}],"replies":[{"embeddable":true,"href":"https:\/\/femalestore.pl\/magalipascal\/wp-json\/wp\/v2\/comments?post=1042"}],"wp:featuredmedia":[{"embeddable":true,"href":"https:\/\/femalestore.pl\/magalipascal\/wp-json\/wp\/v2\/media\/1021"}],"wp:attachment":[{"href":"https:\/\/femalestore.pl\/magalipascal\/wp-json\/wp\/v2\/media?parent=1042"}],"wp:term":[{"taxonomy":"product_cat","embeddable":true,"href":"https:\/\/femalestore.pl\/magalipascal\/wp-json\/wp\/v2\/product_cat?post=1042"},{"taxonomy":"product_tag","embeddable":true,"href":"https:\/\/femalestore.pl\/magalipascal\/wp-json\/wp\/v2\/product_tag?post=1042"}],"curies":[{"name":"wp","href":"https:\/\/api.w.org\/{rel}","templated":true}]}}