{"id":1255,"date":"2021-12-08T13:49:04","date_gmt":"2021-12-08T12:49:04","guid":{"rendered":"https:\/\/femalestore.pl\/magalipascal\/?post_type=product&#038;p=1255"},"modified":"2026-02-26T20:52:37","modified_gmt":"2026-02-26T19:52:37","slug":"marissa-dress","status":"publish","type":"product","link":"https:\/\/femalestore.pl\/magalipascal\/sklep\/marissa-dress\/","title":{"rendered":"Marissa Dress"},"content":{"rendered":"<p><\/p>\n<div class=\"J0lOec\">\n<p>Marissa to sukienka wykonana z wykwintnego jedwabiu wiskozowego. Sukienka ma g\u0142\u0119boki dekolt w szpic, sylwetk\u0119 w kszta\u0142cie litery A i jest podszyta od wewn\u0105trz. Posiada elastyczn\u0105 tali\u0119 i detale z falbanami na ca\u0142ej sp\u00f3dnicy i panelach na ramionach oraz wyko\u0144czona jest przezroczystymi r\u0119kawami.<\/p>\n<p>G\u0142\u0119boki dekolt w szpic<\/p>\n<p>Elastyczny pas<\/p>\n<p>Sylwetka w kszta\u0142cie litery A<\/p>\n<p>&nbsp;<\/p>\n<p>&nbsp;<\/p>\n<p>Sk\u0142ad i piel\u0119gnacja:<\/p>\n<p>Wiskoza jedwabna<\/p>\n<p>Pranie r\u0119czne. Nie wybiela\u0107. Nie prasowa\u0107. Nie suszy\u0107 w suszarce.<\/p>\n<\/div>\n<p>Nale\u017cy unika\u0107 tarcia o szorstkie powierzchnie i uwa\u017ca\u0107 podczas noszenia bi\u017cuterii, aby unikn\u0105\u0107 zaci\u0105gni\u0119cia lub rozdarcia tkaniny.<\/p>\n<p>&nbsp;<\/p>\n<p>Modelka ma 177 cm i ma na sobie rozmiar S<\/p>\n<p>Skorzystaj z naszego przewodnika, aby znale\u017a\u0107 najlepszy rozmiar.<\/p>\n<div class=\"rte__table-wrapper\">\n<table style=\"height: 296px;\" width=\"820\">\n<tbody>\n<tr>\n<td><\/td>\n<td>Biust<br \/>\n(cm)<\/td>\n<td>Talia<br \/>\n(cm)<\/td>\n<td>Biodra<br \/>\n(cm)<\/td>\n<td>Biust<br \/>\n(in)<\/td>\n<td>Talia<br \/>\n(in)<\/td>\n<td>Biodra<br \/>\n(in)<\/td>\n<\/tr>\n<tr>\n<td><\/td>\n<td><\/td>\n<td><\/td>\n<td><\/td>\n<td><\/td>\n<td><\/td>\n<td><\/td>\n<\/tr>\n<tr>\n<td>XS<\/td>\n<td>84<\/td>\n<td>64<\/td>\n<td>90<\/td>\n<td>33<\/td>\n<td>25<\/td>\n<td>35.5<\/td>\n<\/tr>\n<tr>\n<td><\/td>\n<td><\/td>\n<td><\/td>\n<td><\/td>\n<td><\/td>\n<td><\/td>\n<td><\/td>\n<\/tr>\n<tr>\n<td>S<\/td>\n<td>88<\/td>\n<td>68<\/td>\n<td>94<\/td>\n<td>34.5<\/td>\n<td>26.5<\/td>\n<td>37<\/td>\n<\/tr>\n<tr>\n<td><\/td>\n<td><\/td>\n<td><\/td>\n<td><\/td>\n<td><\/td>\n<td><\/td>\n<td><\/td>\n<\/tr>\n<tr>\n<td>M<\/td>\n<td>92<\/td>\n<td>72<\/td>\n<td>98<\/td>\n<td>36<\/td>\n<td>28.5<\/td>\n<td>38.5<\/td>\n<\/tr>\n<tr>\n<td><\/td>\n<td><\/td>\n<td><\/td>\n<td><\/td>\n<td><\/td>\n<td><\/td>\n<td><\/td>\n<\/tr>\n<tr>\n<td>L<\/td>\n<td>96<\/td>\n<td>76<\/td>\n<td>102<\/td>\n<td>38<\/td>\n<td>30<\/td>\n<td>40<\/td>\n<\/tr>\n<\/tbody>\n<\/table>\n<\/div>\n<p data-empty=\"true\">\n<p><\/p>","protected":false},"excerpt":{"rendered":"<p>Marissa to sukienka wykonana z wykwintnego jedwabiu wiskozowego. Sukienka ma g\u0142\u0119boki dekolt w szpic, sylwetk\u0119 w kszta\u0142cie litery A i jest podszyta od wewn\u0105trz. Posiada elastyczn\u0105 tali\u0119 i detale z falbanami na ca\u0142ej sp\u00f3dnicy i panelach na ramionach oraz wyko\u0144czona jest przezroczystymi r\u0119kawami. G\u0142\u0119boki dekolt w szpic Elastyczny pas Sylwetka w kszta\u0142cie litery A &nbsp; [&hellip;]<\/p>\n","protected":false},"featured_media":1208,"comment_status":"open","ping_status":"closed","template":"","meta":[],"product_cat":[33,18],"product_tag":[],"_links":{"self":[{"href":"https:\/\/femalestore.pl\/magalipascal\/wp-json\/wp\/v2\/product\/1255"}],"collection":[{"href":"https:\/\/femalestore.pl\/magalipascal\/wp-json\/wp\/v2\/product"}],"about":[{"href":"https:\/\/femalestore.pl\/magalipascal\/wp-json\/wp\/v2\/types\/product"}],"replies":[{"embeddable":true,"href":"https:\/\/femalestore.pl\/magalipascal\/wp-json\/wp\/v2\/comments?post=1255"}],"wp:featuredmedia":[{"embeddable":true,"href":"https:\/\/femalestore.pl\/magalipascal\/wp-json\/wp\/v2\/media\/1208"}],"wp:attachment":[{"href":"https:\/\/femalestore.pl\/magalipascal\/wp-json\/wp\/v2\/media?parent=1255"}],"wp:term":[{"taxonomy":"product_cat","embeddable":true,"href":"https:\/\/femalestore.pl\/magalipascal\/wp-json\/wp\/v2\/product_cat?post=1255"},{"taxonomy":"product_tag","embeddable":true,"href":"https:\/\/femalestore.pl\/magalipascal\/wp-json\/wp\/v2\/product_tag?post=1255"}],"curies":[{"name":"wp","href":"https:\/\/api.w.org\/{rel}","templated":true}]}}