{"id":1267,"date":"2021-12-08T14:09:47","date_gmt":"2021-12-08T13:09:47","guid":{"rendered":"https:\/\/femalestore.pl\/magalipascal\/?post_type=product&#038;p=1267"},"modified":"2026-02-26T20:51:53","modified_gmt":"2026-02-26T19:51:53","slug":"annely-top","status":"publish","type":"product","link":"https:\/\/femalestore.pl\/magalipascal\/sklep\/annely-top\/","title":{"rendered":"Annely Top"},"content":{"rendered":"<p><\/p>\n<div class=\"J0lOec\">\n<p>Wykonany z koronki i szyfonu top Annely z dekoltem o ponadczasowym kroju. Posiada skr\u00f3cone r\u0119kawy, elastyczny ty\u0142 oraz marszczenia wok\u00f3\u0142 szyi i r\u0119kaw\u00f3w.<\/p>\n<p>Przyci\u0119ty r\u0119kaw<br \/>\nElastyczny ty\u0142<br \/>\nWykonane z koronki i szyfonu<\/p>\n<\/div>\n<div class=\"J0lOec\">\n<p>&nbsp;<\/p>\n<p>Sk\u0142ad i piel\u0119gnacja:<\/p>\n<p>Wiskoza GST<\/p>\n<p>Pranie r\u0119czne. Nie wybiela\u0107. Prasowanie w niskiej temperaturze na odwrocie. Nie suszy\u0107 w suszarce.<\/p>\n<\/div>\n<p>Nale\u017cy unika\u0107 tarcia o szorstkie powierzchnie i uwa\u017ca\u0107 podczas noszenia bi\u017cuterii, aby unikn\u0105\u0107 zaci\u0105gni\u0119cia lub rozdarcia tkaniny.<\/p>\n<p>&nbsp;<\/p>\n<p>Modelka ma 180 cm i ma na sobie rozmiar S<\/p>\n<p>Skorzystaj z naszego przewodnika, aby znale\u017a\u0107 najlepszy rozmiar.<\/p>\n<div class=\"rte__table-wrapper\">\n<table style=\"height: 296px;\" width=\"820\">\n<tbody>\n<tr>\n<td><\/td>\n<td>Biust<br \/>\n(cm)<\/td>\n<td>Talia<br \/>\n(cm)<\/td>\n<td>Biodra<br \/>\n(cm)<\/td>\n<td>Biust<br \/>\n(in)<\/td>\n<td>Talia<br \/>\n(in)<\/td>\n<td>Biodra<br \/>\n(in)<\/td>\n<\/tr>\n<tr>\n<td><\/td>\n<td><\/td>\n<td><\/td>\n<td><\/td>\n<td><\/td>\n<td><\/td>\n<td><\/td>\n<\/tr>\n<tr>\n<td>XS<\/td>\n<td>84<\/td>\n<td>64<\/td>\n<td>90<\/td>\n<td>33<\/td>\n<td>25<\/td>\n<td>35.5<\/td>\n<\/tr>\n<tr>\n<td><\/td>\n<td><\/td>\n<td><\/td>\n<td><\/td>\n<td><\/td>\n<td><\/td>\n<td><\/td>\n<\/tr>\n<tr>\n<td>S<\/td>\n<td>88<\/td>\n<td>68<\/td>\n<td>94<\/td>\n<td>34.5<\/td>\n<td>26.5<\/td>\n<td>37<\/td>\n<\/tr>\n<tr>\n<td><\/td>\n<td><\/td>\n<td><\/td>\n<td><\/td>\n<td><\/td>\n<td><\/td>\n<td><\/td>\n<\/tr>\n<tr>\n<td>M<\/td>\n<td>92<\/td>\n<td>72<\/td>\n<td>98<\/td>\n<td>36<\/td>\n<td>28.5<\/td>\n<td>38.5<\/td>\n<\/tr>\n<tr>\n<td><\/td>\n<td><\/td>\n<td><\/td>\n<td><\/td>\n<td><\/td>\n<td><\/td>\n<td><\/td>\n<\/tr>\n<tr>\n<td>L<\/td>\n<td>96<\/td>\n<td>76<\/td>\n<td>102<\/td>\n<td>38<\/td>\n<td>30<\/td>\n<td>40<\/td>\n<\/tr>\n<\/tbody>\n<\/table>\n<\/div>\n<p data-empty=\"true\">\n<p><\/p>","protected":false},"excerpt":{"rendered":"<p>Wykonany z koronki i szyfonu top Annely z dekoltem o ponadczasowym kroju. Posiada skr\u00f3cone r\u0119kawy, elastyczny ty\u0142 oraz marszczenia wok\u00f3\u0142 szyi i r\u0119kaw\u00f3w. Przyci\u0119ty r\u0119kaw Elastyczny ty\u0142 Wykonane z koronki i szyfonu &nbsp; Sk\u0142ad i piel\u0119gnacja: Wiskoza GST Pranie r\u0119czne. Nie wybiela\u0107. Prasowanie w niskiej temperaturze na odwrocie. Nie suszy\u0107 w suszarce. Nale\u017cy unika\u0107 tarcia [&hellip;]<\/p>\n","protected":false},"featured_media":1233,"comment_status":"open","ping_status":"closed","template":"","meta":[],"product_cat":[33,18],"product_tag":[],"_links":{"self":[{"href":"https:\/\/femalestore.pl\/magalipascal\/wp-json\/wp\/v2\/product\/1267"}],"collection":[{"href":"https:\/\/femalestore.pl\/magalipascal\/wp-json\/wp\/v2\/product"}],"about":[{"href":"https:\/\/femalestore.pl\/magalipascal\/wp-json\/wp\/v2\/types\/product"}],"replies":[{"embeddable":true,"href":"https:\/\/femalestore.pl\/magalipascal\/wp-json\/wp\/v2\/comments?post=1267"}],"wp:featuredmedia":[{"embeddable":true,"href":"https:\/\/femalestore.pl\/magalipascal\/wp-json\/wp\/v2\/media\/1233"}],"wp:attachment":[{"href":"https:\/\/femalestore.pl\/magalipascal\/wp-json\/wp\/v2\/media?parent=1267"}],"wp:term":[{"taxonomy":"product_cat","embeddable":true,"href":"https:\/\/femalestore.pl\/magalipascal\/wp-json\/wp\/v2\/product_cat?post=1267"},{"taxonomy":"product_tag","embeddable":true,"href":"https:\/\/femalestore.pl\/magalipascal\/wp-json\/wp\/v2\/product_tag?post=1267"}],"curies":[{"name":"wp","href":"https:\/\/api.w.org\/{rel}","templated":true}]}}