{"id":1283,"date":"2021-12-09T19:23:34","date_gmt":"2021-12-09T18:23:34","guid":{"rendered":"https:\/\/femalestore.pl\/magalipascal\/?post_type=product&#038;p=1283"},"modified":"2026-02-26T20:49:42","modified_gmt":"2026-02-26T19:49:42","slug":"suzane-top","status":"publish","type":"product","link":"https:\/\/femalestore.pl\/magalipascal\/sklep\/suzane-top\/","title":{"rendered":"Suzane Top"},"content":{"rendered":"<p><\/p>\n<div class=\"J0lOec\">\n<p>Wykonana z lekkiej mieszanki bawe\u0142ny i jedwabiu bluzka Suzane emanuje elegancj\u0105 z okr\u0105g\u0142ym ko\u0142nierzem, kt\u00f3ry mo\u017cna nosi\u0107 rozpi\u0119ty lub zapi\u0119ty. Pionowe plisy na r\u0119kawach prowadz\u0105 do dopasowanych mankiet\u00f3w.<\/p>\n<p>Okr\u0105g\u0142y dekolt<\/p>\n<p>R\u0119kawy balonowe<\/p>\n<p>P\u00f3\u0142przezroczysty<\/p>\n<p>Poziomy detal plisowania<\/p>\n<\/div>\n<div class=\"J0lOec\">\n<p>&nbsp;<\/p>\n<p>Sk\u0142ad i piel\u0119gnacja:<\/p>\n<p>Bawe\u0142na, Jedwab<\/p>\n<p>Pranie r\u0119cznie, nie wybiela\u0107, nie czy\u015bci\u0107 chemicznie, nie suszy\u0107 w suszarce b\u0119bnowej, suszy\u0107 na p\u0142asko.<\/p>\n<\/div>\n<p>Nale\u017cy unika\u0107 tarcia o szorstkie powierzchnie i uwa\u017ca\u0107 podczas noszenia bi\u017cuterii, aby unikn\u0105\u0107 zaci\u0105gni\u0119cia lub rozdarcia tkaniny.<\/p>\n<p>&nbsp;<\/p>\n<p>Modelka ma 177 cm i ma na sobie rozmiar S<\/p>\n<p>Skorzystaj z naszego przewodnika, aby znale\u017a\u0107 najlepszy rozmiar.<\/p>\n<div class=\"rte__table-wrapper\">\n<table style=\"height: 296px;\" width=\"820\">\n<tbody>\n<tr>\n<td><\/td>\n<td>Biust<br \/>\n(cm)<\/td>\n<td>Talia<br \/>\n(cm)<\/td>\n<td>Biodra<br \/>\n(cm)<\/td>\n<td>Biust<br \/>\n(in)<\/td>\n<td>Talia<br \/>\n(in)<\/td>\n<td>Biodra<br \/>\n(in)<\/td>\n<\/tr>\n<tr>\n<td><\/td>\n<td><\/td>\n<td><\/td>\n<td><\/td>\n<td><\/td>\n<td><\/td>\n<td><\/td>\n<\/tr>\n<tr>\n<td>XS<\/td>\n<td>84<\/td>\n<td>64<\/td>\n<td>90<\/td>\n<td>33<\/td>\n<td>25<\/td>\n<td>35.5<\/td>\n<\/tr>\n<tr>\n<td><\/td>\n<td><\/td>\n<td><\/td>\n<td><\/td>\n<td><\/td>\n<td><\/td>\n<td><\/td>\n<\/tr>\n<tr>\n<td>S<\/td>\n<td>88<\/td>\n<td>68<\/td>\n<td>94<\/td>\n<td>34.5<\/td>\n<td>26.5<\/td>\n<td>37<\/td>\n<\/tr>\n<tr>\n<td><\/td>\n<td><\/td>\n<td><\/td>\n<td><\/td>\n<td><\/td>\n<td><\/td>\n<td><\/td>\n<\/tr>\n<tr>\n<td>M<\/td>\n<td>92<\/td>\n<td>72<\/td>\n<td>98<\/td>\n<td>36<\/td>\n<td>28.5<\/td>\n<td>38.5<\/td>\n<\/tr>\n<tr>\n<td><\/td>\n<td><\/td>\n<td><\/td>\n<td><\/td>\n<td><\/td>\n<td><\/td>\n<td><\/td>\n<\/tr>\n<tr>\n<td>L<\/td>\n<td>96<\/td>\n<td>76<\/td>\n<td>102<\/td>\n<td>38<\/td>\n<td>30<\/td>\n<td>40<\/td>\n<\/tr>\n<\/tbody>\n<\/table>\n<\/div>\n<p data-empty=\"true\">\n<p><\/p>","protected":false},"excerpt":{"rendered":"<p>Wykonana z lekkiej mieszanki bawe\u0142ny i jedwabiu bluzka Suzane emanuje elegancj\u0105 z okr\u0105g\u0142ym ko\u0142nierzem, kt\u00f3ry mo\u017cna nosi\u0107 rozpi\u0119ty lub zapi\u0119ty. Pionowe plisy na r\u0119kawach prowadz\u0105 do dopasowanych mankiet\u00f3w. Okr\u0105g\u0142y dekolt R\u0119kawy balonowe P\u00f3\u0142przezroczysty Poziomy detal plisowania &nbsp; Sk\u0142ad i piel\u0119gnacja: Bawe\u0142na, Jedwab Pranie r\u0119cznie, nie wybiela\u0107, nie czy\u015bci\u0107 chemicznie, nie suszy\u0107 w suszarce b\u0119bnowej, suszy\u0107 [&hellip;]<\/p>\n","protected":false},"featured_media":1235,"comment_status":"open","ping_status":"closed","template":"","meta":[],"product_cat":[33,18],"product_tag":[],"_links":{"self":[{"href":"https:\/\/femalestore.pl\/magalipascal\/wp-json\/wp\/v2\/product\/1283"}],"collection":[{"href":"https:\/\/femalestore.pl\/magalipascal\/wp-json\/wp\/v2\/product"}],"about":[{"href":"https:\/\/femalestore.pl\/magalipascal\/wp-json\/wp\/v2\/types\/product"}],"replies":[{"embeddable":true,"href":"https:\/\/femalestore.pl\/magalipascal\/wp-json\/wp\/v2\/comments?post=1283"}],"wp:featuredmedia":[{"embeddable":true,"href":"https:\/\/femalestore.pl\/magalipascal\/wp-json\/wp\/v2\/media\/1235"}],"wp:attachment":[{"href":"https:\/\/femalestore.pl\/magalipascal\/wp-json\/wp\/v2\/media?parent=1283"}],"wp:term":[{"taxonomy":"product_cat","embeddable":true,"href":"https:\/\/femalestore.pl\/magalipascal\/wp-json\/wp\/v2\/product_cat?post=1283"},{"taxonomy":"product_tag","embeddable":true,"href":"https:\/\/femalestore.pl\/magalipascal\/wp-json\/wp\/v2\/product_tag?post=1283"}],"curies":[{"name":"wp","href":"https:\/\/api.w.org\/{rel}","templated":true}]}}