{"id":1293,"date":"2021-12-09T19:36:57","date_gmt":"2021-12-09T18:36:57","guid":{"rendered":"https:\/\/femalestore.pl\/magalipascal\/?post_type=product&#038;p=1293"},"modified":"2026-02-26T20:48:10","modified_gmt":"2026-02-26T19:48:10","slug":"rochelle-shirt-dress","status":"publish","type":"product","link":"https:\/\/femalestore.pl\/magalipascal\/sklep\/rochelle-shirt-dress\/","title":{"rendered":"Rochelle Shirt Dress"},"content":{"rendered":"<p><\/p>\n<div class=\"J0lOec\">\n<p>Kr\u00f3j na wz\u00f3r do charakterystycznego kszta\u0142tu Magali Pascal, sukienka koszulowa Rochelle ma warstwow\u0105 sp\u00f3dnic\u0119 i zapi\u0119cie na guziki. Sukienka jest wyko\u0144czona elastycznymi mankietami.<\/p>\n<p>Lu\u017any kr\u00f3j<\/p>\n<p>R\u0119kawy balonowe<\/p>\n<p>Ekskluzywny print MP<\/p>\n<p>&nbsp;<\/p>\n<\/div>\n<div class=\"J0lOec\">\n<p>&nbsp;<\/p>\n<p>Sk\u0142ad i piel\u0119gnacja:<\/p>\n<p>Bawe\u0142na<\/p>\n<p>Pranie r\u0119czne, nie wybiela\u0107, nie czy\u015bci\u0107 chemicznie, nie suszy\u0107 w suszarce b\u0119bnowej, suszy\u0107 na p\u0142asko.<\/p>\n<\/div>\n<p>Nale\u017cy unika\u0107 tarcia o szorstkie powierzchnie i uwa\u017ca\u0107 podczas noszenia bi\u017cuterii, aby unikn\u0105\u0107 zaci\u0105gni\u0119cia lub rozdarcia tkaniny.<\/p>\n<p>&nbsp;<\/p>\n<p>Modelka ma 180 cm i ma na sobie rozmiar S<\/p>\n<p>Skorzystaj z naszego przewodnika, aby znale\u017a\u0107 najlepszy rozmiar.<\/p>\n<div class=\"rte__table-wrapper\">\n<table style=\"height: 296px;\" width=\"820\">\n<tbody>\n<tr>\n<td><\/td>\n<td>Biust<br \/>\n(cm)<\/td>\n<td>Talia<br \/>\n(cm)<\/td>\n<td>Biodra<br \/>\n(cm)<\/td>\n<td>Biust<br \/>\n(in)<\/td>\n<td>Talia<br \/>\n(in)<\/td>\n<td>Biodra<br \/>\n(in)<\/td>\n<\/tr>\n<tr>\n<td><\/td>\n<td><\/td>\n<td><\/td>\n<td><\/td>\n<td><\/td>\n<td><\/td>\n<td><\/td>\n<\/tr>\n<tr>\n<td>XS<\/td>\n<td>84<\/td>\n<td>64<\/td>\n<td>90<\/td>\n<td>33<\/td>\n<td>25<\/td>\n<td>35.5<\/td>\n<\/tr>\n<tr>\n<td><\/td>\n<td><\/td>\n<td><\/td>\n<td><\/td>\n<td><\/td>\n<td><\/td>\n<td><\/td>\n<\/tr>\n<tr>\n<td>S<\/td>\n<td>88<\/td>\n<td>68<\/td>\n<td>94<\/td>\n<td>34.5<\/td>\n<td>26.5<\/td>\n<td>37<\/td>\n<\/tr>\n<tr>\n<td><\/td>\n<td><\/td>\n<td><\/td>\n<td><\/td>\n<td><\/td>\n<td><\/td>\n<td><\/td>\n<\/tr>\n<tr>\n<td>M<\/td>\n<td>92<\/td>\n<td>72<\/td>\n<td>98<\/td>\n<td>36<\/td>\n<td>28.5<\/td>\n<td>38.5<\/td>\n<\/tr>\n<tr>\n<td><\/td>\n<td><\/td>\n<td><\/td>\n<td><\/td>\n<td><\/td>\n<td><\/td>\n<td><\/td>\n<\/tr>\n<tr>\n<td>L<\/td>\n<td>96<\/td>\n<td>76<\/td>\n<td>102<\/td>\n<td>38<\/td>\n<td>30<\/td>\n<td>40<\/td>\n<\/tr>\n<\/tbody>\n<\/table>\n<\/div>\n<p data-empty=\"true\">\n<p><\/p>","protected":false},"excerpt":{"rendered":"<p>Kr\u00f3j na wz\u00f3r do charakterystycznego kszta\u0142tu Magali Pascal, sukienka koszulowa Rochelle ma warstwow\u0105 sp\u00f3dnic\u0119 i zapi\u0119cie na guziki. Sukienka jest wyko\u0144czona elastycznymi mankietami. Lu\u017any kr\u00f3j R\u0119kawy balonowe Ekskluzywny print MP &nbsp; &nbsp; Sk\u0142ad i piel\u0119gnacja: Bawe\u0142na Pranie r\u0119czne, nie wybiela\u0107, nie czy\u015bci\u0107 chemicznie, nie suszy\u0107 w suszarce b\u0119bnowej, suszy\u0107 na p\u0142asko. Nale\u017cy unika\u0107 tarcia o [&hellip;]<\/p>\n","protected":false},"featured_media":1297,"comment_status":"open","ping_status":"closed","template":"","meta":[],"product_cat":[33,18],"product_tag":[],"_links":{"self":[{"href":"https:\/\/femalestore.pl\/magalipascal\/wp-json\/wp\/v2\/product\/1293"}],"collection":[{"href":"https:\/\/femalestore.pl\/magalipascal\/wp-json\/wp\/v2\/product"}],"about":[{"href":"https:\/\/femalestore.pl\/magalipascal\/wp-json\/wp\/v2\/types\/product"}],"replies":[{"embeddable":true,"href":"https:\/\/femalestore.pl\/magalipascal\/wp-json\/wp\/v2\/comments?post=1293"}],"wp:featuredmedia":[{"embeddable":true,"href":"https:\/\/femalestore.pl\/magalipascal\/wp-json\/wp\/v2\/media\/1297"}],"wp:attachment":[{"href":"https:\/\/femalestore.pl\/magalipascal\/wp-json\/wp\/v2\/media?parent=1293"}],"wp:term":[{"taxonomy":"product_cat","embeddable":true,"href":"https:\/\/femalestore.pl\/magalipascal\/wp-json\/wp\/v2\/product_cat?post=1293"},{"taxonomy":"product_tag","embeddable":true,"href":"https:\/\/femalestore.pl\/magalipascal\/wp-json\/wp\/v2\/product_tag?post=1293"}],"curies":[{"name":"wp","href":"https:\/\/api.w.org\/{rel}","templated":true}]}}