{"id":1305,"date":"2021-12-09T19:47:29","date_gmt":"2021-12-09T18:47:29","guid":{"rendered":"https:\/\/femalestore.pl\/magalipascal\/?post_type=product&#038;p=1305"},"modified":"2026-02-26T20:46:52","modified_gmt":"2026-02-26T19:46:52","slug":"clarisse-dress-2","status":"publish","type":"product","link":"https:\/\/femalestore.pl\/magalipascal\/sklep\/clarisse-dress-2\/","title":{"rendered":"Clarisse Dress"},"content":{"rendered":"<p><\/p>\n<div class=\"J0lOec\">\n<p>Wykonana z bawe\u0142nianej popeliny Clarisse to obszerna warstwowa sukienka o d\u0142ugo\u015bci midi.<\/p>\n<p>Regulowane rami\u0105czka<\/p>\n<p>Warstwowe falbany<\/p>\n<p>Kieszenie<\/p>\n<p>D\u0142ugo\u015b\u0107 midi<\/p>\n<p>&nbsp;<\/p>\n<\/div>\n<div class=\"J0lOec\">\n<p>&nbsp;<\/p>\n<p>Sk\u0142ad i piel\u0119gnacja:<\/p>\n<p>Bawe\u0142na<\/p>\n<p>Pranie r\u0119czne, nie wybiela\u0107, nie czy\u015bci\u0107 chemicznie, nie suszy\u0107 w suszarce b\u0119bnowej, suszy\u0107 na p\u0142asko.<\/p>\n<\/div>\n<p>Nale\u017cy unika\u0107 tarcia o szorstkie powierzchnie i uwa\u017ca\u0107 podczas noszenia bi\u017cuterii, aby unikn\u0105\u0107 zaci\u0105gni\u0119cia lub rozdarcia tkaniny.<\/p>\n<p>&nbsp;<\/p>\n<p>Modelka ma 180 cm i ma na sobie rozmiar S<\/p>\n<p>Skorzystaj z naszego przewodnika, aby znale\u017a\u0107 najlepszy rozmiar.<\/p>\n<div class=\"rte__table-wrapper\">\n<table style=\"height: 296px;\" width=\"820\">\n<tbody>\n<tr>\n<td><\/td>\n<td>Biust<br \/>\n(cm)<\/td>\n<td>Talia<br \/>\n(cm)<\/td>\n<td>Biodra<br \/>\n(cm)<\/td>\n<td>Biust<br \/>\n(in)<\/td>\n<td>Talia<br \/>\n(in)<\/td>\n<td>Biodra<br \/>\n(in)<\/td>\n<\/tr>\n<tr>\n<td><\/td>\n<td><\/td>\n<td><\/td>\n<td><\/td>\n<td><\/td>\n<td><\/td>\n<td><\/td>\n<\/tr>\n<tr>\n<td>XS<\/td>\n<td>84<\/td>\n<td>64<\/td>\n<td>90<\/td>\n<td>33<\/td>\n<td>25<\/td>\n<td>35.5<\/td>\n<\/tr>\n<tr>\n<td><\/td>\n<td><\/td>\n<td><\/td>\n<td><\/td>\n<td><\/td>\n<td><\/td>\n<td><\/td>\n<\/tr>\n<tr>\n<td>S<\/td>\n<td>88<\/td>\n<td>68<\/td>\n<td>94<\/td>\n<td>34.5<\/td>\n<td>26.5<\/td>\n<td>37<\/td>\n<\/tr>\n<tr>\n<td><\/td>\n<td><\/td>\n<td><\/td>\n<td><\/td>\n<td><\/td>\n<td><\/td>\n<td><\/td>\n<\/tr>\n<tr>\n<td>M<\/td>\n<td>92<\/td>\n<td>72<\/td>\n<td>98<\/td>\n<td>36<\/td>\n<td>28.5<\/td>\n<td>38.5<\/td>\n<\/tr>\n<tr>\n<td><\/td>\n<td><\/td>\n<td><\/td>\n<td><\/td>\n<td><\/td>\n<td><\/td>\n<td><\/td>\n<\/tr>\n<tr>\n<td>L<\/td>\n<td>96<\/td>\n<td>76<\/td>\n<td>102<\/td>\n<td>38<\/td>\n<td>30<\/td>\n<td>40<\/td>\n<\/tr>\n<\/tbody>\n<\/table>\n<\/div>\n<p data-empty=\"true\">\n<p><\/p>","protected":false},"excerpt":{"rendered":"<p>Wykonana z bawe\u0142nianej popeliny Clarisse to obszerna warstwowa sukienka o d\u0142ugo\u015bci midi. Regulowane rami\u0105czka Warstwowe falbany Kieszenie D\u0142ugo\u015b\u0107 midi &nbsp; &nbsp; Sk\u0142ad i piel\u0119gnacja: Bawe\u0142na Pranie r\u0119czne, nie wybiela\u0107, nie czy\u015bci\u0107 chemicznie, nie suszy\u0107 w suszarce b\u0119bnowej, suszy\u0107 na p\u0142asko. Nale\u017cy unika\u0107 tarcia o szorstkie powierzchnie i uwa\u017ca\u0107 podczas noszenia bi\u017cuterii, aby unikn\u0105\u0107 zaci\u0105gni\u0119cia lub [&hellip;]<\/p>\n","protected":false},"featured_media":1212,"comment_status":"open","ping_status":"closed","template":"","meta":[],"product_cat":[33,18],"product_tag":[],"_links":{"self":[{"href":"https:\/\/femalestore.pl\/magalipascal\/wp-json\/wp\/v2\/product\/1305"}],"collection":[{"href":"https:\/\/femalestore.pl\/magalipascal\/wp-json\/wp\/v2\/product"}],"about":[{"href":"https:\/\/femalestore.pl\/magalipascal\/wp-json\/wp\/v2\/types\/product"}],"replies":[{"embeddable":true,"href":"https:\/\/femalestore.pl\/magalipascal\/wp-json\/wp\/v2\/comments?post=1305"}],"wp:featuredmedia":[{"embeddable":true,"href":"https:\/\/femalestore.pl\/magalipascal\/wp-json\/wp\/v2\/media\/1212"}],"wp:attachment":[{"href":"https:\/\/femalestore.pl\/magalipascal\/wp-json\/wp\/v2\/media?parent=1305"}],"wp:term":[{"taxonomy":"product_cat","embeddable":true,"href":"https:\/\/femalestore.pl\/magalipascal\/wp-json\/wp\/v2\/product_cat?post=1305"},{"taxonomy":"product_tag","embeddable":true,"href":"https:\/\/femalestore.pl\/magalipascal\/wp-json\/wp\/v2\/product_tag?post=1305"}],"curies":[{"name":"wp","href":"https:\/\/api.w.org\/{rel}","templated":true}]}}