{"id":1376,"date":"2022-03-10T23:21:16","date_gmt":"2022-03-10T22:21:16","guid":{"rendered":"https:\/\/femalestore.pl\/magalipascal\/?post_type=product&#038;p=1376"},"modified":"2026-02-26T20:43:22","modified_gmt":"2026-02-26T19:43:22","slug":"philipa-dress","status":"publish","type":"product","link":"https:\/\/femalestore.pl\/magalipascal\/sklep\/philipa-dress\/","title":{"rendered":"Philipa Dress"},"content":{"rendered":"<p>Wykonana z bawe\u0142nianej popeliny sukienka Philipa to obszerna sukienka o d\u0142ugo\u015bci midi, z wysokim dekoltem i plecionymi detalami na klatce piersiowej oraz charakterystycznymi falbankami na ramionach. Warstwowa sukienka jest wyko\u0144czona d\u0142ugimi do \u0142okci bufiastymi r\u0119kawami z elastycznymi mankietami, aby zwi\u0119kszy\u0107 obj\u0119to\u015b\u0107.<\/p>\n<p>Warstwowa sp\u00f3dnica<\/p>\n<p>Pr\u0105\u017ckowany<\/p>\n<p>Okr\u0105g\u0142y ko\u0142nierz<\/p>\n<p>D\u0142ugo\u015b\u0107 midi<\/p>\n<p>&nbsp;<\/p>\n<p>Devita ma 180 cm wzrostu (5&#8217;9) i nosi rozmiar S<\/p>\n<p>Wymiary modelki<\/p>\n<p>biust: 79 ; Talia: 79; Biodra: 88<\/p>\n<p>&nbsp;<\/p>\n<p>Sk\u0142ad i piel\u0119gnacja:<\/p>\n<div class=\"page\" title=\"Page 2\">\n<div class=\"section\">\n<div class=\"layoutArea\">\n<div class=\"column\">\n<div class=\"page\" title=\"Page 3\">\n<div class=\"section\">\n<div class=\"layoutArea\">\n<div class=\"column\">\n<p>100% Bawe\u0142na<\/p>\n<\/div>\n<\/div>\n<\/div>\n<\/div>\n<\/div>\n<\/div>\n<\/div>\n<\/div>\n<p>Delikatnie pranie, nie wybiela\u0107, prasowa\u0107 na najni\u017cszej temperaturze na odwrocie, nie suszy\u0107 w suszarce b\u0119bnowej.<\/p>\n<p>Pami\u0119taj, aby unika\u0107 ocierania si\u0119 o szorstkie powierzchnie i zachowa\u0107 ostro\u017cno\u015b\u0107 podczas noszenia bi\u017cuterii, aby unikn\u0105\u0107 szarpania lub rozdzierania si\u0119 tkaniny.<\/p>\n<p>&nbsp;<\/p>\n<p>&nbsp;<\/p>\n<p>Please use our Size Guide to find your best fit.<\/p>\n<div class=\"rte__table-wrapper\">\n<table class=\"ks-table\" style=\"height: 199px;\" width=\"506\">\n<tbody>\n<tr class=\"ks-table-row\">\n<td class=\"ks-table-cell ks-table-header-cell\">SIZE<\/td>\n<td class=\"ks-table-cell ks-table-header-cell\">BUST<\/td>\n<td class=\"ks-table-cell ks-table-header-cell\">WAIST<\/td>\n<td class=\"ks-table-cell ks-table-header-cell\">HIP<\/td>\n<\/tr>\n<tr class=\"ks-table-row\">\n<td class=\"ks-table-cell ks-table-header-cell\">XS<\/td>\n<td class=\"ks-table-cell\" data-unit-values=\"{&quot;0&quot;:&quot;2ft9.1&quot;&quot;,&quot;1&quot;:&quot;84&quot;}\" data-unit-type=\"single\">84<\/td>\n<td class=\"ks-table-cell\" data-unit-values=\"{&quot;0&quot;:&quot;2ft1.2&quot;&quot;,&quot;1&quot;:&quot;64&quot;}\" data-unit-type=\"single\">64<\/td>\n<td class=\"ks-table-cell\" data-unit-values=\"{&quot;0&quot;:&quot;2ft11.4&quot;&quot;,&quot;1&quot;:&quot;90&quot;}\" data-unit-type=\"single\">90<\/td>\n<\/tr>\n<tr class=\"ks-table-row\">\n<td class=\"ks-table-cell ks-table-header-cell\">S<\/td>\n<td class=\"ks-table-cell\" data-unit-values=\"{&quot;0&quot;:&quot;2ft10.6&quot;&quot;,&quot;1&quot;:&quot;88&quot;}\" data-unit-type=\"single\">88<\/td>\n<td class=\"ks-table-cell\" data-unit-values=\"{&quot;0&quot;:&quot;2ft2.8&quot;&quot;,&quot;1&quot;:&quot;68&quot;}\" data-unit-type=\"single\">68<\/td>\n<td class=\"ks-table-cell\" data-unit-values=\"{&quot;0&quot;:&quot;3ft1&quot;&quot;,&quot;1&quot;:&quot;94&quot;}\" data-unit-type=\"single\">94<\/td>\n<\/tr>\n<tr class=\"ks-table-row\">\n<td class=\"ks-table-cell ks-table-header-cell\">M<\/td>\n<td class=\"ks-table-cell\" data-unit-values=\"{&quot;0&quot;:&quot;3ft0.2&quot;&quot;,&quot;1&quot;:&quot;92&quot;}\" data-unit-type=\"single\">92<\/td>\n<td class=\"ks-table-cell\" data-unit-values=\"{&quot;0&quot;:&quot;2ft4.3&quot;&quot;,&quot;1&quot;:&quot;72&quot;}\" data-unit-type=\"single\">72<\/td>\n<td class=\"ks-table-cell\" data-unit-values=\"{&quot;0&quot;:&quot;3ft2.6&quot;&quot;,&quot;1&quot;:&quot;98&quot;}\" data-unit-type=\"single\">98<\/td>\n<\/tr>\n<tr class=\"ks-table-row\">\n<td class=\"ks-table-cell ks-table-header-cell\">L<\/td>\n<td class=\"ks-table-cell\" data-unit-values=\"{&quot;0&quot;:&quot;3ft1.8&quot;&quot;,&quot;1&quot;:&quot;96&quot;}\" data-unit-type=\"single\">96<\/td>\n<td class=\"ks-table-cell\" data-unit-values=\"{&quot;0&quot;:&quot;2ft5.9&quot;&quot;,&quot;1&quot;:&quot;76&quot;}\" data-unit-type=\"single\">76<\/td>\n<td class=\"ks-table-cell\" data-unit-values=\"{&quot;0&quot;:&quot;3ft4.2&quot;&quot;,&quot;1&quot;:&quot;102&quot;}\" data-unit-type=\"single\">102<\/td>\n<\/tr>\n<\/tbody>\n<\/table>\n<\/div>\n<p data-empty=\"true\">\n<p><\/p>","protected":false},"excerpt":{"rendered":"<p>Wykonana z bawe\u0142nianej popeliny sukienka Philipa to obszerna sukienka o d\u0142ugo\u015bci midi, z wysokim dekoltem i plecionymi detalami na klatce piersiowej oraz charakterystycznymi falbankami na ramionach. Warstwowa sukienka jest wyko\u0144czona d\u0142ugimi do \u0142okci bufiastymi r\u0119kawami z elastycznymi mankietami, aby zwi\u0119kszy\u0107 obj\u0119to\u015b\u0107. Warstwowa sp\u00f3dnica Pr\u0105\u017ckowany Okr\u0105g\u0142y ko\u0142nierz D\u0142ugo\u015b\u0107 midi &nbsp; Devita ma 180 cm wzrostu (5&#8217;9) [&hellip;]<\/p>\n","protected":false},"featured_media":1382,"comment_status":"open","ping_status":"closed","template":"","meta":[],"product_cat":[34,18],"product_tag":[],"_links":{"self":[{"href":"https:\/\/femalestore.pl\/magalipascal\/wp-json\/wp\/v2\/product\/1376"}],"collection":[{"href":"https:\/\/femalestore.pl\/magalipascal\/wp-json\/wp\/v2\/product"}],"about":[{"href":"https:\/\/femalestore.pl\/magalipascal\/wp-json\/wp\/v2\/types\/product"}],"replies":[{"embeddable":true,"href":"https:\/\/femalestore.pl\/magalipascal\/wp-json\/wp\/v2\/comments?post=1376"}],"wp:featuredmedia":[{"embeddable":true,"href":"https:\/\/femalestore.pl\/magalipascal\/wp-json\/wp\/v2\/media\/1382"}],"wp:attachment":[{"href":"https:\/\/femalestore.pl\/magalipascal\/wp-json\/wp\/v2\/media?parent=1376"}],"wp:term":[{"taxonomy":"product_cat","embeddable":true,"href":"https:\/\/femalestore.pl\/magalipascal\/wp-json\/wp\/v2\/product_cat?post=1376"},{"taxonomy":"product_tag","embeddable":true,"href":"https:\/\/femalestore.pl\/magalipascal\/wp-json\/wp\/v2\/product_tag?post=1376"}],"curies":[{"name":"wp","href":"https:\/\/api.w.org\/{rel}","templated":true}]}}