{"id":1514,"date":"2022-03-25T10:56:21","date_gmt":"2022-03-25T09:56:21","guid":{"rendered":"https:\/\/femalestore.pl\/magalipascal\/?post_type=product&#038;p=1514"},"modified":"2026-02-26T20:32:04","modified_gmt":"2026-02-26T19:32:04","slug":"isla-top-2","status":"publish","type":"product","link":"https:\/\/femalestore.pl\/magalipascal\/sklep\/isla-top-2\/","title":{"rendered":"Isla Top"},"content":{"rendered":"<p><\/p>\n<div class=\"page\" title=\"Page 2\">\n<div class=\"section\">\n<div class=\"layoutArea\">\n<div class=\"column\">Marszczony top Isla wykonany z lekkiej mieszanki bawe\u0142ny z jedwabiem. Lekko przyci\u0119ta g\u00f3ra jest rozpinana z ty\u0142u z regulowanymi skrzy\u017cowanymi rami\u0105czkami.<\/div>\n<div class=\"column\">Odkryte plecy<br \/>\nSkrzy\u017cowane rami\u0105czka<\/div>\n<\/div>\n<\/div>\n<\/div>\n<p>&nbsp;<\/p>\n<p>Sk\u0142ad i piel\u0119gnacja:<\/p>\n<div class=\"page\" title=\"Page 2\">\n<div class=\"section\">\n<div class=\"layoutArea\">\n<div class=\"column\">\n<p>68% Bawe\u0142na 32% Jedwab<\/p>\n<\/div>\n<\/div>\n<\/div>\n<\/div>\n<p>Pra\u0107 r\u0119cznie w zimnej wodzie, nie wybiela\u0107, prasowa\u0107 na najni\u017cszej temperaturze na odwrocie, najlepiej par\u0105. Nie czy\u015bci\u0107 chemicznie, nie suszy\u0107 w suszarce b\u0119bnowej.<\/p>\n<p>&nbsp;<\/p>\n<p>Pami\u0119taj, aby unika\u0107 ocierania si\u0119 o szorstkie powierzchnie i zachowa\u0107 ostro\u017cno\u015b\u0107 podczas noszenia bi\u017cuterii, aby unikn\u0105\u0107 szarpania lub rozdzierania si\u0119 tkaniny.<\/p>\n<p>&nbsp;<\/p>\n<p>&nbsp;<\/p>\n<p>Please use our Size Guide to find your best fit.<\/p>\n<div class=\"rte__table-wrapper\">\n<table class=\"ks-table\" style=\"height: 199px;\" width=\"506\">\n<tbody>\n<tr class=\"ks-table-row\">\n<td class=\"ks-table-cell ks-table-header-cell\">SIZE<\/td>\n<td class=\"ks-table-cell ks-table-header-cell\">BUST<\/td>\n<td class=\"ks-table-cell ks-table-header-cell\">WAIST<\/td>\n<td class=\"ks-table-cell ks-table-header-cell\">HIP<\/td>\n<\/tr>\n<tr class=\"ks-table-row\">\n<td class=\"ks-table-cell ks-table-header-cell\">XS<\/td>\n<td class=\"ks-table-cell\" data-unit-values=\"{&quot;0&quot;:&quot;2ft9.1&quot;&quot;,&quot;1&quot;:&quot;84&quot;}\" data-unit-type=\"single\">84<\/td>\n<td class=\"ks-table-cell\" data-unit-values=\"{&quot;0&quot;:&quot;2ft1.2&quot;&quot;,&quot;1&quot;:&quot;64&quot;}\" data-unit-type=\"single\">64<\/td>\n<td class=\"ks-table-cell\" data-unit-values=\"{&quot;0&quot;:&quot;2ft11.4&quot;&quot;,&quot;1&quot;:&quot;90&quot;}\" data-unit-type=\"single\">90<\/td>\n<\/tr>\n<tr class=\"ks-table-row\">\n<td class=\"ks-table-cell ks-table-header-cell\">S<\/td>\n<td class=\"ks-table-cell\" data-unit-values=\"{&quot;0&quot;:&quot;2ft10.6&quot;&quot;,&quot;1&quot;:&quot;88&quot;}\" data-unit-type=\"single\">88<\/td>\n<td class=\"ks-table-cell\" data-unit-values=\"{&quot;0&quot;:&quot;2ft2.8&quot;&quot;,&quot;1&quot;:&quot;68&quot;}\" data-unit-type=\"single\">68<\/td>\n<td class=\"ks-table-cell\" data-unit-values=\"{&quot;0&quot;:&quot;3ft1&quot;&quot;,&quot;1&quot;:&quot;94&quot;}\" data-unit-type=\"single\">94<\/td>\n<\/tr>\n<tr class=\"ks-table-row\">\n<td class=\"ks-table-cell ks-table-header-cell\">M<\/td>\n<td class=\"ks-table-cell\" data-unit-values=\"{&quot;0&quot;:&quot;3ft0.2&quot;&quot;,&quot;1&quot;:&quot;92&quot;}\" data-unit-type=\"single\">92<\/td>\n<td class=\"ks-table-cell\" data-unit-values=\"{&quot;0&quot;:&quot;2ft4.3&quot;&quot;,&quot;1&quot;:&quot;72&quot;}\" data-unit-type=\"single\">72<\/td>\n<td class=\"ks-table-cell\" data-unit-values=\"{&quot;0&quot;:&quot;3ft2.6&quot;&quot;,&quot;1&quot;:&quot;98&quot;}\" data-unit-type=\"single\">98<\/td>\n<\/tr>\n<tr class=\"ks-table-row\">\n<td class=\"ks-table-cell ks-table-header-cell\">L<\/td>\n<td class=\"ks-table-cell\" data-unit-values=\"{&quot;0&quot;:&quot;3ft1.8&quot;&quot;,&quot;1&quot;:&quot;96&quot;}\" data-unit-type=\"single\">96<\/td>\n<td class=\"ks-table-cell\" data-unit-values=\"{&quot;0&quot;:&quot;2ft5.9&quot;&quot;,&quot;1&quot;:&quot;76&quot;}\" data-unit-type=\"single\">76<\/td>\n<td class=\"ks-table-cell\" data-unit-values=\"{&quot;0&quot;:&quot;3ft4.2&quot;&quot;,&quot;1&quot;:&quot;102&quot;}\" data-unit-type=\"single\">102<\/td>\n<\/tr>\n<\/tbody>\n<\/table>\n<\/div>\n<p data-empty=\"true\">\n<p><\/p>","protected":false},"excerpt":{"rendered":"<p>Marszczony top Isla wykonany z lekkiej mieszanki bawe\u0142ny z jedwabiem. Lekko przyci\u0119ta g\u00f3ra jest rozpinana z ty\u0142u z regulowanymi skrzy\u017cowanymi rami\u0105czkami. Odkryte plecy Skrzy\u017cowane rami\u0105czka &nbsp; Sk\u0142ad i piel\u0119gnacja: 68% Bawe\u0142na 32% Jedwab Pra\u0107 r\u0119cznie w zimnej wodzie, nie wybiela\u0107, prasowa\u0107 na najni\u017cszej temperaturze na odwrocie, najlepiej par\u0105. Nie czy\u015bci\u0107 chemicznie, nie suszy\u0107 w suszarce [&hellip;]<\/p>\n","protected":false},"featured_media":1513,"comment_status":"open","ping_status":"closed","template":"","meta":[],"product_cat":[34,18],"product_tag":[],"_links":{"self":[{"href":"https:\/\/femalestore.pl\/magalipascal\/wp-json\/wp\/v2\/product\/1514"}],"collection":[{"href":"https:\/\/femalestore.pl\/magalipascal\/wp-json\/wp\/v2\/product"}],"about":[{"href":"https:\/\/femalestore.pl\/magalipascal\/wp-json\/wp\/v2\/types\/product"}],"replies":[{"embeddable":true,"href":"https:\/\/femalestore.pl\/magalipascal\/wp-json\/wp\/v2\/comments?post=1514"}],"wp:featuredmedia":[{"embeddable":true,"href":"https:\/\/femalestore.pl\/magalipascal\/wp-json\/wp\/v2\/media\/1513"}],"wp:attachment":[{"href":"https:\/\/femalestore.pl\/magalipascal\/wp-json\/wp\/v2\/media?parent=1514"}],"wp:term":[{"taxonomy":"product_cat","embeddable":true,"href":"https:\/\/femalestore.pl\/magalipascal\/wp-json\/wp\/v2\/product_cat?post=1514"},{"taxonomy":"product_tag","embeddable":true,"href":"https:\/\/femalestore.pl\/magalipascal\/wp-json\/wp\/v2\/product_tag?post=1514"}],"curies":[{"name":"wp","href":"https:\/\/api.w.org\/{rel}","templated":true}]}}