{"id":1672,"date":"2022-07-07T17:13:16","date_gmt":"2022-07-07T15:13:16","guid":{"rendered":"https:\/\/femalestore.pl\/magalipascal\/?post_type=product&#038;p=1672"},"modified":"2026-04-01T12:15:45","modified_gmt":"2026-04-01T10:15:45","slug":"camelia-t-shirt-2","status":"publish","type":"product","link":"https:\/\/femalestore.pl\/magalipascal\/sklep\/camelia-t-shirt-2\/","title":{"rendered":"Camelia T-Shirt"},"content":{"rendered":"<p>T-shirt Camelia, wykonany z organicznego d\u017cerseju to zabawna, ale wygodna koszulka. Ma kr\u00f3tkie, lej\u0105ce si\u0119 r\u0119kawy z plisowaniem i tr\u00f3jk\u0105tne przeszycia na piersi.<\/p>\n<p>R\u0119kawy z falbanami<\/p>\n<p>Okr\u0105g\u0142y dekolt<\/p>\n<p>Szczeg\u00f3\u0142 tr\u00f3jk\u0105ta<\/p>\n<p>&nbsp;<\/p>\n<p>Sk\u0142ad i piel\u0119gnacja:<\/p>\n<p>100% Bawe\u0142na organiczna<\/p>\n<p>Pra\u0107 w zimnej wodzie, delikatne pranie, nie wybiela\u0107, prasowa\u0107 na ciep\u0142o, nie suszy\u0107 w suszarce b\u0119bnowej.<\/p>\n<p>Nale\u017cy unika\u0107 tarcia o chropowate powierzchnie i zachowa\u0107 ostro\u017cno\u015b\u0107 podczas noszenia bi\u017cuterii, aby unikn\u0105\u0107 zaci\u0105gni\u0119cia lub rozdarcia tkaniny.<\/p>\n<p>Skorzystaj z naszego przewodnika, aby znale\u017a\u0107 najlepszy rozmiar.<\/p>\n<div class=\"rte__table-wrapper\">\n<table style=\"height: 296px;\" width=\"820\">\n<tbody>\n<tr>\n<td><\/td>\n<td>Biust<br \/>\n(cm)<\/td>\n<td>Talia<br \/>\n(cm)<\/td>\n<td>Biodra<br \/>\n(cm)<\/td>\n<td>Biust<br \/>\n(in)<\/td>\n<td>Talia<br \/>\n(in)<\/td>\n<td>Biodra<br \/>\n(in)<\/td>\n<\/tr>\n<tr>\n<td><\/td>\n<td><\/td>\n<td><\/td>\n<td><\/td>\n<td><\/td>\n<td><\/td>\n<td><\/td>\n<\/tr>\n<tr>\n<td>XS<\/td>\n<td>84<\/td>\n<td>64<\/td>\n<td>90<\/td>\n<td>33<\/td>\n<td>25<\/td>\n<td>35.5<\/td>\n<\/tr>\n<tr>\n<td><\/td>\n<td><\/td>\n<td><\/td>\n<td><\/td>\n<td><\/td>\n<td><\/td>\n<td><\/td>\n<\/tr>\n<tr>\n<td>S<\/td>\n<td>88<\/td>\n<td>68<\/td>\n<td>94<\/td>\n<td>34.5<\/td>\n<td>26.5<\/td>\n<td>37<\/td>\n<\/tr>\n<tr>\n<td><\/td>\n<td><\/td>\n<td><\/td>\n<td><\/td>\n<td><\/td>\n<td><\/td>\n<td><\/td>\n<\/tr>\n<tr>\n<td>M<\/td>\n<td>92<\/td>\n<td>72<\/td>\n<td>98<\/td>\n<td>36<\/td>\n<td>28.5<\/td>\n<td>38.5<\/td>\n<\/tr>\n<tr>\n<td><\/td>\n<td><\/td>\n<td><\/td>\n<td><\/td>\n<td><\/td>\n<td><\/td>\n<td><\/td>\n<\/tr>\n<tr>\n<td>L<\/td>\n<td>96<\/td>\n<td>76<\/td>\n<td>102<\/td>\n<td>38<\/td>\n<td>30<\/td>\n<td>40<\/td>\n<\/tr>\n<\/tbody>\n<\/table>\n<\/div>\n<p data-empty=\"true\">\n<p><\/p>","protected":false},"excerpt":{"rendered":"<p>T-shirt Camelia, wykonany z organicznego d\u017cerseju to zabawna, ale wygodna koszulka. Ma kr\u00f3tkie, lej\u0105ce si\u0119 r\u0119kawy z plisowaniem i tr\u00f3jk\u0105tne przeszycia na piersi. R\u0119kawy z falbanami Okr\u0105g\u0142y dekolt Szczeg\u00f3\u0142 tr\u00f3jk\u0105ta &nbsp; Sk\u0142ad i piel\u0119gnacja: 100% Bawe\u0142na organiczna Pra\u0107 w zimnej wodzie, delikatne pranie, nie wybiela\u0107, prasowa\u0107 na ciep\u0142o, nie suszy\u0107 w suszarce b\u0119bnowej. Nale\u017cy unika\u0107 [&hellip;]<\/p>\n","protected":false},"featured_media":1634,"comment_status":"open","ping_status":"closed","template":"","meta":[],"product_cat":[35,18],"product_tag":[],"_links":{"self":[{"href":"https:\/\/femalestore.pl\/magalipascal\/wp-json\/wp\/v2\/product\/1672"}],"collection":[{"href":"https:\/\/femalestore.pl\/magalipascal\/wp-json\/wp\/v2\/product"}],"about":[{"href":"https:\/\/femalestore.pl\/magalipascal\/wp-json\/wp\/v2\/types\/product"}],"replies":[{"embeddable":true,"href":"https:\/\/femalestore.pl\/magalipascal\/wp-json\/wp\/v2\/comments?post=1672"}],"wp:featuredmedia":[{"embeddable":true,"href":"https:\/\/femalestore.pl\/magalipascal\/wp-json\/wp\/v2\/media\/1634"}],"wp:attachment":[{"href":"https:\/\/femalestore.pl\/magalipascal\/wp-json\/wp\/v2\/media?parent=1672"}],"wp:term":[{"taxonomy":"product_cat","embeddable":true,"href":"https:\/\/femalestore.pl\/magalipascal\/wp-json\/wp\/v2\/product_cat?post=1672"},{"taxonomy":"product_tag","embeddable":true,"href":"https:\/\/femalestore.pl\/magalipascal\/wp-json\/wp\/v2\/product_tag?post=1672"}],"curies":[{"name":"wp","href":"https:\/\/api.w.org\/{rel}","templated":true}]}}