{"id":175,"date":"2019-09-08T14:07:44","date_gmt":"2019-09-08T12:07:44","guid":{"rendered":"https:\/\/femalestore.pl\/magalipascal\/sklep\/explorer-shirt-dress-2\/"},"modified":"2023-08-16T12:50:42","modified_gmt":"2023-08-16T10:50:42","slug":"explorer-shirt-dress-2","status":"publish","type":"product","link":"https:\/\/femalestore.pl\/magalipascal\/sklep\/explorer-shirt-dress-2\/","title":{"rendered":"Explorer Shirt Dress"},"content":{"rendered":"<p>Koszulowa, oversize&#8217;owa sukienka<\/p>\n<p>Sk\u0142ad\u00a0i piel\u0119gnacja:<\/p>\n<p>Wiskoza, jedwab<\/p>\n<p>Zalecane pranie chemiczne. Nie suszy\u0107 mechanicznie. Niska temperatura prasowania.<br \/>\nNale\u017cy unika\u0107 tarcia o chropowate powierzchnie i zachowa\u0107 ostro\u017cno\u015b\u0107 podczas noszenia bi\u017cuterii, aby unikn\u0105\u0107 zaci\u0105gni\u0119cia lub rozdarcia tkaniny.<\/p>","protected":false},"excerpt":{"rendered":"<p>Koszulowa, oversize&#8217;owa sukienka Sk\u0142ad\u00a0i piel\u0119gnacja: Wiskoza, jedwab Zalecane pranie chemiczne. Nie suszy\u0107 mechanicznie. Niska temperatura prasowania. Nale\u017cy unika\u0107 tarcia o chropowate powierzchnie i zachowa\u0107 ostro\u017cno\u015b\u0107 podczas noszenia bi\u017cuterii, aby unikn\u0105\u0107 zaci\u0105gni\u0119cia lub rozdarcia tkaniny.<\/p>\n","protected":false},"featured_media":145,"comment_status":"open","ping_status":"closed","template":"","meta":[],"product_cat":[18,25],"product_tag":[],"_links":{"self":[{"href":"https:\/\/femalestore.pl\/magalipascal\/wp-json\/wp\/v2\/product\/175"}],"collection":[{"href":"https:\/\/femalestore.pl\/magalipascal\/wp-json\/wp\/v2\/product"}],"about":[{"href":"https:\/\/femalestore.pl\/magalipascal\/wp-json\/wp\/v2\/types\/product"}],"replies":[{"embeddable":true,"href":"https:\/\/femalestore.pl\/magalipascal\/wp-json\/wp\/v2\/comments?post=175"}],"wp:featuredmedia":[{"embeddable":true,"href":"https:\/\/femalestore.pl\/magalipascal\/wp-json\/wp\/v2\/media\/145"}],"wp:attachment":[{"href":"https:\/\/femalestore.pl\/magalipascal\/wp-json\/wp\/v2\/media?parent=175"}],"wp:term":[{"taxonomy":"product_cat","embeddable":true,"href":"https:\/\/femalestore.pl\/magalipascal\/wp-json\/wp\/v2\/product_cat?post=175"},{"taxonomy":"product_tag","embeddable":true,"href":"https:\/\/femalestore.pl\/magalipascal\/wp-json\/wp\/v2\/product_tag?post=175"}],"curies":[{"name":"wp","href":"https:\/\/api.w.org\/{rel}","templated":true}]}}