{"id":1773,"date":"2022-08-31T14:26:45","date_gmt":"2022-08-31T12:26:45","guid":{"rendered":"https:\/\/femalestore.pl\/magalipascal\/?post_type=product&#038;p=1773"},"modified":"2026-02-26T20:18:11","modified_gmt":"2026-02-26T19:18:11","slug":"dina-jacket","status":"publish","type":"product","link":"https:\/\/femalestore.pl\/magalipascal\/sklep\/dina-jacket\/","title":{"rendered":"Dina Jacket"},"content":{"rendered":"<p>Odkrywaj\u0105c now\u0105 sylwetk\u0119 w tym sezonie, Dina to kurtka wykonana z luksusowej dwuwarstwowej krepy bawe\u0142nianej. Kurtka ma wyraziste elementy w formie przednich kieszeni, zatrzask\u00f3w. Podkre\u015bla ramiona. Wype\u0142nienie przypominaj\u0105ce ko\u0142dr\u0119 jest wykonane w 100% z plastikowych butelek pochodz\u0105cych z recyklingu. Stylizuj t\u0119 kurtk\u0119 z pasuj\u0105cymi spodniami Dina.<\/p>\n<p>&nbsp;<\/p>\n<p>Sk\u0142ad i piel\u0119gnacja:<\/p>\n<p>Bawe\u0142na<\/p>\n<p>&nbsp;<\/p>\n<p>Delikatne pranie w pralce w zimnej wodzie. Nie wybiela\u0107, Prasowa\u0107 na zimno na odwrocie, Nie czy\u015bci\u0107 chemicznie, Nie suszy\u0107 w suszarce b\u0119bnowej.<\/p>\n<p>&nbsp;<\/p>\n<p>Nale\u017cy unika\u0107 tarcia o chropowate powierzchnie i zachowa\u0107 ostro\u017cno\u015b\u0107 podczas noszenia bi\u017cuterii, aby unikn\u0105\u0107 zaci\u0105gni\u0119cia lub rozdarcia tkaniny.<\/p>\n<p>Skorzystaj z naszego przewodnika, aby znale\u017a\u0107 najlepszy rozmiar.<\/p>\n<div class=\"rte__table-wrapper\">\n<table style=\"height: 296px;\" width=\"820\">\n<tbody>\n<tr>\n<td><\/td>\n<td>Biust<br \/>\n(cm)<\/td>\n<td>Talia<br \/>\n(cm)<\/td>\n<td>Biodra<br \/>\n(cm)<\/td>\n<td>Biust<br \/>\n(in)<\/td>\n<td>Talia<br \/>\n(in)<\/td>\n<td>Biodra<br \/>\n(in)<\/td>\n<\/tr>\n<tr>\n<td><\/td>\n<td><\/td>\n<td><\/td>\n<td><\/td>\n<td><\/td>\n<td><\/td>\n<td><\/td>\n<\/tr>\n<tr>\n<td>XS<\/td>\n<td>84<\/td>\n<td>64<\/td>\n<td>90<\/td>\n<td>33<\/td>\n<td>25<\/td>\n<td>35.5<\/td>\n<\/tr>\n<tr>\n<td><\/td>\n<td><\/td>\n<td><\/td>\n<td><\/td>\n<td><\/td>\n<td><\/td>\n<td><\/td>\n<\/tr>\n<tr>\n<td>S<\/td>\n<td>88<\/td>\n<td>68<\/td>\n<td>94<\/td>\n<td>34.5<\/td>\n<td>26.5<\/td>\n<td>37<\/td>\n<\/tr>\n<tr>\n<td><\/td>\n<td><\/td>\n<td><\/td>\n<td><\/td>\n<td><\/td>\n<td><\/td>\n<td><\/td>\n<\/tr>\n<tr>\n<td>M<\/td>\n<td>92<\/td>\n<td>72<\/td>\n<td>98<\/td>\n<td>36<\/td>\n<td>28.5<\/td>\n<td>38.5<\/td>\n<\/tr>\n<tr>\n<td><\/td>\n<td><\/td>\n<td><\/td>\n<td><\/td>\n<td><\/td>\n<td><\/td>\n<td><\/td>\n<\/tr>\n<tr>\n<td>L<\/td>\n<td>96<\/td>\n<td>76<\/td>\n<td>102<\/td>\n<td>38<\/td>\n<td>30<\/td>\n<td>40<\/td>\n<\/tr>\n<\/tbody>\n<\/table>\n<\/div>\n<p data-empty=\"true\">\n<p><\/p>","protected":false},"excerpt":{"rendered":"<p>Odkrywaj\u0105c now\u0105 sylwetk\u0119 w tym sezonie, Dina to kurtka wykonana z luksusowej dwuwarstwowej krepy bawe\u0142nianej. Kurtka ma wyraziste elementy w formie przednich kieszeni, zatrzask\u00f3w. Podkre\u015bla ramiona. Wype\u0142nienie przypominaj\u0105ce ko\u0142dr\u0119 jest wykonane w 100% z plastikowych butelek pochodz\u0105cych z recyklingu. Stylizuj t\u0119 kurtk\u0119 z pasuj\u0105cymi spodniami Dina. &nbsp; Sk\u0142ad i piel\u0119gnacja: Bawe\u0142na &nbsp; Delikatne pranie w [&hellip;]<\/p>\n","protected":false},"featured_media":1753,"comment_status":"open","ping_status":"closed","template":"","meta":[],"product_cat":[36,18],"product_tag":[],"_links":{"self":[{"href":"https:\/\/femalestore.pl\/magalipascal\/wp-json\/wp\/v2\/product\/1773"}],"collection":[{"href":"https:\/\/femalestore.pl\/magalipascal\/wp-json\/wp\/v2\/product"}],"about":[{"href":"https:\/\/femalestore.pl\/magalipascal\/wp-json\/wp\/v2\/types\/product"}],"replies":[{"embeddable":true,"href":"https:\/\/femalestore.pl\/magalipascal\/wp-json\/wp\/v2\/comments?post=1773"}],"wp:featuredmedia":[{"embeddable":true,"href":"https:\/\/femalestore.pl\/magalipascal\/wp-json\/wp\/v2\/media\/1753"}],"wp:attachment":[{"href":"https:\/\/femalestore.pl\/magalipascal\/wp-json\/wp\/v2\/media?parent=1773"}],"wp:term":[{"taxonomy":"product_cat","embeddable":true,"href":"https:\/\/femalestore.pl\/magalipascal\/wp-json\/wp\/v2\/product_cat?post=1773"},{"taxonomy":"product_tag","embeddable":true,"href":"https:\/\/femalestore.pl\/magalipascal\/wp-json\/wp\/v2\/product_tag?post=1773"}],"curies":[{"name":"wp","href":"https:\/\/api.w.org\/{rel}","templated":true}]}}