{"id":183,"date":"2019-09-08T14:44:12","date_gmt":"2019-09-08T12:44:12","guid":{"rendered":"https:\/\/femalestore.pl\/magalipascal\/sklep\/lenie-dress-2\/"},"modified":"2023-12-28T11:06:35","modified_gmt":"2023-12-28T10:06:35","slug":"lenie-dress-2","status":"publish","type":"product","link":"https:\/\/femalestore.pl\/magalipascal\/sklep\/lenie-dress-2\/","title":{"rendered":"Lenie Dress"},"content":{"rendered":"<p>Sukienka z haftowanymi detalami<br \/>\nKoronkowe wstawki w szpic<br \/>\nMankiet zapinany na dwa guziki<\/p>\n<p>Sk\u0142ad\u00a0i piel\u0119gnacja:<\/p>\n<p>Wiskoza<\/p>\n<p>Zalecane pranie chemiczne. Nie suszy\u0107 mechanicznie. Niska temperatura prasowania.<br \/>\nNale\u017cy unika\u0107 tarcia o chropowate powierzchnie i zachowa\u0107 ostro\u017cno\u015b\u0107 podczas noszenia bi\u017cuterii, aby unikn\u0105\u0107 zaci\u0105gni\u0119cia lub rozdarcia tkaniny.<\/p>","protected":false},"excerpt":{"rendered":"<p>Sukienka z haftowanymi detalami Koronkowe wstawki w szpic Mankiet zapinany na dwa guziki Sk\u0142ad\u00a0i piel\u0119gnacja: Wiskoza Zalecane pranie chemiczne. Nie suszy\u0107 mechanicznie. Niska temperatura prasowania. Nale\u017cy unika\u0107 tarcia o chropowate powierzchnie i zachowa\u0107 ostro\u017cno\u015b\u0107 podczas noszenia bi\u017cuterii, aby unikn\u0105\u0107 zaci\u0105gni\u0119cia lub rozdarcia tkaniny.<\/p>\n","protected":false},"featured_media":154,"comment_status":"open","ping_status":"closed","template":"","meta":[],"product_cat":[18,25],"product_tag":[],"_links":{"self":[{"href":"https:\/\/femalestore.pl\/magalipascal\/wp-json\/wp\/v2\/product\/183"}],"collection":[{"href":"https:\/\/femalestore.pl\/magalipascal\/wp-json\/wp\/v2\/product"}],"about":[{"href":"https:\/\/femalestore.pl\/magalipascal\/wp-json\/wp\/v2\/types\/product"}],"replies":[{"embeddable":true,"href":"https:\/\/femalestore.pl\/magalipascal\/wp-json\/wp\/v2\/comments?post=183"}],"wp:featuredmedia":[{"embeddable":true,"href":"https:\/\/femalestore.pl\/magalipascal\/wp-json\/wp\/v2\/media\/154"}],"wp:attachment":[{"href":"https:\/\/femalestore.pl\/magalipascal\/wp-json\/wp\/v2\/media?parent=183"}],"wp:term":[{"taxonomy":"product_cat","embeddable":true,"href":"https:\/\/femalestore.pl\/magalipascal\/wp-json\/wp\/v2\/product_cat?post=183"},{"taxonomy":"product_tag","embeddable":true,"href":"https:\/\/femalestore.pl\/magalipascal\/wp-json\/wp\/v2\/product_tag?post=183"}],"curies":[{"name":"wp","href":"https:\/\/api.w.org\/{rel}","templated":true}]}}