{"id":1917,"date":"2022-11-17T15:44:38","date_gmt":"2022-11-17T14:44:38","guid":{"rendered":"https:\/\/femalestore.pl\/magalipascal\/?post_type=product&#038;p=1917"},"modified":"2026-02-26T20:07:33","modified_gmt":"2026-02-26T19:07:33","slug":"emma-sweatshirt","status":"publish","type":"product","link":"https:\/\/femalestore.pl\/magalipascal\/sklep\/emma-sweatshirt\/","title":{"rendered":"Emma Sweatshirt"},"content":{"rendered":"<p>Bluza Emma to zupe\u0142nie nowa sylwetka dla marki. Wykonana z mi\u0119kkiej bawe\u0142ny. Dost\u0119pna w dw\u00f3ch kolorach. Emma mo\u017ce by\u0107 noszona jako zestaw ze spodniami lub osobno.<\/p>\n<p>&nbsp;<\/p>\n<p>Sk\u0142ad i piel\u0119gnacja:<\/p>\n<p>Bawe\u0142na 100%<\/p>\n<p>Delikatne pranie w zimnej wodzie, nie wybiela\u0107, nie suszy\u0107 w suszarce b\u0119bnowej.<\/p>\n<p>&nbsp;<\/p>\n<p>Nale\u017cy unika\u0107 tarcia o chropowate powierzchnie i zachowa\u0107 ostro\u017cno\u015b\u0107 podczas noszenia bi\u017cuterii, aby unikn\u0105\u0107 zaci\u0105gni\u0119cia lub rozdarcia tkaniny.<\/p>\n<p>Skorzystaj z naszego przewodnika, aby znale\u017a\u0107 najlepszy rozmiar.<\/p>\n<div class=\"rte__table-wrapper\">\n<table style=\"height: 296px;\" width=\"820\">\n<tbody>\n<tr>\n<td><\/td>\n<td>Biust<br \/>\n(cm)<\/td>\n<td>Talia<br \/>\n(cm)<\/td>\n<td>Biodra<br \/>\n(cm)<\/td>\n<td>Biust<br \/>\n(in)<\/td>\n<td>Talia<br \/>\n(in)<\/td>\n<td>Biodra<br \/>\n(in)<\/td>\n<\/tr>\n<tr>\n<td><\/td>\n<td><\/td>\n<td><\/td>\n<td><\/td>\n<td><\/td>\n<td><\/td>\n<td><\/td>\n<\/tr>\n<tr>\n<td>XS<\/td>\n<td>84<\/td>\n<td>64<\/td>\n<td>90<\/td>\n<td>33<\/td>\n<td>25<\/td>\n<td>35.5<\/td>\n<\/tr>\n<tr>\n<td><\/td>\n<td><\/td>\n<td><\/td>\n<td><\/td>\n<td><\/td>\n<td><\/td>\n<td><\/td>\n<\/tr>\n<tr>\n<td>S<\/td>\n<td>88<\/td>\n<td>68<\/td>\n<td>94<\/td>\n<td>34.5<\/td>\n<td>26.5<\/td>\n<td>37<\/td>\n<\/tr>\n<tr>\n<td><\/td>\n<td><\/td>\n<td><\/td>\n<td><\/td>\n<td><\/td>\n<td><\/td>\n<td><\/td>\n<\/tr>\n<tr>\n<td>M<\/td>\n<td>92<\/td>\n<td>72<\/td>\n<td>98<\/td>\n<td>36<\/td>\n<td>28.5<\/td>\n<td>38.5<\/td>\n<\/tr>\n<tr>\n<td><\/td>\n<td><\/td>\n<td><\/td>\n<td><\/td>\n<td><\/td>\n<td><\/td>\n<td><\/td>\n<\/tr>\n<tr>\n<td>L<\/td>\n<td>96<\/td>\n<td>76<\/td>\n<td>102<\/td>\n<td>38<\/td>\n<td>30<\/td>\n<td>40<\/td>\n<\/tr>\n<\/tbody>\n<\/table>\n<\/div>\n<p data-empty=\"true\">\n<p><\/p>","protected":false},"excerpt":{"rendered":"<p>Bluza Emma to zupe\u0142nie nowa sylwetka dla marki. Wykonana z mi\u0119kkiej bawe\u0142ny. Dost\u0119pna w dw\u00f3ch kolorach. Emma mo\u017ce by\u0107 noszona jako zestaw ze spodniami lub osobno. &nbsp; Sk\u0142ad i piel\u0119gnacja: Bawe\u0142na 100% Delikatne pranie w zimnej wodzie, nie wybiela\u0107, nie suszy\u0107 w suszarce b\u0119bnowej. &nbsp; Nale\u017cy unika\u0107 tarcia o chropowate powierzchnie i zachowa\u0107 ostro\u017cno\u015b\u0107 podczas [&hellip;]<\/p>\n","protected":false},"featured_media":1852,"comment_status":"open","ping_status":"closed","template":"","meta":[],"product_cat":[37,18],"product_tag":[],"_links":{"self":[{"href":"https:\/\/femalestore.pl\/magalipascal\/wp-json\/wp\/v2\/product\/1917"}],"collection":[{"href":"https:\/\/femalestore.pl\/magalipascal\/wp-json\/wp\/v2\/product"}],"about":[{"href":"https:\/\/femalestore.pl\/magalipascal\/wp-json\/wp\/v2\/types\/product"}],"replies":[{"embeddable":true,"href":"https:\/\/femalestore.pl\/magalipascal\/wp-json\/wp\/v2\/comments?post=1917"}],"wp:featuredmedia":[{"embeddable":true,"href":"https:\/\/femalestore.pl\/magalipascal\/wp-json\/wp\/v2\/media\/1852"}],"wp:attachment":[{"href":"https:\/\/femalestore.pl\/magalipascal\/wp-json\/wp\/v2\/media?parent=1917"}],"wp:term":[{"taxonomy":"product_cat","embeddable":true,"href":"https:\/\/femalestore.pl\/magalipascal\/wp-json\/wp\/v2\/product_cat?post=1917"},{"taxonomy":"product_tag","embeddable":true,"href":"https:\/\/femalestore.pl\/magalipascal\/wp-json\/wp\/v2\/product_tag?post=1917"}],"curies":[{"name":"wp","href":"https:\/\/api.w.org\/{rel}","templated":true}]}}