{"id":2044,"date":"2023-03-03T14:29:13","date_gmt":"2023-03-03T13:29:13","guid":{"rendered":"https:\/\/femalestore.pl\/magalipascal\/?post_type=product&#038;p=2044"},"modified":"2026-02-26T19:00:12","modified_gmt":"2026-02-26T18:00:12","slug":"florentine-shorts-2","status":"publish","type":"product","link":"https:\/\/femalestore.pl\/magalipascal\/sklep\/florentine-shorts-2\/","title":{"rendered":"Florentine Shorts"},"content":{"rendered":"<p>Szorty Florentine maj\u0105 kr\u00f3j bermudzki i s\u0105 zaprojektowane tak, aby si\u0119ga\u0142y powy\u017cej kolana i by\u0142y lu\u017ane. No\u015b spodnie z wysokim stanem lub si\u0119gaj\u0105ce do bioder, w zale\u017cno\u015bci od po\u017c\u0105danego wygl\u0105du. Stylizuj szorty z pasuj\u0105c\u0105 marynark\u0105 Florentine, aby uzyska\u0107 pe\u0142ny wygl\u0105d.<\/p>\n<p>&nbsp;<\/p>\n<p>Sk\u0142ad i piel\u0119gnacja:<\/p>\n<p>Len<\/p>\n<p>Pranie wy\u0142\u0105cznie chemicznie, nie wybiela\u0107, prasowa\u0107 na odwrocie, nie suszy\u0107 w suszarce.<\/p>\n<p>&nbsp;<\/p>\n<p>Nale\u017cy unika\u0107 tarcia o chropowate powierzchnie i zachowa\u0107 ostro\u017cno\u015b\u0107 podczas noszenia bi\u017cuterii, aby unikn\u0105\u0107 zaci\u0105gni\u0119cia lub rozdarcia tkaniny.<\/p>\n<p>Skorzystaj z naszego przewodnika, aby znale\u017a\u0107 najlepszy rozmiar.<\/p>\n<div class=\"rte__table-wrapper\">\n<table style=\"height: 296px;\" width=\"820\">\n<tbody>\n<tr>\n<td><\/td>\n<td>Biust<br \/>\n(cm)<\/td>\n<td>Talia<br \/>\n(cm)<\/td>\n<td>Biodra<br \/>\n(cm)<\/td>\n<td>Biust<br \/>\n(in)<\/td>\n<td>Talia<br \/>\n(in)<\/td>\n<td>Biodra<br \/>\n(in)<\/td>\n<\/tr>\n<tr>\n<td><\/td>\n<td><\/td>\n<td><\/td>\n<td><\/td>\n<td><\/td>\n<td><\/td>\n<td><\/td>\n<\/tr>\n<tr>\n<td>XS<\/td>\n<td>84<\/td>\n<td>64<\/td>\n<td>90<\/td>\n<td>33<\/td>\n<td>25<\/td>\n<td>35.5<\/td>\n<\/tr>\n<tr>\n<td><\/td>\n<td><\/td>\n<td><\/td>\n<td><\/td>\n<td><\/td>\n<td><\/td>\n<td><\/td>\n<\/tr>\n<tr>\n<td>S<\/td>\n<td>88<\/td>\n<td>68<\/td>\n<td>94<\/td>\n<td>34.5<\/td>\n<td>26.5<\/td>\n<td>37<\/td>\n<\/tr>\n<tr>\n<td><\/td>\n<td><\/td>\n<td><\/td>\n<td><\/td>\n<td><\/td>\n<td><\/td>\n<td><\/td>\n<\/tr>\n<tr>\n<td>M<\/td>\n<td>92<\/td>\n<td>72<\/td>\n<td>98<\/td>\n<td>36<\/td>\n<td>28.5<\/td>\n<td>38.5<\/td>\n<\/tr>\n<tr>\n<td><\/td>\n<td><\/td>\n<td><\/td>\n<td><\/td>\n<td><\/td>\n<td><\/td>\n<td><\/td>\n<\/tr>\n<tr>\n<td>L<\/td>\n<td>96<\/td>\n<td>76<\/td>\n<td>102<\/td>\n<td>38<\/td>\n<td>30<\/td>\n<td>40<\/td>\n<\/tr>\n<\/tbody>\n<\/table>\n<\/div>\n<p data-empty=\"true\">\n<p><\/p>","protected":false},"excerpt":{"rendered":"<p>Szorty Florentine maj\u0105 kr\u00f3j bermudzki i s\u0105 zaprojektowane tak, aby si\u0119ga\u0142y powy\u017cej kolana i by\u0142y lu\u017ane. No\u015b spodnie z wysokim stanem lub si\u0119gaj\u0105ce do bioder, w zale\u017cno\u015bci od po\u017c\u0105danego wygl\u0105du. Stylizuj szorty z pasuj\u0105c\u0105 marynark\u0105 Florentine, aby uzyska\u0107 pe\u0142ny wygl\u0105d. &nbsp; Sk\u0142ad i piel\u0119gnacja: Len Pranie wy\u0142\u0105cznie chemicznie, nie wybiela\u0107, prasowa\u0107 na odwrocie, nie suszy\u0107 [&hellip;]<\/p>\n","protected":false},"featured_media":2079,"comment_status":"open","ping_status":"closed","template":"","meta":[],"product_cat":[34,35,33,37,38,36,39,31,30,29,28,26,18,24,23,25,22],"product_tag":[],"_links":{"self":[{"href":"https:\/\/femalestore.pl\/magalipascal\/wp-json\/wp\/v2\/product\/2044"}],"collection":[{"href":"https:\/\/femalestore.pl\/magalipascal\/wp-json\/wp\/v2\/product"}],"about":[{"href":"https:\/\/femalestore.pl\/magalipascal\/wp-json\/wp\/v2\/types\/product"}],"replies":[{"embeddable":true,"href":"https:\/\/femalestore.pl\/magalipascal\/wp-json\/wp\/v2\/comments?post=2044"}],"wp:featuredmedia":[{"embeddable":true,"href":"https:\/\/femalestore.pl\/magalipascal\/wp-json\/wp\/v2\/media\/2079"}],"wp:attachment":[{"href":"https:\/\/femalestore.pl\/magalipascal\/wp-json\/wp\/v2\/media?parent=2044"}],"wp:term":[{"taxonomy":"product_cat","embeddable":true,"href":"https:\/\/femalestore.pl\/magalipascal\/wp-json\/wp\/v2\/product_cat?post=2044"},{"taxonomy":"product_tag","embeddable":true,"href":"https:\/\/femalestore.pl\/magalipascal\/wp-json\/wp\/v2\/product_tag?post=2044"}],"curies":[{"name":"wp","href":"https:\/\/api.w.org\/{rel}","templated":true}]}}