{"id":247,"date":"2020-02-03T20:25:22","date_gmt":"2020-02-03T19:25:22","guid":{"rendered":"https:\/\/femalestore.pl\/magalipascal\/sklep\/camille-maxi-dress\/"},"modified":"2024-03-21T08:46:06","modified_gmt":"2024-03-21T07:46:06","slug":"camille-maxi-dress","status":"publish","type":"product","link":"https:\/\/femalestore.pl\/magalipascal\/sklep\/camille-maxi-dress\/","title":{"rendered":"Camille Maxi Dress"},"content":{"rendered":"<p>Sukienka midi z d\u0142ugim r\u0119kawem oraz\u00a0g\u0142\u0119bokim dekoltem w szpic.<\/p>\n<p>Sukienka ma ods\u0142oni\u0119te plecy i koronkowe wstawki na ca\u0142ej d\u0142ugo\u015bci; jest dopasowana w taliii.<\/p>\n<p>G\u0142\u0119boki dekolt w szpic,<br \/>\nEleganckie i obszerne r\u0119kawy z zapi\u0119ciem na guziki,<br \/>\nKoronkowe wstawki na ca\u0142ej powierzchni,<br \/>\nDekolt na plecach,<br \/>\nKoronkowe wyko\u0144czenie.<\/p>\n<p>Dost\u0119pna r\u00f3wnie\u017c w kolorze pudrowym.<\/p>\n<p>&nbsp;<\/p>\n<p>Sk\u0142ad\u00a0i piel\u0119gnacja:<\/p>\n<p>Wiskoza<\/p>\n<p>Zalecane pranie chemiczne. Nie suszy\u0107 mechanicznie. Niska temperatura prasowania.<br \/>\nNale\u017cy unika\u0107 tarcia o chropowate powierzchnie i zachowa\u0107 ostro\u017cno\u015b\u0107 podczas noszenia bi\u017cuterii, aby unikn\u0105\u0107 zaci\u0105gni\u0119cia lub rozdarcia tkaniny.<\/p>","protected":false},"excerpt":{"rendered":"<p>Sukienka midi z d\u0142ugim r\u0119kawem oraz\u00a0g\u0142\u0119bokim dekoltem w szpic. Sukienka ma ods\u0142oni\u0119te plecy i koronkowe wstawki na ca\u0142ej d\u0142ugo\u015bci; jest dopasowana w taliii. G\u0142\u0119boki dekolt w szpic, Eleganckie i obszerne r\u0119kawy z zapi\u0119ciem na guziki, Koronkowe wstawki na ca\u0142ej powierzchni, Dekolt na plecach, Koronkowe wyko\u0144czenie. Dost\u0119pna r\u00f3wnie\u017c w kolorze pudrowym. &nbsp; Sk\u0142ad\u00a0i piel\u0119gnacja: Wiskoza Zalecane [&hellip;]<\/p>\n","protected":false},"featured_media":217,"comment_status":"open","ping_status":"closed","template":"","meta":[],"product_cat":[18,23],"product_tag":[],"_links":{"self":[{"href":"https:\/\/femalestore.pl\/magalipascal\/wp-json\/wp\/v2\/product\/247"}],"collection":[{"href":"https:\/\/femalestore.pl\/magalipascal\/wp-json\/wp\/v2\/product"}],"about":[{"href":"https:\/\/femalestore.pl\/magalipascal\/wp-json\/wp\/v2\/types\/product"}],"replies":[{"embeddable":true,"href":"https:\/\/femalestore.pl\/magalipascal\/wp-json\/wp\/v2\/comments?post=247"}],"wp:featuredmedia":[{"embeddable":true,"href":"https:\/\/femalestore.pl\/magalipascal\/wp-json\/wp\/v2\/media\/217"}],"wp:attachment":[{"href":"https:\/\/femalestore.pl\/magalipascal\/wp-json\/wp\/v2\/media?parent=247"}],"wp:term":[{"taxonomy":"product_cat","embeddable":true,"href":"https:\/\/femalestore.pl\/magalipascal\/wp-json\/wp\/v2\/product_cat?post=247"},{"taxonomy":"product_tag","embeddable":true,"href":"https:\/\/femalestore.pl\/magalipascal\/wp-json\/wp\/v2\/product_tag?post=247"}],"curies":[{"name":"wp","href":"https:\/\/api.w.org\/{rel}","templated":true}]}}