{"id":523,"date":"2020-09-17T14:11:49","date_gmt":"2020-09-17T12:11:49","guid":{"rendered":"https:\/\/femalestore.pl\/magalipascal\/?post_type=product&#038;p=523"},"modified":"2026-02-26T21:10:46","modified_gmt":"2026-02-26T20:10:46","slug":"vivienne-long-dress","status":"publish","type":"product","link":"https:\/\/femalestore.pl\/magalipascal\/sklep\/vivienne-long-dress\/","title":{"rendered":"Vivienne Long Dress"},"content":{"rendered":"<p>Sukienka midi \u00a0z \u00a0dekoltem V oraz wyci\u0119ciem na plecach.<\/p>\n<p>Zdobienie wok\u00f3\u0142 talii.<\/p>\n<p>&nbsp;<\/p>\n<p>Sk\u0142ad\u00a0i piel\u0119gnacja:<\/p>\n<p>Bawe\u0142na<\/p>\n<p>Zalecane pranie chemiczne. Nie suszy\u0107 mechanicznie. Niska temperatura prasowania.<br \/>\nNale\u017cy unika\u0107 tarcia o chropowate powierzchnie i zachowa\u0107 ostro\u017cno\u015b\u0107 podczas noszenia bi\u017cuterii, aby unikn\u0105\u0107 zaci\u0105gni\u0119cia lub rozdarcia tkaniny.<\/p>\n<p>Skorzystaj z naszego przewodnika, aby znale\u017a\u0107 najlepszy rozmiar.<\/p>\n<div class=\"rte__table-wrapper\">\n<table style=\"height: 296px;\" width=\"820\">\n<tbody>\n<tr>\n<td><\/td>\n<td>Biust<br \/>\n(cm)<\/td>\n<td>Talia<br \/>\n(cm)<\/td>\n<td>Biodra<br \/>\n(cm)<\/td>\n<td>Biust<br \/>\n(in)<\/td>\n<td>Talia<br \/>\n(in)<\/td>\n<td>Biodra<br \/>\n(in)<\/td>\n<\/tr>\n<tr>\n<td><\/td>\n<td><\/td>\n<td><\/td>\n<td><\/td>\n<td><\/td>\n<td><\/td>\n<td><\/td>\n<\/tr>\n<tr>\n<td>XS<\/td>\n<td>84<\/td>\n<td>64<\/td>\n<td>90<\/td>\n<td>33<\/td>\n<td>25<\/td>\n<td>35.5<\/td>\n<\/tr>\n<tr>\n<td><\/td>\n<td><\/td>\n<td><\/td>\n<td><\/td>\n<td><\/td>\n<td><\/td>\n<td><\/td>\n<\/tr>\n<tr>\n<td>S<\/td>\n<td>88<\/td>\n<td>68<\/td>\n<td>94<\/td>\n<td>34.5<\/td>\n<td>26.5<\/td>\n<td>37<\/td>\n<\/tr>\n<tr>\n<td><\/td>\n<td><\/td>\n<td><\/td>\n<td><\/td>\n<td><\/td>\n<td><\/td>\n<td><\/td>\n<\/tr>\n<tr>\n<td>M<\/td>\n<td>92<\/td>\n<td>72<\/td>\n<td>98<\/td>\n<td>36<\/td>\n<td>28.5<\/td>\n<td>38.5<\/td>\n<\/tr>\n<tr>\n<td><\/td>\n<td><\/td>\n<td><\/td>\n<td><\/td>\n<td><\/td>\n<td><\/td>\n<td><\/td>\n<\/tr>\n<tr>\n<td>L<\/td>\n<td>96<\/td>\n<td>76<\/td>\n<td>102<\/td>\n<td>38<\/td>\n<td>30<\/td>\n<td>40<\/td>\n<\/tr>\n<\/tbody>\n<\/table>\n<\/div>\n<p data-empty=\"true\">\n<p><\/p>","protected":false},"excerpt":{"rendered":"<p>Sukienka midi \u00a0z \u00a0dekoltem V oraz wyci\u0119ciem na plecach. Zdobienie wok\u00f3\u0142 talii. &nbsp; Sk\u0142ad\u00a0i piel\u0119gnacja: Bawe\u0142na Zalecane pranie chemiczne. Nie suszy\u0107 mechanicznie. Niska temperatura prasowania. Nale\u017cy unika\u0107 tarcia o chropowate powierzchnie i zachowa\u0107 ostro\u017cno\u015b\u0107 podczas noszenia bi\u017cuterii, aby unikn\u0105\u0107 zaci\u0105gni\u0119cia lub rozdarcia tkaniny. Skorzystaj z naszego przewodnika, aby znale\u017a\u0107 najlepszy rozmiar. Biust (cm) Talia (cm) [&hellip;]<\/p>\n","protected":false},"featured_media":527,"comment_status":"open","ping_status":"closed","template":"","meta":[],"product_cat":[26,18],"product_tag":[],"_links":{"self":[{"href":"https:\/\/femalestore.pl\/magalipascal\/wp-json\/wp\/v2\/product\/523"}],"collection":[{"href":"https:\/\/femalestore.pl\/magalipascal\/wp-json\/wp\/v2\/product"}],"about":[{"href":"https:\/\/femalestore.pl\/magalipascal\/wp-json\/wp\/v2\/types\/product"}],"replies":[{"embeddable":true,"href":"https:\/\/femalestore.pl\/magalipascal\/wp-json\/wp\/v2\/comments?post=523"}],"wp:featuredmedia":[{"embeddable":true,"href":"https:\/\/femalestore.pl\/magalipascal\/wp-json\/wp\/v2\/media\/527"}],"wp:attachment":[{"href":"https:\/\/femalestore.pl\/magalipascal\/wp-json\/wp\/v2\/media?parent=523"}],"wp:term":[{"taxonomy":"product_cat","embeddable":true,"href":"https:\/\/femalestore.pl\/magalipascal\/wp-json\/wp\/v2\/product_cat?post=523"},{"taxonomy":"product_tag","embeddable":true,"href":"https:\/\/femalestore.pl\/magalipascal\/wp-json\/wp\/v2\/product_tag?post=523"}],"curies":[{"name":"wp","href":"https:\/\/api.w.org\/{rel}","templated":true}]}}