{"id":823,"date":"2021-03-17T17:16:12","date_gmt":"2021-03-17T16:16:12","guid":{"rendered":"https:\/\/femalestore.pl\/magalipascal\/?post_type=product&#038;p=823"},"modified":"2026-02-26T20:59:39","modified_gmt":"2026-02-26T19:59:39","slug":"jasper-jacket","status":"publish","type":"product","link":"https:\/\/femalestore.pl\/magalipascal\/sklep\/jasper-jacket\/","title":{"rendered":"Jasper Jacket"},"content":{"rendered":"<p><\/p>\n<div class=\"J0lOec\">\n<p>Jasper to kr\u00f3tsza kurtka z balonowymi r\u0119kawami i metalowymi guzikami zdobi\u0105cymi prz\u00f3d. Posiada zapi\u0119cia na kieszeniach na klatce piersiowej. Kurtka ma obni\u017cone ramiona i klasyczny d\u017cinsowy ko\u0142nierz.<\/p>\n<p>Balonowe r\u0119kawy<br \/>\nMetalowe guziki<br \/>\nObni\u017cone ramiona<br \/>\nKr\u00f3tsza d\u0142ugo\u015b\u0107<br \/>\nSwobodny kr\u00f3j<\/p>\n<\/div>\n<div><\/div>\n<div>Modelka ma 180 cm i ma na sobie rozmiar S<\/div>\n<div><\/div>\n<p>Sk\u0142ad\u00a0i piel\u0119gnacja:<\/p>\n<p>D\u017cins<\/p>\n<p>Zalecane pranie chemiczne. Nie suszy\u0107 mechanicznie. Niska temperatura prasowania.<br \/>\nNale\u017cy unika\u0107 tarcia o chropowate powierzchnie i zachowa\u0107 ostro\u017cno\u015b\u0107 podczas noszenia bi\u017cuterii, aby unikn\u0105\u0107 zaci\u0105gni\u0119cia lub rozdarcia tkaniny.<\/p>\n<p>Skorzystaj z naszego przewodnika, aby znale\u017a\u0107 najlepszy rozmiar.<\/p>\n<div class=\"rte__table-wrapper\">\n<table style=\"height: 296px;\" width=\"820\">\n<tbody>\n<tr>\n<td><\/td>\n<td>Biust<br \/>\n(cm)<\/td>\n<td>Talia<br \/>\n(cm)<\/td>\n<td>Biodra<br \/>\n(cm)<\/td>\n<td>Biust<br \/>\n(in)<\/td>\n<td>Talia<br \/>\n(in)<\/td>\n<td>Biodra<br \/>\n(in)<\/td>\n<\/tr>\n<tr>\n<td><\/td>\n<td><\/td>\n<td><\/td>\n<td><\/td>\n<td><\/td>\n<td><\/td>\n<td><\/td>\n<\/tr>\n<tr>\n<td>XS<\/td>\n<td>84<\/td>\n<td>64<\/td>\n<td>90<\/td>\n<td>33<\/td>\n<td>25<\/td>\n<td>35.5<\/td>\n<\/tr>\n<tr>\n<td><\/td>\n<td><\/td>\n<td><\/td>\n<td><\/td>\n<td><\/td>\n<td><\/td>\n<td><\/td>\n<\/tr>\n<tr>\n<td>S<\/td>\n<td>88<\/td>\n<td>68<\/td>\n<td>94<\/td>\n<td>34.5<\/td>\n<td>26.5<\/td>\n<td>37<\/td>\n<\/tr>\n<tr>\n<td><\/td>\n<td><\/td>\n<td><\/td>\n<td><\/td>\n<td><\/td>\n<td><\/td>\n<td><\/td>\n<\/tr>\n<tr>\n<td>M<\/td>\n<td>92<\/td>\n<td>72<\/td>\n<td>98<\/td>\n<td>36<\/td>\n<td>28.5<\/td>\n<td>38.5<\/td>\n<\/tr>\n<tr>\n<td><\/td>\n<td><\/td>\n<td><\/td>\n<td><\/td>\n<td><\/td>\n<td><\/td>\n<td><\/td>\n<\/tr>\n<tr>\n<td>L<\/td>\n<td>96<\/td>\n<td>76<\/td>\n<td>102<\/td>\n<td>38<\/td>\n<td>30<\/td>\n<td>40<\/td>\n<\/tr>\n<\/tbody>\n<\/table>\n<\/div>\n<p data-empty=\"true\">\n<p><\/p>","protected":false},"excerpt":{"rendered":"<p>Jasper to kr\u00f3tsza kurtka z balonowymi r\u0119kawami i metalowymi guzikami zdobi\u0105cymi prz\u00f3d. Posiada zapi\u0119cia na kieszeniach na klatce piersiowej. Kurtka ma obni\u017cone ramiona i klasyczny d\u017cinsowy ko\u0142nierz. Balonowe r\u0119kawy Metalowe guziki Obni\u017cone ramiona Kr\u00f3tsza d\u0142ugo\u015b\u0107 Swobodny kr\u00f3j Modelka ma 180 cm i ma na sobie rozmiar S Sk\u0142ad\u00a0i piel\u0119gnacja: D\u017cins Zalecane pranie chemiczne. Nie suszy\u0107 [&hellip;]<\/p>\n","protected":false},"featured_media":810,"comment_status":"open","ping_status":"closed","template":"","meta":[],"product_cat":[29,18],"product_tag":[],"_links":{"self":[{"href":"https:\/\/femalestore.pl\/magalipascal\/wp-json\/wp\/v2\/product\/823"}],"collection":[{"href":"https:\/\/femalestore.pl\/magalipascal\/wp-json\/wp\/v2\/product"}],"about":[{"href":"https:\/\/femalestore.pl\/magalipascal\/wp-json\/wp\/v2\/types\/product"}],"replies":[{"embeddable":true,"href":"https:\/\/femalestore.pl\/magalipascal\/wp-json\/wp\/v2\/comments?post=823"}],"wp:featuredmedia":[{"embeddable":true,"href":"https:\/\/femalestore.pl\/magalipascal\/wp-json\/wp\/v2\/media\/810"}],"wp:attachment":[{"href":"https:\/\/femalestore.pl\/magalipascal\/wp-json\/wp\/v2\/media?parent=823"}],"wp:term":[{"taxonomy":"product_cat","embeddable":true,"href":"https:\/\/femalestore.pl\/magalipascal\/wp-json\/wp\/v2\/product_cat?post=823"},{"taxonomy":"product_tag","embeddable":true,"href":"https:\/\/femalestore.pl\/magalipascal\/wp-json\/wp\/v2\/product_tag?post=823"}],"curies":[{"name":"wp","href":"https:\/\/api.w.org\/{rel}","templated":true}]}}