{"id":86,"date":"2019-07-19T11:43:53","date_gmt":"2019-07-19T09:43:53","guid":{"rendered":"https:\/\/femalestore.pl\/magalipascal\/?post_type=product&#038;p=86"},"modified":"2023-07-25T22:04:55","modified_gmt":"2023-07-25T20:04:55","slug":"hutton-shorts-2","status":"publish","type":"product","link":"https:\/\/femalestore.pl\/magalipascal\/sklep\/hutton-shorts-2\/","title":{"rendered":"Hutton Shorts"},"content":{"rendered":"<p>Szorty o wygodnym kroju z wysokim stanem.<\/p>\n<p>Dost\u0119pne r\u00f3wnie\u017c w kolorze piaskowym.<\/p>\n<p>Sk\u0142ad\u00a0i piel\u0119gnacja:<\/p>\n<p>100% Len<\/p>\n<p>Zalecane pranie chemiczne. Nie suszy\u0107 mechanicznie. Niska temperatura prasowania.<br \/>\nNale\u017cy unika\u0107 tarcia o chropowate powierzchnie i zachowa\u0107 ostro\u017cno\u015b\u0107 podczas noszenia bi\u017cuterii, aby unikn\u0105\u0107 zaci\u0105gni\u0119cia lub rozdarcia tkaniny.<\/p>","protected":false},"excerpt":{"rendered":"<p>Szorty o wygodnym kroju z wysokim stanem. Dost\u0119pne r\u00f3wnie\u017c w kolorze piaskowym. Sk\u0142ad\u00a0i piel\u0119gnacja: 100% Len Zalecane pranie chemiczne. Nie suszy\u0107 mechanicznie. Niska temperatura prasowania. Nale\u017cy unika\u0107 tarcia o chropowate powierzchnie i zachowa\u0107 ostro\u017cno\u015b\u0107 podczas noszenia bi\u017cuterii, aby unikn\u0105\u0107 zaci\u0105gni\u0119cia lub rozdarcia tkaniny.<\/p>\n","protected":false},"featured_media":38,"comment_status":"open","ping_status":"closed","template":"","meta":[],"product_cat":[18,22],"product_tag":[],"_links":{"self":[{"href":"https:\/\/femalestore.pl\/magalipascal\/wp-json\/wp\/v2\/product\/86"}],"collection":[{"href":"https:\/\/femalestore.pl\/magalipascal\/wp-json\/wp\/v2\/product"}],"about":[{"href":"https:\/\/femalestore.pl\/magalipascal\/wp-json\/wp\/v2\/types\/product"}],"replies":[{"embeddable":true,"href":"https:\/\/femalestore.pl\/magalipascal\/wp-json\/wp\/v2\/comments?post=86"}],"wp:featuredmedia":[{"embeddable":true,"href":"https:\/\/femalestore.pl\/magalipascal\/wp-json\/wp\/v2\/media\/38"}],"wp:attachment":[{"href":"https:\/\/femalestore.pl\/magalipascal\/wp-json\/wp\/v2\/media?parent=86"}],"wp:term":[{"taxonomy":"product_cat","embeddable":true,"href":"https:\/\/femalestore.pl\/magalipascal\/wp-json\/wp\/v2\/product_cat?post=86"},{"taxonomy":"product_tag","embeddable":true,"href":"https:\/\/femalestore.pl\/magalipascal\/wp-json\/wp\/v2\/product_tag?post=86"}],"curies":[{"name":"wp","href":"https:\/\/api.w.org\/{rel}","templated":true}]}}