{"id":927,"date":"2021-05-26T15:28:47","date_gmt":"2021-05-26T13:28:47","guid":{"rendered":"https:\/\/femalestore.pl\/magalipascal\/?post_type=product&#038;p=927"},"modified":"2026-02-26T21:04:52","modified_gmt":"2026-02-26T20:04:52","slug":"botanic-mini-dress","status":"publish","type":"product","link":"https:\/\/femalestore.pl\/magalipascal\/sklep\/botanic-mini-dress\/","title":{"rendered":"Botanic Mini Dress"},"content":{"rendered":"<p><\/p>\n<div class=\"J0lOec\">\n<p>Mini sukienka Botanic jest kontynuacj\u0105 arcydzie\u0142a kolekcji SS21 Magali Pascal. Sukienka jest uszyta z lekkiej, teksturowanej mieszanki bawe\u0142ny i jedwabiu. Posiada falbanki na sp\u00f3dnicy, dekolt z g\u0142\u0119bokim wyci\u0119ciem i odkrytymi plecami, elastyczn\u0105 tali\u0119 i regulowane rami\u0105czka.<\/p>\n<p>Sukienka o d\u0142ugo\u015bci mini<br \/>\nRegulowane rami\u0105czka<br \/>\nG\u0142\u0119boki dekolt z przodu i z ty\u0142u<\/p>\n<\/div>\n<div><\/div>\n<div>Modelka ma 180 cm i ma na sobie rozmiar S<\/div>\n<div><\/div>\n<p>Sk\u0142ad\u00a0i piel\u0119gnacja:<\/p>\n<p>Bawe\u0142na, Jedwab<\/p>\n<p>Zalecane pranie chemiczne. Nie suszy\u0107 mechanicznie. Niska temperatura prasowania.<br \/>\nNale\u017cy unika\u0107 tarcia o chropowate powierzchnie i zachowa\u0107 ostro\u017cno\u015b\u0107 podczas noszenia bi\u017cuterii, aby unikn\u0105\u0107 zaci\u0105gni\u0119cia lub rozdarcia tkaniny.<\/p>\n<p>Skorzystaj z naszego przewodnika, aby znale\u017a\u0107 najlepszy rozmiar.<\/p>\n<div class=\"rte__table-wrapper\">\n<table style=\"height: 296px;\" width=\"820\">\n<tbody>\n<tr>\n<td><\/td>\n<td>Biust<br \/>\n(cm)<\/td>\n<td>Talia<br \/>\n(cm)<\/td>\n<td>Biodra<br \/>\n(cm)<\/td>\n<td>Biust<br \/>\n(in)<\/td>\n<td>Talia<br \/>\n(in)<\/td>\n<td>Biodra<br \/>\n(in)<\/td>\n<\/tr>\n<tr>\n<td><\/td>\n<td><\/td>\n<td><\/td>\n<td><\/td>\n<td><\/td>\n<td><\/td>\n<td><\/td>\n<\/tr>\n<tr>\n<td>XS<\/td>\n<td>84<\/td>\n<td>64<\/td>\n<td>90<\/td>\n<td>33<\/td>\n<td>25<\/td>\n<td>35.5<\/td>\n<\/tr>\n<tr>\n<td><\/td>\n<td><\/td>\n<td><\/td>\n<td><\/td>\n<td><\/td>\n<td><\/td>\n<td><\/td>\n<\/tr>\n<tr>\n<td>S<\/td>\n<td>88<\/td>\n<td>68<\/td>\n<td>94<\/td>\n<td>34.5<\/td>\n<td>26.5<\/td>\n<td>37<\/td>\n<\/tr>\n<tr>\n<td><\/td>\n<td><\/td>\n<td><\/td>\n<td><\/td>\n<td><\/td>\n<td><\/td>\n<td><\/td>\n<\/tr>\n<tr>\n<td>M<\/td>\n<td>92<\/td>\n<td>72<\/td>\n<td>98<\/td>\n<td>36<\/td>\n<td>28.5<\/td>\n<td>38.5<\/td>\n<\/tr>\n<tr>\n<td><\/td>\n<td><\/td>\n<td><\/td>\n<td><\/td>\n<td><\/td>\n<td><\/td>\n<td><\/td>\n<\/tr>\n<tr>\n<td>L<\/td>\n<td>96<\/td>\n<td>76<\/td>\n<td>102<\/td>\n<td>38<\/td>\n<td>30<\/td>\n<td>40<\/td>\n<\/tr>\n<\/tbody>\n<\/table>\n<\/div>\n<p data-empty=\"true\">\n<p><\/p>","protected":false},"excerpt":{"rendered":"<p>Mini sukienka Botanic jest kontynuacj\u0105 arcydzie\u0142a kolekcji SS21 Magali Pascal. Sukienka jest uszyta z lekkiej, teksturowanej mieszanki bawe\u0142ny i jedwabiu. Posiada falbanki na sp\u00f3dnicy, dekolt z g\u0142\u0119bokim wyci\u0119ciem i odkrytymi plecami, elastyczn\u0105 tali\u0119 i regulowane rami\u0105czka. Sukienka o d\u0142ugo\u015bci mini Regulowane rami\u0105czka G\u0142\u0119boki dekolt z przodu i z ty\u0142u Modelka ma 180 cm i ma [&hellip;]<\/p>\n","protected":false},"featured_media":931,"comment_status":"open","ping_status":"closed","template":"","meta":[],"product_cat":[30,18],"product_tag":[],"_links":{"self":[{"href":"https:\/\/femalestore.pl\/magalipascal\/wp-json\/wp\/v2\/product\/927"}],"collection":[{"href":"https:\/\/femalestore.pl\/magalipascal\/wp-json\/wp\/v2\/product"}],"about":[{"href":"https:\/\/femalestore.pl\/magalipascal\/wp-json\/wp\/v2\/types\/product"}],"replies":[{"embeddable":true,"href":"https:\/\/femalestore.pl\/magalipascal\/wp-json\/wp\/v2\/comments?post=927"}],"wp:featuredmedia":[{"embeddable":true,"href":"https:\/\/femalestore.pl\/magalipascal\/wp-json\/wp\/v2\/media\/931"}],"wp:attachment":[{"href":"https:\/\/femalestore.pl\/magalipascal\/wp-json\/wp\/v2\/media?parent=927"}],"wp:term":[{"taxonomy":"product_cat","embeddable":true,"href":"https:\/\/femalestore.pl\/magalipascal\/wp-json\/wp\/v2\/product_cat?post=927"},{"taxonomy":"product_tag","embeddable":true,"href":"https:\/\/femalestore.pl\/magalipascal\/wp-json\/wp\/v2\/product_tag?post=927"}],"curies":[{"name":"wp","href":"https:\/\/api.w.org\/{rel}","templated":true}]}}